{"id":56511,"date":"2024-05-28T19:37:13","date_gmt":"2024-05-28T17:37:13","guid":{"rendered":"https:\/\/www.raschvin.com\/produkt\/ichiros-malt-chichibu-paris-edition-2023-495\/"},"modified":"2024-12-10T15:05:35","modified_gmt":"2024-12-10T14:05:35","slug":"ichiros-malt-chichibu-paris-edition-2023-495","status":"publish","type":"product","link":"https:\/\/www.raschvin.com\/sv\/produkt\/ichiros-malt-chichibu-paris-edition-2023-495\/","title":{"rendered":"Ichiro\u2019s Malt Chichibu Paris Edition 2023 70 cl. 49,5%"},"content":{"rendered":"<p>Chichibus Paris Edition \u00e4r tillbaka f\u00f6r sj\u00e4tte \u00e5ret i rad, varje flaska har en elegant hyllning till 1800-talets parisiska arkitektur, som hyllar stadens st\u00f6rsta shoppingdistrikt och gallerior.<br \/>\nChichibu Paris 2023 Edition \u00e4r en 9 fat blandning av ex-bourbon, kvartsfat Chibidaru och 5 till 7 \u00e5r gammal hogshead-mognad japansk singelmalt som kommer fr\u00e5n en m\u00e4ngd olika korn.<br \/>\nEndast 2 100 flaskor sl\u00e4ppta.<\/p>\n<p>     N\u00e4sa: Spannm\u00e5l, ungt och naturligt korn, med de klassiska mark\u00f6rerna av bourbon. Vanilj, chokladtr\u00e4, peppar.<\/p>\n<p>     Smak: Vanilj, peppar, mj\u00f6lkchoklad, torrt tr\u00e4, med s\u00f6tkorn, lite kli och quinoa.<\/p>\n<p>     Efterbehandling: L\u00e5ng finish p\u00e5 peppar, tr\u00e4iga kryddor och kola.<\/p>\n","protected":false},"excerpt":{"rendered":"<p>Single Malt Japanese Whisky<\/p>\n","protected":false},"featured_media":56588,"template":"","meta":{"_acf_changed":false,"rs_blank_template":"","rs_page_bg_color":"","slide_template_v7":""},"product_brand":[],"product_cat":[2387,2392,4651],"product_tag":[],"class_list":{"0":"post-56511","1":"product","2":"type-product","3":"status-publish","4":"has-post-thumbnail","6":"product_cat-avec-sv","7":"product_cat-whisky-sv","8":"product_cat-single-malt-sv","9":"pa_aargang-2023-sv","10":"pa_land-japan-sv","11":"pa_procent-49-5-sv","12":"pa_producent-chichibu-distillery-sv","13":"pa_region-honshu-sv","14":"pa_volume-70-sv-2","16":"first","17":"instock","18":"taxable","19":"shipping-taxable","20":"purchasable","21":"product-type-simple"},"bundled_by":[],"bundle_stock_status":"instock","bundle_stock_quantity":null,"bundle_virtual":false,"bundle_layout":"","bundle_add_to_cart_form_location":"","bundle_editable_in_cart":false,"bundle_sold_individually_context":"","bundle_item_grouping":"","bundle_min_size":"","bundle_max_size":"","bundle_price":[],"bundled_items":[],"bundle_sell_ids":[],"acf":[],"_links":{"self":[{"href":"https:\/\/www.raschvin.com\/sv\/wp-json\/wp\/v2\/product\/56511","targetHints":{"allow":["GET"]}}],"collection":[{"href":"https:\/\/www.raschvin.com\/sv\/wp-json\/wp\/v2\/product"}],"about":[{"href":"https:\/\/www.raschvin.com\/sv\/wp-json\/wp\/v2\/types\/product"}],"wp:featuredmedia":[{"embeddable":true,"href":"https:\/\/www.raschvin.com\/sv\/wp-json\/wp\/v2\/media\/56588"}],"wp:attachment":[{"href":"https:\/\/www.raschvin.com\/sv\/wp-json\/wp\/v2\/media?parent=56511"}],"wp:term":[{"taxonomy":"product_brand","embeddable":true,"href":"https:\/\/www.raschvin.com\/sv\/wp-json\/wp\/v2\/product_brand?post=56511"},{"taxonomy":"product_cat","embeddable":true,"href":"https:\/\/www.raschvin.com\/sv\/wp-json\/wp\/v2\/product_cat?post=56511"},{"taxonomy":"product_tag","embeddable":true,"href":"https:\/\/www.raschvin.com\/sv\/wp-json\/wp\/v2\/product_tag?post=56511"}],"curies":[{"name":"wp","href":"https:\/\/api.w.org\/{rel}","templated":true}]}}