{"id":56502,"date":"2024-05-28T19:13:58","date_gmt":"2024-05-28T17:13:58","guid":{"rendered":"https:\/\/www.raschvin.com\/produkt\/admiral-rodney-hms-formidable-70-cl-40\/"},"modified":"2024-05-28T19:13:58","modified_gmt":"2024-05-28T17:13:58","slug":"admiral-rodney-hms-formidable-70-cl-40","status":"publish","type":"product","link":"https:\/\/www.raschvin.com\/sv\/produkt\/admiral-rodney-hms-formidable-70-cl-40\/","title":{"rendered":"Admiral Rodney HMS Formidable 70 cl. 40%"},"content":{"rendered":"<p>HMS Formidable var amiral Rodneys eget skepp under Battle of the Saints \u2013 och rummet \u00e4r ocks\u00e5 ganska speciellt. St. Lucia Distillers f\u00f6rklarar att blandningen uteslutande best\u00e5r av rom, som &#8221;tas ut&#8221; i botten av destillationskolonnen, vilket ger en betydligt kraftfullare och mer komplex rom. I princip en rom med mer smak! De olika komponenterna i blandningen lagras mellan 9 och 12 \u00e5r p\u00e5 bourbonfat.<\/p>\n<p>F\u00e4rg: M\u00f6rk gyllene.<br \/>\nDoft: Noter av russin, vaniljst\u00e5ng och honung.<br \/>\nSmaknoter: Djupa, m\u00f6rka och komplexa och &#8211; trots den l\u00e5ga alkoholhalten &#8211; massor av smak.<\/p>\n<p>Serveringsf\u00f6rslag: B\u00f6r avnjutas snyggt.<\/p>\n","protected":false},"excerpt":{"rendered":"<p>Saint Lucia Rum<\/p>\n","protected":false},"featured_media":56558,"template":"","meta":{"_acf_changed":false,"rs_blank_template":"","rs_page_bg_color":"","slide_template_v7":""},"product_brand":[],"product_cat":[2387,4634,2391],"product_tag":[],"class_list":{"0":"post-56502","1":"product","2":"type-product","3":"status-publish","4":"has-post-thumbnail","6":"product_cat-avec-sv","7":"product_cat-premium-aged-sv","8":"product_cat-rom-sv","9":"pa_lagring-9-12-years-sv","10":"pa_land-saint-lucia-sv","11":"pa_procent-40-sv-2","12":"pa_producent-saint-lucia-destillers-sv","13":"pa_volume-70-sv-2","15":"first","16":"instock","17":"taxable","18":"shipping-taxable","19":"purchasable","20":"product-type-simple"},"bundled_by":[],"bundle_stock_status":"instock","bundle_stock_quantity":null,"bundle_virtual":false,"bundle_layout":"","bundle_add_to_cart_form_location":"","bundle_editable_in_cart":false,"bundle_sold_individually_context":"","bundle_item_grouping":"","bundle_min_size":"","bundle_max_size":"","bundle_price":[],"bundled_items":[],"bundle_sell_ids":[],"acf":[],"_links":{"self":[{"href":"https:\/\/www.raschvin.com\/sv\/wp-json\/wp\/v2\/product\/56502","targetHints":{"allow":["GET"]}}],"collection":[{"href":"https:\/\/www.raschvin.com\/sv\/wp-json\/wp\/v2\/product"}],"about":[{"href":"https:\/\/www.raschvin.com\/sv\/wp-json\/wp\/v2\/types\/product"}],"wp:featuredmedia":[{"embeddable":true,"href":"https:\/\/www.raschvin.com\/sv\/wp-json\/wp\/v2\/media\/56558"}],"wp:attachment":[{"href":"https:\/\/www.raschvin.com\/sv\/wp-json\/wp\/v2\/media?parent=56502"}],"wp:term":[{"taxonomy":"product_brand","embeddable":true,"href":"https:\/\/www.raschvin.com\/sv\/wp-json\/wp\/v2\/product_brand?post=56502"},{"taxonomy":"product_cat","embeddable":true,"href":"https:\/\/www.raschvin.com\/sv\/wp-json\/wp\/v2\/product_cat?post=56502"},{"taxonomy":"product_tag","embeddable":true,"href":"https:\/\/www.raschvin.com\/sv\/wp-json\/wp\/v2\/product_tag?post=56502"}],"curies":[{"name":"wp","href":"https:\/\/api.w.org\/{rel}","templated":true}]}}