{"id":56492,"date":"2024-05-28T18:54:21","date_gmt":"2024-05-28T16:54:21","guid":{"rendered":"https:\/\/www.raschvin.com\/produkt\/admiral-rodney-officers-release-no-2-2009-70-cl-45\/"},"modified":"2024-05-28T18:54:21","modified_gmt":"2024-05-28T16:54:21","slug":"admiral-rodney-officers-release-no-2-2009-70-cl-45","status":"publish","type":"product","link":"https:\/\/www.raschvin.com\/sv\/produkt\/admiral-rodney-officers-release-no-2-2009-70-cl-45\/","title":{"rendered":"Admiral Rodney Officer&#8217;s Release No.2 2009 70 cl. 45%"},"content":{"rendered":"<p>Amiral Rodney Officers release nr. 2 \u00e4r en limited edition rom fr\u00e5n St. Lucia Distillers. Rommen destillerades 2009 och lagrades f\u00f6rst p\u00e5 klassiska bourbonfat och sedan p\u00e5 fat som har inneh\u00e5llit irl\u00e4ndsk whisky. Den \u00e4r buteljerad med 45 % alkohol, vilket \u00e4r n\u00e5got h\u00f6gre \u00e4n de andra rommen i sortimentet och skulle s\u00e4kert gl\u00e4dja en officer i den brittiska flottan.<\/p>\n<p>F\u00e4rg: Gyllene.<br \/>\nN\u00e4sa: S\u00f6ta toner av katrinplommon och russin, f\u00f6ljt av kryddiga inslag av kryddnejlika och kryddpeppar.<br \/>\nSmaknoter: Rik rom d\u00e4r vi hittar toner av torkad banan, svartpeppar och russin.<\/p>\n<p>Serveringsf\u00f6rslag: B\u00f6r avnjutas snyggt.<\/p>\n","protected":false},"excerpt":{"rendered":"<p>Saint Lucia Rum<\/p>\n","protected":false},"featured_media":56561,"template":"","meta":{"_acf_changed":false,"rs_blank_template":"","rs_page_bg_color":"","slide_template_v7":""},"product_brand":[],"product_cat":[2387,2391,4634],"product_tag":[],"class_list":{"0":"post-56492","1":"product","2":"type-product","3":"status-publish","4":"has-post-thumbnail","6":"product_cat-avec-sv","7":"product_cat-rom-sv","8":"product_cat-premium-aged-sv","9":"pa_land-saint-lucia-sv","10":"pa_procent-45-sv","11":"pa_producent-saint-lucia-destillers-sv","12":"pa_traefad-irish-whiskey-cask-finish-sv","13":"pa_vintage-2009-sv","14":"pa_volume-70-sv-2","16":"first","17":"outofstock","18":"taxable","19":"shipping-taxable","20":"purchasable","21":"product-type-simple"},"bundled_by":[],"bundle_stock_status":"outofstock","bundle_stock_quantity":null,"bundle_virtual":false,"bundle_layout":"","bundle_add_to_cart_form_location":"","bundle_editable_in_cart":false,"bundle_sold_individually_context":"","bundle_item_grouping":"","bundle_min_size":"","bundle_max_size":"","bundle_price":[],"bundled_items":[],"bundle_sell_ids":[],"acf":[],"_links":{"self":[{"href":"https:\/\/www.raschvin.com\/sv\/wp-json\/wp\/v2\/product\/56492","targetHints":{"allow":["GET"]}}],"collection":[{"href":"https:\/\/www.raschvin.com\/sv\/wp-json\/wp\/v2\/product"}],"about":[{"href":"https:\/\/www.raschvin.com\/sv\/wp-json\/wp\/v2\/types\/product"}],"wp:featuredmedia":[{"embeddable":true,"href":"https:\/\/www.raschvin.com\/sv\/wp-json\/wp\/v2\/media\/56561"}],"wp:attachment":[{"href":"https:\/\/www.raschvin.com\/sv\/wp-json\/wp\/v2\/media?parent=56492"}],"wp:term":[{"taxonomy":"product_brand","embeddable":true,"href":"https:\/\/www.raschvin.com\/sv\/wp-json\/wp\/v2\/product_brand?post=56492"},{"taxonomy":"product_cat","embeddable":true,"href":"https:\/\/www.raschvin.com\/sv\/wp-json\/wp\/v2\/product_cat?post=56492"},{"taxonomy":"product_tag","embeddable":true,"href":"https:\/\/www.raschvin.com\/sv\/wp-json\/wp\/v2\/product_tag?post=56492"}],"curies":[{"name":"wp","href":"https:\/\/api.w.org\/{rel}","templated":true}]}}