{"id":56489,"date":"2024-05-28T18:46:34","date_gmt":"2024-05-28T16:46:34","guid":{"rendered":"https:\/\/www.raschvin.com\/produkt\/admiral-rodney-hms-princessa-70-cl-40\/"},"modified":"2024-05-28T18:46:34","modified_gmt":"2024-05-28T16:46:34","slug":"admiral-rodney-hms-princessa-70-cl-40","status":"publish","type":"product","link":"https:\/\/www.raschvin.com\/sv\/produkt\/admiral-rodney-hms-princessa-70-cl-40\/","title":{"rendered":"Admiral Rodney HMS Princessa 70 cl. 40%"},"content":{"rendered":"<p>Princesa var ett spanskt krigsfartyg \u2013 ett 70-kanoners fartyg av linjen \u2013 som brittiske amiralen Rodney tog \u00f6ver vid slaget vid Cape St. Vincent 1780. Fartyget d\u00f6ptes om till HMS Princessa och deltog under brittisk flagg i slaget om de heliga. Rommen, som \u00e4r uppkallad efter skeppet, \u00e4r en blandning av 5-9 \u00e5r gammal rom fr\u00e5n St. Lucia Distillers, lagrad p\u00e5 bourbonfat och portvinfat.<\/p>\n<p>F\u00e4rg: Ljus r\u00f6daktig gyllene.<br \/>\nDoft: Trevlig komplex doft: tobak, vanilj, farinsocker och rostad ek.<br \/>\nSmaknoter: Sm\u00f6rkola, ek och varma kryddor.<\/p>\n<p>Serveringsf\u00f6rslag: B\u00f6r avnjutas snyggt.<\/p>\n","protected":false},"excerpt":{"rendered":"<p>Saint Lucia Rum<\/p>\n","protected":false},"featured_media":56603,"template":"","meta":{"_acf_changed":false,"rs_blank_template":"","rs_page_bg_color":"","slide_template_v7":""},"product_brand":[],"product_cat":[2387,4634,2391],"product_tag":[],"class_list":{"0":"post-56489","1":"product","2":"type-product","3":"status-publish","4":"has-post-thumbnail","6":"product_cat-avec-sv","7":"product_cat-premium-aged-sv","8":"product_cat-rom-sv","9":"pa_lagring-5-7-years-sv","10":"pa_land-saint-lucia-sv","11":"pa_procent-40-sv-2","12":"pa_producent-saint-lucia-destillers-sv","13":"pa_volume-70-sv-2","15":"first","16":"instock","17":"taxable","18":"shipping-taxable","19":"purchasable","20":"product-type-simple"},"bundled_by":[],"bundle_stock_status":"instock","bundle_stock_quantity":null,"bundle_virtual":false,"bundle_layout":"","bundle_add_to_cart_form_location":"","bundle_editable_in_cart":false,"bundle_sold_individually_context":"","bundle_item_grouping":"","bundle_min_size":"","bundle_max_size":"","bundle_price":[],"bundled_items":[],"bundle_sell_ids":[],"acf":[],"_links":{"self":[{"href":"https:\/\/www.raschvin.com\/sv\/wp-json\/wp\/v2\/product\/56489","targetHints":{"allow":["GET"]}}],"collection":[{"href":"https:\/\/www.raschvin.com\/sv\/wp-json\/wp\/v2\/product"}],"about":[{"href":"https:\/\/www.raschvin.com\/sv\/wp-json\/wp\/v2\/types\/product"}],"wp:featuredmedia":[{"embeddable":true,"href":"https:\/\/www.raschvin.com\/sv\/wp-json\/wp\/v2\/media\/56603"}],"wp:attachment":[{"href":"https:\/\/www.raschvin.com\/sv\/wp-json\/wp\/v2\/media?parent=56489"}],"wp:term":[{"taxonomy":"product_brand","embeddable":true,"href":"https:\/\/www.raschvin.com\/sv\/wp-json\/wp\/v2\/product_brand?post=56489"},{"taxonomy":"product_cat","embeddable":true,"href":"https:\/\/www.raschvin.com\/sv\/wp-json\/wp\/v2\/product_cat?post=56489"},{"taxonomy":"product_tag","embeddable":true,"href":"https:\/\/www.raschvin.com\/sv\/wp-json\/wp\/v2\/product_tag?post=56489"}],"curies":[{"name":"wp","href":"https:\/\/api.w.org\/{rel}","templated":true}]}}