{"id":56222,"date":"2024-05-28T13:31:30","date_gmt":"2024-05-28T11:31:30","guid":{"rendered":"https:\/\/www.raschvin.com\/produkt\/juve-camps-cava-milesime-chardonnay-2018-75-cl\/"},"modified":"2025-12-16T15:14:42","modified_gmt":"2025-12-16T14:14:42","slug":"juve-camps-cava-milesime-chardonnay-2018-75-cl","status":"publish","type":"product","link":"https:\/\/www.raschvin.com\/sv\/produkt\/juve-camps-cava-milesime-chardonnay-2018-75-cl\/","title":{"rendered":"Juv\u00e9 &#038; Camps \u2013 Cava Milesim\u00e9 Chardonnay 2019 (ECO) 75 cl."},"content":{"rendered":"<p>Harmonisk med mjuka, rika toner av persika, melon och sm\u00e5 inslag av grapefrukt. Sm\u00e5, lockande inslag av honung visar sig ocks\u00e5 tillsammans med rostat br\u00f6d och en fin syra. Tillsammans fyller alla intryck munnen med njutning. Mild, kr\u00e4mig och fyllig med l\u00e5ng eftersmak.<\/p>\n<p>Juv\u00e9 y Camps Milesim\u00e9 Chardonnay produceras endast i utm\u00e4rkta \u00e5rg\u00e5ngar och \u00e4r gjord p\u00e5 druvor som kommer fr\u00e5n ving\u00e5rden &#8221;Propietat d&#8217;Espiells&#8221;, bel\u00e4gen i centrala Pened\u00e8s p\u00e5 en h\u00f6jd mellan 185 och 245 meter \u00f6ver havet. H\u00e4r skyddas ving\u00e5rdarna fr\u00e5n de kalla nordliga vindarna av Montserrantbergen och vinstockarna v\u00e4xer i lerkalkstensjord i ett omr\u00e5de med ett fantastiskt medelhavsklimat.<\/p>\n<p>Om Juv\u00e9 y Camps<br \/>\nCava \u00e4r spanskt mousserande vin \u2013 och ett utm\u00e4rkt alternativ till mer k\u00e4nda, k\u00e4nda (och ofta dyrare&#8230;) franska bubblor som kallas champagne. I sj\u00e4lva verket tillverkas cava med hj\u00e4lp av det som kallas Methode Traditionelle, som \u00e4ven kallas champagnemetoden, d\u00e4r ett basvin tills\u00e4tts med socker och j\u00e4st och buteljeras f\u00f6r att genomg\u00e5 en ny j\u00e4sning. Ju l\u00e4ngre vinet f\u00e5r j\u00e4sa desto fler nyanser f\u00e5r det. Efter f\u00f6rvaring f\u00f6rs flaskorna till skrivborden, ett slags flaskst\u00e4ll, d\u00e4r flaskorna st\u00e4lls med botten i luften. I denna position kommer vinets sediment att samlas i flaskans hals, som \u00e4r neds\u00e4nkt i frysv\u00e4tska vid minus 20 grader. Under frysningen kapslas sedimentet in i en isklump som sedan helt enkelt skjuts ut genom att man tar ut kapseln fr\u00e5n flaskan och l\u00e5ter koldioxidtrycket trycka upp klumpen. Till sist fylls flaskans inneh\u00e5ll p\u00e5 med en lik\u00f6r, som beroende p\u00e5 tillsatt m\u00e4ngd ger antingen en torr eller s\u00f6t Cava.<\/p>\n<p>Juv\u00e9 y Camps har producerat utm\u00e4rkt vin i mer \u00e4n 200 \u00e5r, men det var faktiskt inte f\u00f6rr\u00e4n 1921 som katalanerna lanserade sitt f\u00f6rsta mousserande vin. Druvorna kommer uteslutande fr\u00e5n husets egna \u00e5krar. Familjen \u00e4ger idag fyra ving\u00e5rdar, vilket faktiskt g\u00f6r huset till den st\u00f6rsta mark\u00e4garen av ving\u00e5rdar i hela Pened\u00e8s d\u00e4r de har sitt hem. Druvorna plockas till 100 % manuellt, och endast den fritt avrunna musten anv\u00e4nds f\u00f6r att f\u00e5 den finaste och elegantaste juicen utan on\u00f6diga bitter\u00e4mnen. Som det anst\u00e5r ett lyxhus som Juv\u00e9 y Camps. Dessutom \u00e4r filtreringen av vinet mycket skonsam, f\u00f6r att b\u00e4ttre bevara s\u00e5 mycket smak och arom som m\u00f6jligt.<\/p>\n<p>P\u00e5 1970-talet var det mesta av den cava som s\u00e5ldes alldeles f\u00f6r ung och alldeles f\u00f6r s\u00f6t. Just detta fick Joseph Juv\u00e9 y Camps att sl\u00e4ppa ut en liten m\u00e4ngd cava, som annars var avsatt f\u00f6r egen konsumtion. Den lilla specialsatsen skickades ut till den spanska marknaden f\u00f6r att testa hur kunderna skulle reagera p\u00e5 denna \u00e4ldre, torrare, mer seri\u00f6sa stil. Reaktionen var n\u00e4stan \u00f6verv\u00e4ldigande och Reserve de la Familia bidrog med sin konservativa och mer seri\u00f6sa stil till att f\u00f6r\u00e4ndra hur b\u00e5de marknaden och producenter ser p\u00e5 cava. Med efterfr\u00e5gan p\u00e5 den nya stilen gick det inte l\u00e4ngre att g\u00f6mma f\u00f6r h\u00f6g sk\u00f6rd, ruttna i druvorna eller fel i vinproduktionen bakom en s\u00f6t dos, s\u00e5 fler och fler producenter b\u00f6rjade ta vinodling och vinproduktion p\u00e5 l\u00e5ngt st\u00f6rre allvar \u00e4n tidigare &#8211; men Juv\u00e9 y Camps var , \u00e4r och kommer att f\u00f6rbli &#8221;ledarhunden&#8221; i omr\u00e5det!<\/p>\n","protected":false},"excerpt":{"rendered":"<p>Cava de Guarda Superior Gran Reserva &#8211; Spain<\/p>\n","protected":false},"featured_media":56381,"template":"","meta":{"_acf_changed":false,"rs_blank_template":"","rs_page_bg_color":"","slide_template_v7":""},"product_brand":[],"product_cat":[2780,2776],"product_tag":[],"class_list":{"0":"post-56222","1":"product","2":"type-product","3":"status-publish","4":"has-post-thumbnail","6":"product_cat-cava-sv","7":"product_cat-mousserende-sv","8":"pa_drue-chardonnay-sv","9":"pa_land-spanien-sv","10":"pa_procent-12-sv","11":"pa_producent-juve-camps-sv","12":"pa_region-pendes-sv","13":"pa_serveringstemperatur-8-10-sv","14":"pa_vintage-2019-sv","15":"pa_volume-75-sv","17":"first","18":"instock","19":"taxable","20":"shipping-taxable","21":"purchasable","22":"product-type-simple"},"bundled_by":[],"bundle_stock_status":"instock","bundle_stock_quantity":null,"bundle_virtual":false,"bundle_layout":"","bundle_add_to_cart_form_location":"","bundle_editable_in_cart":false,"bundle_sold_individually_context":"","bundle_item_grouping":"","bundle_min_size":"","bundle_max_size":"","bundle_price":[],"bundled_items":[],"bundle_sell_ids":[],"acf":[],"_links":{"self":[{"href":"https:\/\/www.raschvin.com\/sv\/wp-json\/wp\/v2\/product\/56222","targetHints":{"allow":["GET"]}}],"collection":[{"href":"https:\/\/www.raschvin.com\/sv\/wp-json\/wp\/v2\/product"}],"about":[{"href":"https:\/\/www.raschvin.com\/sv\/wp-json\/wp\/v2\/types\/product"}],"wp:featuredmedia":[{"embeddable":true,"href":"https:\/\/www.raschvin.com\/sv\/wp-json\/wp\/v2\/media\/56381"}],"wp:attachment":[{"href":"https:\/\/www.raschvin.com\/sv\/wp-json\/wp\/v2\/media?parent=56222"}],"wp:term":[{"taxonomy":"product_brand","embeddable":true,"href":"https:\/\/www.raschvin.com\/sv\/wp-json\/wp\/v2\/product_brand?post=56222"},{"taxonomy":"product_cat","embeddable":true,"href":"https:\/\/www.raschvin.com\/sv\/wp-json\/wp\/v2\/product_cat?post=56222"},{"taxonomy":"product_tag","embeddable":true,"href":"https:\/\/www.raschvin.com\/sv\/wp-json\/wp\/v2\/product_tag?post=56222"}],"curies":[{"name":"wp","href":"https:\/\/api.w.org\/{rel}","templated":true}]}}