{"id":56219,"date":"2024-05-28T13:24:45","date_gmt":"2024-05-28T11:24:45","guid":{"rendered":"https:\/\/www.raschvin.com\/produkt\/grande-courtade-linstant-bulle-pet-nat-eco-75-cl\/"},"modified":"2024-05-28T13:24:45","modified_gmt":"2024-05-28T11:24:45","slug":"grande-courtade-linstant-bulle-pet-nat-eco-75-cl","status":"publish","type":"product","link":"https:\/\/www.raschvin.com\/sv\/produkt\/grande-courtade-linstant-bulle-pet-nat-eco-75-cl\/","title":{"rendered":"Grande Courtade L&#8217;instant Bulle PET NAT (ECO) 75 cl."},"content":{"rendered":"<p>Stor komplexitet och uts\u00f6kt fr\u00e4sch\u00f6r. N\u00e5got gyllene i glaset med en mjuk mousse och fylld med toner av vita blommor och stenfrukt. Smaken \u00e4r l\u00e4tt med toner av citron och grapefrukt samt toner av vit persika och mandel. Eftersmaken \u00e4r fint mineral med en torr och elegant finish.<\/p>\n<p>Instant Bulle Pet Nat \u00e4r ett mousserande vin producerat av Familie Fabre. Detta vin kommer fr\u00e5n regionen Languedoc-Roussillon i s\u00f6dra Frankrike, k\u00e4nt f\u00f6r sitt varma medelhavsklimat och m\u00e5ngsidiga terroir. Vinodlingen sker med stor respekt f\u00f6r naturen. Familjen Fabre f\u00f6ljer h\u00e5llbara odlingsmetoder och arbetar i samarbete med naturen. Ving\u00e5rdarna, som ligger p\u00e5 sluttningar och drar nytta av de m\u00e5nga soliga dagarna och svala havsbrisarna, producerar perfekt mogna druvor med en fin balans mellan syra och fruktig s\u00f6tma. <\/p>\n<p>Detta vin \u00e4r perfekt som aperitif eller till r\u00e4tter med f\u00e4rska skaldjur, som ostron eller r\u00e4kor, eller l\u00e4tta sallader med gr\u00f6na blad och citrus. <\/p>\n<p>Vinifieringen av Instant Bulle Pet Nat sker enligt metoden Petillant Naturel (\u00e4ven kallad M\u00e9thode Ancestrale), en traditionell metod f\u00f6r att framst\u00e4lla mousserande vin. Denna metod g\u00e5r ut p\u00e5 att vinet j\u00e4ser naturligt, d\u00e4r vinet i mitten av j\u00e4sningen buteljeras, varefter vinet j\u00e4ser vidare, vilket skapar bubblorna<\/p>\n<p>Om Famille Fabre<br \/>\nHos franska Famille Fabre, liksom f\u00f6r m\u00e5nga andra goda vinmakare, \u00e4r ett respektfullt f\u00f6rh\u00e5llande till naturen av avg\u00f6rande betydelse. Sedan 1991 har Louis Fabre banat v\u00e4g f\u00f6r husets omst\u00e4llning till ekologisk vinodling och var en av de f\u00f6rsta Languedoc vinmakarna som verkligen blev gr\u00f6n. Han forts\u00e4tter \u00e4n i dag att prioritera och utveckla ett milj\u00f6medvetet jordbruk och vinframst\u00e4llning, att utforska nya metoder och letar alltid efter nya l\u00f6sningar p\u00e5 de milj\u00f6problem vi st\u00e5r inf\u00f6r. Mantrat \u00e4r: &#8221;Kvalitet \u00e4r inte ett tillst\u00e5nd, det \u00e4r en v\u00e4g&#8221;.<\/p>\n<p>I flera generationer har familjen Fabre odlat en medf\u00f6dd k\u00e4nsla f\u00f6r uppfinningar och innovation. Det kan ses fr\u00e5n Andr\u00e9 Fabres sk\u00f6rd &#8221;vagnar&#8221; till Louis Andrieus &#8221;colorim\u00e8tre&#8221; som anv\u00e4nds f\u00f6r att m\u00e4ta f\u00e4rgen p\u00e5 vin. En \u00f6ppenhet f\u00f6r nya id\u00e9er har blivit ryggraden i ett evigt engagemang f\u00f6r kvalitet. De nysk\u00f6rdade druvorna s\u00e4tter tonen och vinmakaren t\u00e4nker sig nya \u00e5rg\u00e5ngar; kolsyra maceration, naturliga och mousserande viner.<\/p>\n<p>Idag \u00e4ger familjen Fabre fem slott, bland annat Chateau de Luc och Domaine de Grande Courtade. Chateau de Luc \u00e4r ett riktigt vackert, gammalt slott fr\u00e5n 1300-talet. Slottets ving\u00e5rdar ligger terrasserade p\u00e5 de omgivande sluttningarna, fr\u00e4mst med ett h\u00f6gt l\u00e4ge ovanf\u00f6r havet och d\u00e4rmed ett svalt klimat f\u00f6r omr\u00e5det.<\/p>\n","protected":false},"excerpt":{"rendered":"<p>Famille Fabre &#8211; France<\/p>\n","protected":false},"featured_media":56420,"template":"","meta":{"_acf_changed":false,"rs_blank_template":"","rs_page_bg_color":"","slide_template_v7":""},"product_brand":[],"product_cat":[2779,2776],"product_tag":[],"class_list":{"0":"post-56219","1":"product","2":"type-product","3":"status-publish","4":"has-post-thumbnail","6":"product_cat-andra","7":"product_cat-mousserende-sv","8":"pa_champagne-type-pet-nat-sv","9":"pa_drue-sauvignon-blanc-sv","10":"pa_drue-colombard-sv","11":"pa_land-frankrike","12":"pa_oekologisk-yes-sv","13":"pa_procent-10-sv","14":"pa_producent-famille-fabre-sv","15":"pa_serveringstemperatur-10-12-sv-2","16":"pa_volume-75-sv","18":"first","19":"instock","20":"taxable","21":"shipping-taxable","22":"purchasable","23":"product-type-simple"},"bundled_by":[],"bundle_stock_status":"instock","bundle_stock_quantity":null,"bundle_virtual":false,"bundle_layout":"","bundle_add_to_cart_form_location":"","bundle_editable_in_cart":false,"bundle_sold_individually_context":"","bundle_item_grouping":"","bundle_min_size":"","bundle_max_size":"","bundle_price":[],"bundled_items":[],"bundle_sell_ids":[],"acf":[],"_links":{"self":[{"href":"https:\/\/www.raschvin.com\/sv\/wp-json\/wp\/v2\/product\/56219","targetHints":{"allow":["GET"]}}],"collection":[{"href":"https:\/\/www.raschvin.com\/sv\/wp-json\/wp\/v2\/product"}],"about":[{"href":"https:\/\/www.raschvin.com\/sv\/wp-json\/wp\/v2\/types\/product"}],"wp:featuredmedia":[{"embeddable":true,"href":"https:\/\/www.raschvin.com\/sv\/wp-json\/wp\/v2\/media\/56420"}],"wp:attachment":[{"href":"https:\/\/www.raschvin.com\/sv\/wp-json\/wp\/v2\/media?parent=56219"}],"wp:term":[{"taxonomy":"product_brand","embeddable":true,"href":"https:\/\/www.raschvin.com\/sv\/wp-json\/wp\/v2\/product_brand?post=56219"},{"taxonomy":"product_cat","embeddable":true,"href":"https:\/\/www.raschvin.com\/sv\/wp-json\/wp\/v2\/product_cat?post=56219"},{"taxonomy":"product_tag","embeddable":true,"href":"https:\/\/www.raschvin.com\/sv\/wp-json\/wp\/v2\/product_tag?post=56219"}],"curies":[{"name":"wp","href":"https:\/\/api.w.org\/{rel}","templated":true}]}}