{"id":56194,"date":"2024-05-28T11:54:57","date_gmt":"2024-05-28T09:54:57","guid":{"rendered":"https:\/\/www.raschvin.com\/produkt\/furia-di-calafuria-rosato-2022-75-cl\/"},"modified":"2024-05-28T11:54:57","modified_gmt":"2024-05-28T09:54:57","slug":"furia-di-calafuria-rosato-2022-75-cl","status":"publish","type":"product","link":"https:\/\/www.raschvin.com\/sv\/produkt\/furia-di-calafuria-rosato-2022-75-cl\/","title":{"rendered":"Furia di Calafuria Rosato 2022 75 cl."},"content":{"rendered":"<p>Superfr\u00e4sch och fruktig med smak och arom av rosa grapefrukt, blommor och granat\u00e4pple. Mjuk p\u00e5 tungan, riktigt behaglig och med en ih\u00e5llande eftersmak.<\/p>\n<p>91 PO\u00c4NG<br \/>\nFalstaff<br \/>\nLjusrosa f\u00e4rg med orange h\u00f6jdpunkter. Intensiv doft av f\u00e4rska vilda b\u00e4r och stenfrukt, en antydan till smak i eftersmaken. P\u00e5 gommen fruktig, saftig och tillg\u00e4nglig, rolig, fruktig finish.<\/p>\n<p>Om Antinori<br \/>\nItalienska Marchesi Antinori \u00e4r 26 generationer av vinhistoria i absolut v\u00e4rldsklass. 630 \u00e5r \u00e4r n\u00e4stan sv\u00e5rt att f\u00f6rst\u00e5 n\u00e4r det handlar om en och samma familj av vinproducenter. Men Antinori kan sp\u00e5ra sin historia \u00e4nda tillbaka till 1385, d\u00e5 Giovanni di Piero Antinori antogs till &#8217;Arte Fiorentina dei Vinattieri&#8217;, vinmakarorden i Florens. Idag \u00e4r Marchesi Antinori medlem i Primum Familiae Vini \u2013 en sammanslutning av 12 av de mest prestigefyllda, familje\u00e4gda ving\u00e5rdarna v\u00e4rlden \u00f6ver. Det blir inte mycket st\u00f6rre \u00e4n s\u00e5 h\u00e4r.<\/p>\n<p>Redan i ren\u00e4ssansen Florens var Marchesi Antinori ett mycket framg\u00e5ngsrikt vinhus, och Allesandro Antinori var en av de rikaste inv\u00e5narna i staden, som var centrum f\u00f6r tidens stora t\u00e4nkare och konstn\u00e4rer som Leonardo da Vinci och f\u00f6r f\u00f6rfattare som Dante Alighieri, som skrev sin gudomliga komedi. Marchesi Antinori \u00e4r \u00e4n i dag ett familje\u00e4gt f\u00f6retag, d\u00e4r v\u00e4rderingar som enorm omsorg, fokus p\u00e5 \u00e4ven sm\u00e5 detaljer och viljan att hela tiden bli skickligare ligger under huden. Genom 26 generationer har familjen format italiensk vinframst\u00e4llning med innovativa och ibland dj\u00e4rva beslut, men alltid med en grundl\u00e4ggande respekt f\u00f6r tradition. 1974 lanserade Marchesi Antinori sin f\u00f6rsta Tignanello p\u00e5 marknaden, en av de f\u00f6rsta s\u00e5 kallade &#8221;Super Toscanes&#8221;. Vinet skakade om den italienska vinv\u00e4rlden och f\u00f6r\u00e4ndrade vad som kunde g\u00f6ras i st\u00f6vellandet. Piero Antinori skapades p\u00e5 en blandning av Sangiovese och de d\u00e5 &#8221;f\u00f6rbjudna&#8221; utl\u00e4ndska druvsorterna Cabernet Sauvignon och Cabernet Franc och var en av de stora innovat\u00f6rerna i en helt ny v\u00e5g av supertoscaner, som man v\u00e5gade skapa utan att diskriminera gamla regler och standarder. Idag anses Tignanello vara ett av de viktigaste vinerna i hela Italiens vinhistoria.<\/p>\n<p>Antinori har allts\u00e5 redan m\u00e5nga fler kapitel i sin historia \u00e4n de allra flesta ving\u00e5rdar. Men det sista kapitlet \u00e4r fortfarande l\u00e5ngt ifr\u00e5n skrivet. Du kommer att vara s\u00e4ker p\u00e5 detta n\u00e4r du k\u00f6r upp framf\u00f6r den framst\u00e5ende ving\u00e5rden. H\u00e4r g\u00f6rs allt smakfullt, fr\u00e5n verk av Leonardo da Vinci och Giovanni Della Robbia som visas upp till belysningen framf\u00f6r hissen som leder upp till den lilla restaurangen med utsikt \u00f6ver ving\u00e5rdarna. \u00c4ven om de gamla r\u00f6tterna spelar en stor roll i familjens dagliga arbete och i visionerna f\u00f6r huset och varje enskilt vin, har det aldrig satt stopp f\u00f6r Antinoris alltid innovativa anda, vilket exemplet med Tignanello visar. De forskar om nya lokala och internationella druvsorter och experimenterar med alternativa odlingsmetoder, \u00e5krar i varierande h\u00f6jder, j\u00e4sningsmetoder, olika fat f\u00f6r fatlagring etc. Idag \u00e4r Albiera Antinori chef f\u00f6r Marchesi Antinori med st\u00f6d av systrarna Allegra och Alessia . Deras far, Marchese Piero Antinori, \u00e4r hedersordf\u00f6rande f\u00f6r familjef\u00f6retaget.<\/p>\n","protected":false},"excerpt":{"rendered":"<p>Tormaresca &#8211; Puglia Salento Italy<\/p>\n","protected":false},"featured_media":56303,"template":"","meta":{"_acf_changed":false,"rs_blank_template":"","rs_page_bg_color":"","slide_template_v7":""},"product_brand":[],"product_cat":[40],"product_tag":[],"class_list":{"0":"post-56194","1":"product","2":"type-product","3":"status-publish","4":"has-post-thumbnail","6":"product_cat-alla-produkter","7":"pa_aargang-2022-sv","8":"pa_drue-negroamaro-sv","9":"pa_land-italien-sv","10":"pa_procent-12-sv","11":"pa_producent-tormaresca-sv","12":"pa_region-salento-sv","13":"pa_serveringstemperatur-12-14-sv","14":"pa_volume-75-sv","16":"first","17":"instock","18":"sale","19":"taxable","20":"shipping-taxable","21":"purchasable","22":"product-type-simple"},"bundled_by":[],"bundle_stock_status":"instock","bundle_stock_quantity":null,"bundle_virtual":false,"bundle_layout":"","bundle_add_to_cart_form_location":"","bundle_editable_in_cart":false,"bundle_sold_individually_context":"","bundle_item_grouping":"","bundle_min_size":"","bundle_max_size":"","bundle_price":[],"bundled_items":[],"bundle_sell_ids":[],"acf":[],"_links":{"self":[{"href":"https:\/\/www.raschvin.com\/sv\/wp-json\/wp\/v2\/product\/56194","targetHints":{"allow":["GET"]}}],"collection":[{"href":"https:\/\/www.raschvin.com\/sv\/wp-json\/wp\/v2\/product"}],"about":[{"href":"https:\/\/www.raschvin.com\/sv\/wp-json\/wp\/v2\/types\/product"}],"wp:featuredmedia":[{"embeddable":true,"href":"https:\/\/www.raschvin.com\/sv\/wp-json\/wp\/v2\/media\/56303"}],"wp:attachment":[{"href":"https:\/\/www.raschvin.com\/sv\/wp-json\/wp\/v2\/media?parent=56194"}],"wp:term":[{"taxonomy":"product_brand","embeddable":true,"href":"https:\/\/www.raschvin.com\/sv\/wp-json\/wp\/v2\/product_brand?post=56194"},{"taxonomy":"product_cat","embeddable":true,"href":"https:\/\/www.raschvin.com\/sv\/wp-json\/wp\/v2\/product_cat?post=56194"},{"taxonomy":"product_tag","embeddable":true,"href":"https:\/\/www.raschvin.com\/sv\/wp-json\/wp\/v2\/product_tag?post=56194"}],"curies":[{"name":"wp","href":"https:\/\/api.w.org\/{rel}","templated":true}]}}