{"id":56187,"date":"2024-05-28T11:36:29","date_gmt":"2024-05-28T09:36:29","guid":{"rendered":"https:\/\/www.raschvin.com\/produkt\/calvados-christian-drouin-millesime-1994-vintage-70-cl-42\/"},"modified":"2024-05-28T11:36:29","modified_gmt":"2024-05-28T09:36:29","slug":"calvados-christian-drouin-millesime-1994-vintage-70-cl-42","status":"publish","type":"product","link":"https:\/\/www.raschvin.com\/sv\/produkt\/calvados-christian-drouin-millesime-1994-vintage-70-cl-42\/","title":{"rendered":"Calvados Christian Drouin \u2013 Mill\u00e9sime 1994 Vintage 70 cl. 42%"},"content":{"rendered":"<p>Denna nya \u00e5rg\u00e5ng av Christian Drouin, buteljerad 2014, genomgick dubbeldestillation, f\u00f6ljt av lagring p\u00e5 r\u00f6da calvadosfat och gamla Banyulsfat. En h\u00f6gtflygande, gener\u00f6s och v\u00e4lbalanserad calvados med toner av clafoutis.<\/p>\n<p>Christian Drouin Calvados Mill\u00e9sime 1994 \u00e4r en framst\u00e5ende \u00e5rg\u00e5ngs-Calvados fr\u00e5n det ber\u00f6mda Christian Drouin-destilleriet hyllad f\u00f6r sin f\u00f6rtr\u00e4fflighet i att producera \u00e4ppelbrandy av h\u00f6g kvalitet i Normandie, Frankrike. Denna speciella \u00e5rg\u00e5ng \u00e4r gjord av cider\u00e4pplen sk\u00f6rdade 1994, destillerade med noggrann omsorg och lagrade p\u00e5 ekfat i \u00f6ver tv\u00e5 decennier. Den l\u00e5nga mognadsprocessen till\u00e5ter Calvados att utveckla en rik och komplex karakt\u00e4r som f\u00f6rkroppsligar essensen av 1994 \u00e5rs \u00e5rg\u00e5ng och Drouin-familjens engagemang f\u00f6r traditionellt hantverk och excellens.<\/p>\n<p>N\u00c4SA:<br \/>\nDoften \u00e4r elegant och komplex och erbjuder en sofistikerad bukett av f\u00e4rska och bakade \u00e4pplen, sammanv\u00e4vda med toner av torkad frukt som aprikoser och katrinplommon. Inslag av vanilj, karamell och rostad mandel ger djup, medan subtila kryddor som kanel och kryddnejlika tillsammans med en delikat blommig nyans skapar en v\u00e4l avrundad och inbjudande n\u00e4sa. <\/p>\n<p>SMAK:<br \/>\nI gommen \u00e4r Christian Drouin Calvados Mill\u00e9sime 1994 len och fyllig. \u00c4ppelsmakerna \u00e4r uttalade och skiktade, och kombinerar f\u00e4rska, skarpa \u00e4pplen med rika, bakade \u00e4ppletoner. Ytterligare smaker av honung, karamell och torkad frukt f\u00f6rh\u00f6jer gommen, medan eklagringen tillf\u00f6r eleganta toner av vanilj, rostade n\u00f6tter och en hint av r\u00f6kighet. Den intrikata balansen mellan frukt, ek och kryddor resulterar i en sofistikerad och nyanserad smakprofil. <\/p>\n<p>UTG\u00c5NG:<br \/>\nAvslutningen \u00e4r l\u00e5ng och raffinerad, med kvardr\u00f6jande toner av \u00e4pple, karamell och varma kryddor. Ekfatens inflytande ger en mild, kvardr\u00f6jande r\u00f6kighet och en touch av vanilj som l\u00e4mnar en ren och elegant eftersmak som forts\u00e4tter att utvecklas i gommen.<\/p>\n","protected":false},"excerpt":{"rendered":"<p>Appellation Calvados Contr\u00f4lee \u2013 France<\/p>\n","protected":false},"featured_media":56258,"template":"","meta":{"_acf_changed":false,"rs_blank_template":"","rs_page_bg_color":"","slide_template_v7":""},"product_brand":[],"product_cat":[2743,2396],"product_tag":[],"class_list":{"0":"post-56187","1":"product","2":"type-product","3":"status-publish","4":"has-post-thumbnail","6":"product_cat-brannvin-sv","7":"product_cat-calvados-sv","8":"pa_land-frankrike","9":"pa_procent-42-sv","10":"pa_producent-christian-drouin-sv","11":"pa_region-calvados-sv","12":"pa_vintage-1994-sv","13":"pa_volume-70-sv-2","15":"first","16":"instock","17":"sale","18":"taxable","19":"shipping-taxable","20":"purchasable","21":"product-type-simple"},"bundled_by":[],"bundle_stock_status":"instock","bundle_stock_quantity":null,"bundle_virtual":false,"bundle_layout":"","bundle_add_to_cart_form_location":"","bundle_editable_in_cart":false,"bundle_sold_individually_context":"","bundle_item_grouping":"","bundle_min_size":"","bundle_max_size":"","bundle_price":[],"bundled_items":[],"bundle_sell_ids":[],"acf":[],"_links":{"self":[{"href":"https:\/\/www.raschvin.com\/sv\/wp-json\/wp\/v2\/product\/56187","targetHints":{"allow":["GET"]}}],"collection":[{"href":"https:\/\/www.raschvin.com\/sv\/wp-json\/wp\/v2\/product"}],"about":[{"href":"https:\/\/www.raschvin.com\/sv\/wp-json\/wp\/v2\/types\/product"}],"wp:featuredmedia":[{"embeddable":true,"href":"https:\/\/www.raschvin.com\/sv\/wp-json\/wp\/v2\/media\/56258"}],"wp:attachment":[{"href":"https:\/\/www.raschvin.com\/sv\/wp-json\/wp\/v2\/media?parent=56187"}],"wp:term":[{"taxonomy":"product_brand","embeddable":true,"href":"https:\/\/www.raschvin.com\/sv\/wp-json\/wp\/v2\/product_brand?post=56187"},{"taxonomy":"product_cat","embeddable":true,"href":"https:\/\/www.raschvin.com\/sv\/wp-json\/wp\/v2\/product_cat?post=56187"},{"taxonomy":"product_tag","embeddable":true,"href":"https:\/\/www.raschvin.com\/sv\/wp-json\/wp\/v2\/product_tag?post=56187"}],"curies":[{"name":"wp","href":"https:\/\/api.w.org\/{rel}","templated":true}]}}