{"id":56167,"date":"2024-05-28T09:02:04","date_gmt":"2024-05-28T07:02:04","guid":{"rendered":"https:\/\/www.raschvin.com\/produkt\/pommeau-de-normandie-christian-drouin-70-cl-17\/"},"modified":"2024-05-28T19:23:48","modified_gmt":"2024-05-28T17:23:48","slug":"pommeau-de-normandie-christian-drouin-70-cl-17","status":"publish","type":"product","link":"https:\/\/www.raschvin.com\/sv\/produkt\/pommeau-de-normandie-christian-drouin-70-cl-17\/","title":{"rendered":"Pommeau de Normandie Christian Drouin 70 cl. 17%"},"content":{"rendered":"<p>En blandning av tre delar f\u00e4rsk \u00e4ppeljuicecider och en del Calvados. \u00c4pplena \u00e4r valda s\u00e5 att Pommeau inte \u00e4r f\u00f6r s\u00f6t eller tung.<\/p>\n<p>SILVER<br \/>\nConcours G\u00e9n\u00e9ral Agricole de Paris<br \/>\nSILVER MEDALJ p\u00e5 Concours G\u00e9n\u00e9ral Agricole Paris 2012<br \/>\nSILVER<br \/>\nConcours G\u00e9n\u00e9ral Agricole de Paris<br \/>\nSILVER MEDALJ p\u00e5 Concours G\u00e9n\u00e9ral Agricole 2014<br \/>\n92 PO\u00c4NG<br \/>\nVinf\u00f6respr\u00e5karen<br \/>\nH\u00d6GT REKOMMENDERAD<br \/>\nAldrig har jag blivit s\u00e5 f\u00f6rtjust i en drink som denna. Mycket starkt rekommenderat.<\/p>\n<p>Calvadoshuset Christian Drouin grundades direkt efter andra v\u00e4rldskriget av Christian Drouin, som hade satt upp som m\u00e5l att producera v\u00e4rldens absolut b\u00e4sta calvados. Detta ledde till att han till en b\u00f6rjan s\u00f6kte upp omr\u00e5dets mindre vinodlare f\u00f6r att k\u00f6pa upp deras lager av Calvados, vilket lade grunden f\u00f6r husets exceptionella samling av vintage Calvados. 1960 best\u00e4mde sig Christian Drouin f\u00f6r att ta steget och producera sin egen calvados. Det fick dock g\u00e5 19 \u00e5r innan han k\u00e4nde att samlingen av gamla eau de vies i kombination med hans egen produktion var tillr\u00e4ckligt stor f\u00f6r att han skulle kunna buteljera de f\u00f6rsta calvadosna under husets eget namn. Sedan dess har Christian Drouin haft enorma framg\u00e5ngar och idag kan du skryta med att ha f\u00e5tt fler utm\u00e4rkelser och priser f\u00f6r produktsortimentet \u00e4n alla andra calvadosproducenter tillsammans! Idag \u00e4r det sonen, Christian Drouin d., som har tagit \u00f6ver. F\u00f6rutom den ber\u00f6mda \u00e5rg\u00e5ngen Calvados som g\u00e5r tillbaka till 1939, producerar huset \u00e4ven ett antal fantastiska blandningar, Pommeaus och cider. Pommeau de Normandiet fick den f\u00f6rsta officiella lagtexten f\u00f6r hur produkten skulle tillverkas f\u00f6rst 1986 \u2013 men den hade tillverkats m\u00e5nga \u00e5r tidigare&#8230; Pommeau de Normandiet \u00e4r en blandning av tre delar f\u00e4rsk \u00e4ppelciderjuice och en del Calvados. Appellationen kr\u00e4ver att blandningen lagras i 14 m\u00e5nader p\u00e5 ekfat. Christian Drouins Pommeau har dock lagrats mellan 3-4 \u00e5r p\u00e5 ekfat, och \u00e4pplena \u00e4r ocks\u00e5 speciellt utvalda f\u00f6r att ge den perfekta smaken \u2013 inte f\u00f6r s\u00f6t, men inte f\u00f6r tung heller. Servera Pommeau de Normandiet Christian Drouin i ett tulpanformat glas i 8-10 grader f\u00f6re m\u00e5ltiden. Du kan ocks\u00e5 g\u00f6ra en cocktail med champagne, mousserande vin eller sprit. Med sina s\u00f6ta \u00e4ppletoner \u00e4r den ocks\u00e5 idealisk f\u00f6r m\u00e5nga desserter. Marinera din andfoie gras med Pommeau en halvtimme f\u00f6re gr\u00e4ddning. Servera den med \u00e4pplen och ett glas cool Pommeau Christian Drouin. Servera varma \u00e4ppelskivor i sm\u00f6r med vaniljglass och Pommeau. Toppa Tarte Tatin med Pommeau-kola och f\u00e4rsk gr\u00e4dde. Robert Parker, The Wine Advocate, har gett Christian Drouins Pommeau 92 po\u00e4ng och skriver vidare i sin recension: &#8221;Aldrig har jag blivit s\u00e5 f\u00f6rtjust i en &#8217;f\u00f6re drink&#8217; som denna. Rekommenderas starkt.&#8221; Det \u00e4r en recension som beh\u00f6ver n\u00e5got!<\/p>\n","protected":false},"excerpt":{"rendered":"<p>French Dessert Wine<\/p>\n","protected":false},"featured_media":56372,"template":"","meta":{"_acf_changed":false,"rs_blank_template":"","rs_page_bg_color":"","slide_template_v7":""},"product_brand":[],"product_cat":[2765,2788,4758],"product_tag":[],"class_list":{"0":"post-56167","1":"product","2":"type-product","3":"status-publish","4":"has-post-thumbnail","6":"product_cat-hedvin-sv","7":"product_cat-vin-sv","8":"product_cat-aeromat-fruktvin","9":"pa_champagne-type-fruit-wine-sv","10":"pa_land-frankrike","11":"pa_procent-17-sv","12":"pa_producent-christian-drouin-sv","13":"pa_region-calvados-sv","14":"pa_volume-70-sv-2","16":"first","17":"instock","18":"taxable","19":"shipping-taxable","20":"purchasable","21":"product-type-simple"},"bundled_by":[],"bundle_stock_status":"instock","bundle_stock_quantity":null,"bundle_virtual":false,"bundle_layout":"","bundle_add_to_cart_form_location":"","bundle_editable_in_cart":false,"bundle_sold_individually_context":"","bundle_item_grouping":"","bundle_min_size":"","bundle_max_size":"","bundle_price":[],"bundled_items":[],"bundle_sell_ids":[],"acf":[],"_links":{"self":[{"href":"https:\/\/www.raschvin.com\/sv\/wp-json\/wp\/v2\/product\/56167","targetHints":{"allow":["GET"]}}],"collection":[{"href":"https:\/\/www.raschvin.com\/sv\/wp-json\/wp\/v2\/product"}],"about":[{"href":"https:\/\/www.raschvin.com\/sv\/wp-json\/wp\/v2\/types\/product"}],"wp:featuredmedia":[{"embeddable":true,"href":"https:\/\/www.raschvin.com\/sv\/wp-json\/wp\/v2\/media\/56372"}],"wp:attachment":[{"href":"https:\/\/www.raschvin.com\/sv\/wp-json\/wp\/v2\/media?parent=56167"}],"wp:term":[{"taxonomy":"product_brand","embeddable":true,"href":"https:\/\/www.raschvin.com\/sv\/wp-json\/wp\/v2\/product_brand?post=56167"},{"taxonomy":"product_cat","embeddable":true,"href":"https:\/\/www.raschvin.com\/sv\/wp-json\/wp\/v2\/product_cat?post=56167"},{"taxonomy":"product_tag","embeddable":true,"href":"https:\/\/www.raschvin.com\/sv\/wp-json\/wp\/v2\/product_tag?post=56167"}],"curies":[{"name":"wp","href":"https:\/\/api.w.org\/{rel}","templated":true}]}}