{"id":56154,"date":"2024-05-28T08:35:51","date_gmt":"2024-05-28T06:35:51","guid":{"rendered":"https:\/\/www.raschvin.com\/produkt\/snaps-bornholm-limited-no-7-paere-50-cl-40\/"},"modified":"2024-05-28T08:35:51","modified_gmt":"2024-05-28T06:35:51","slug":"snaps-bornholm-limited-no-7-paere-50-cl-40","status":"publish","type":"product","link":"https:\/\/www.raschvin.com\/sv\/produkt\/snaps-bornholm-limited-no-7-paere-50-cl-40\/","title":{"rendered":"Snaps Bornholm Limited No.7 \u2013 P\u00e6re 50 cl. 40%"},"content":{"rendered":"<p>Varje \u00e5r den 14 oktober i samband med v\u00e5r f\u00f6delsedag lanserar vi en begr\u00e4nsad upplaga av v\u00e5ra Limited Edition Snaps.<\/p>\n<p>\u00c5rets Limited Edition nr. 7 \u00e4r v\u00e5r P\u00e6re Snaps.<\/p>\n<p>Den \u00e4r gjord p\u00e5 ekologiska p\u00e4ron och har legat i st\u00e5ltank s\u00e5 att s\u00f6tman kan komma till sin r\u00e4tta plats. V\u00e5r p\u00e4ronsnaps har en intensiv doft av solmogna p\u00e4ron och en elegant rundad smak med underbara p\u00e4rontoner.<\/p>\n<p>Servering: Limited Edition No. 7 Pear \u00e4r en perfekt partner till lunchbordet och till osten. Kan avnjutas rent i rumstemperatur eller kyld. En trevlig och s\u00f6t ekologisk snaps.<\/p>\n<p>Smaknoter: Fin s\u00f6tma, fyllig och med en rundad mjuk eftersmak. Med begr\u00e4nsad upplaga nr. 7 har vi skapat en vinnare till lunchbordet och en ekologisk snaps, som kan anv\u00e4ndas i cocktails med bland annat tonic. Och som med alla v\u00e5ra andra snapsar blir det bara b\u00e4ttre med tiden. #Vinipper #Firar livet<\/p>\n<p>\u00c5rets Limited kommer utan pl\u00e5tr\u00f6r.<\/p>\n","protected":false},"excerpt":{"rendered":"<p>Bornholm Spirits \u2013 Danish Snaps<\/p>\n","protected":false},"featured_media":56384,"template":"","meta":{"_acf_changed":false,"rs_blank_template":"","rs_page_bg_color":"","slide_template_v7":""},"product_brand":[],"product_cat":[2743,2393],"product_tag":[],"class_list":{"0":"post-56154","1":"product","2":"type-product","3":"status-publish","4":"has-post-thumbnail","6":"product_cat-brannvin-sv","7":"product_cat-akvavit-snaps-sv","8":"pa_land-danmark-sv","9":"pa_oekologisk-yes-sv","10":"pa_procent-40-sv-2","11":"pa_producent-snaps-bornholm-sv","12":"pa_region-bornholm-sv","13":"pa_volume-50-sv","15":"first","16":"instock","17":"taxable","18":"shipping-taxable","19":"purchasable","20":"product-type-simple"},"bundled_by":[],"bundle_stock_status":"instock","bundle_stock_quantity":null,"bundle_virtual":false,"bundle_layout":"","bundle_add_to_cart_form_location":"","bundle_editable_in_cart":false,"bundle_sold_individually_context":"","bundle_item_grouping":"","bundle_min_size":"","bundle_max_size":"","bundle_price":[],"bundled_items":[],"bundle_sell_ids":[],"acf":[],"_links":{"self":[{"href":"https:\/\/www.raschvin.com\/sv\/wp-json\/wp\/v2\/product\/56154","targetHints":{"allow":["GET"]}}],"collection":[{"href":"https:\/\/www.raschvin.com\/sv\/wp-json\/wp\/v2\/product"}],"about":[{"href":"https:\/\/www.raschvin.com\/sv\/wp-json\/wp\/v2\/types\/product"}],"wp:featuredmedia":[{"embeddable":true,"href":"https:\/\/www.raschvin.com\/sv\/wp-json\/wp\/v2\/media\/56384"}],"wp:attachment":[{"href":"https:\/\/www.raschvin.com\/sv\/wp-json\/wp\/v2\/media?parent=56154"}],"wp:term":[{"taxonomy":"product_brand","embeddable":true,"href":"https:\/\/www.raschvin.com\/sv\/wp-json\/wp\/v2\/product_brand?post=56154"},{"taxonomy":"product_cat","embeddable":true,"href":"https:\/\/www.raschvin.com\/sv\/wp-json\/wp\/v2\/product_cat?post=56154"},{"taxonomy":"product_tag","embeddable":true,"href":"https:\/\/www.raschvin.com\/sv\/wp-json\/wp\/v2\/product_tag?post=56154"}],"curies":[{"name":"wp","href":"https:\/\/api.w.org\/{rel}","templated":true}]}}