{"id":56071,"date":"2024-05-25T07:44:49","date_gmt":"2024-05-25T05:44:49","guid":{"rendered":"https:\/\/www.raschvin.com\/produkt\/domaine-de-la-garenne-sancerre-rose-2022-75-cl\/"},"modified":"2025-02-06T14:25:39","modified_gmt":"2025-02-06T13:25:39","slug":"domaine-de-la-garenne-sancerre-rose-2022-75-cl","status":"publish","type":"product","link":"https:\/\/www.raschvin.com\/sv\/produkt\/domaine-de-la-garenne-sancerre-rose-2022-75-cl\/","title":{"rendered":"Domaine de la Garenne Sancerre Ros\u00e9 2023 75 cl."},"content":{"rendered":"<p>Str\u00e5lande laxf\u00e4rg, frisk och fruktig med smaker och aromer av citrus, k\u00f6rsb\u00e4r och bj\u00f6rnb\u00e4r.<\/p>\n<p>Doften \u00e4r stor och aromatisk med toner av r\u00f6da b\u00e4r och \u00f6rter. Smaken \u00e4r rik med livlig syra, mogna r\u00f6da b\u00e4r och en uppfriskande eftersmak.<\/p>\n<p>Domaine de la Garenne \u00e4r en familje\u00e4gd egendom vars grundare Jean-Louis Reverdy kunde sk\u00f6rda sin f\u00f6rsta \u00e5rg\u00e5ng 1820. Deras ros\u00e9 \u00e4r gjord av 100 procent pinot noir odlad i kalkrika jordar och fr\u00e5n stockar vars medel\u00e5lder \u00e4r cirka 25 \u00e5r. L\u00e4ttpressad juice blandas med druvmust som har &#8221;mjukats av&#8221; vid r\u00f6dvinstillverkning. J\u00e4sningen sker i temperaturkontrollerade st\u00e5ltankar, och vinet lagras en tid p\u00e5 j\u00e4stf\u00e4llningen. <\/p>\n<p>\u00d6ster om staden Bourges ligger Sancerre med sina 2400 hektar. H\u00e4r \u00e4r n\u00e5gra byar som har r\u00e4tt att s\u00e4tta beteckningen Sancerre p\u00e5 etiketten. Familjen Reverdy bor i Verdigny, d\u00e4r Domaine de la Garenne ligger p\u00e5 de vackra sluttningarna. Grundaren Jean-Louis Reverdy planterade de f\u00f6rsta vinstockarna 1820, men det skulle dr\u00f6ja till 1960-talet innan fastigheten fick ett rykte. Sedan dess har de moderniserats avsev\u00e4rt. Idag har de \u00f6ver 12 hektar, varav 9 hektar odlas med sauvignon blanc och resterande 3 hektar med pinot noir f\u00f6r r\u00f6tt och ros\u00e9.<\/p>\n","protected":false},"excerpt":{"rendered":"<p>Godon-Reverdy \u2013 France<\/p>\n","protected":false},"featured_media":56098,"template":"","meta":{"_acf_changed":false,"rs_blank_template":"","rs_page_bg_color":"","slide_template_v7":""},"product_brand":[],"product_cat":[7779,2788,2796],"product_tag":[],"class_list":{"0":"post-56071","1":"product","2":"type-product","3":"status-publish","4":"has-post-thumbnail","6":"product_cat-sommar-rose","7":"product_cat-vin-sv","8":"product_cat-rosevin-sv","9":"pa_aargang-2023-sv","10":"pa_drue-pinot-noir-sv","11":"pa_land-frankrike","12":"pa_procent-13-sv","13":"pa_producent-domaine-de-la-garenne-sv","14":"pa_region-loire-sv","15":"pa_serveringstemperatur-8-10-sv","16":"pa_volume-75-sv","18":"first","19":"outofstock","20":"sale","21":"taxable","22":"shipping-taxable","23":"purchasable","24":"product-type-simple"},"bundled_by":[],"bundle_stock_status":"outofstock","bundle_stock_quantity":null,"bundle_virtual":false,"bundle_layout":"","bundle_add_to_cart_form_location":"","bundle_editable_in_cart":false,"bundle_sold_individually_context":"","bundle_item_grouping":"","bundle_min_size":"","bundle_max_size":"","bundle_price":[],"bundled_items":[],"bundle_sell_ids":[],"acf":[],"_links":{"self":[{"href":"https:\/\/www.raschvin.com\/sv\/wp-json\/wp\/v2\/product\/56071","targetHints":{"allow":["GET"]}}],"collection":[{"href":"https:\/\/www.raschvin.com\/sv\/wp-json\/wp\/v2\/product"}],"about":[{"href":"https:\/\/www.raschvin.com\/sv\/wp-json\/wp\/v2\/types\/product"}],"wp:featuredmedia":[{"embeddable":true,"href":"https:\/\/www.raschvin.com\/sv\/wp-json\/wp\/v2\/media\/56098"}],"wp:attachment":[{"href":"https:\/\/www.raschvin.com\/sv\/wp-json\/wp\/v2\/media?parent=56071"}],"wp:term":[{"taxonomy":"product_brand","embeddable":true,"href":"https:\/\/www.raschvin.com\/sv\/wp-json\/wp\/v2\/product_brand?post=56071"},{"taxonomy":"product_cat","embeddable":true,"href":"https:\/\/www.raschvin.com\/sv\/wp-json\/wp\/v2\/product_cat?post=56071"},{"taxonomy":"product_tag","embeddable":true,"href":"https:\/\/www.raschvin.com\/sv\/wp-json\/wp\/v2\/product_tag?post=56071"}],"curies":[{"name":"wp","href":"https:\/\/api.w.org\/{rel}","templated":true}]}}