{"id":56065,"date":"2025-05-01T07:24:57","date_gmt":"2025-05-01T05:24:57","guid":{"rendered":"https:\/\/www.raschvin.com\/produkt\/tete-de-linotte-rose-danjou-eco-2023-75-cl\/"},"modified":"2025-05-01T07:45:47","modified_gmt":"2025-05-01T05:45:47","slug":"tete-de-linotte-rose-danjou-eco-2023-75-cl","status":"publish","type":"product","link":"https:\/\/www.raschvin.com\/sv\/produkt\/tete-de-linotte-rose-danjou-eco-2023-75-cl\/","title":{"rendered":"T\u00eate de Linotte Rose d&#8217;Anjou\u00a0(ECO) 2024 75 cl."},"content":{"rendered":"<p>Underbart mjukt och fruktigt ros\u00e9vin, d\u00e4r somriga toner av persika spelar f\u00f6rsta fiol i en fin balans mellan syra och s\u00f6tma.<\/p>\n<p>Sommarros\u00e9vin som avnjuts b\u00e4st mellan 6 och 9\u00b0C till exotiska r\u00e4tter eller en fr\u00e4sch sallad.<\/p>\n<p>Loire Properties \u00e4r den ledande vinproducenten i Loiredalen genom sina medlemsvinodlare. Med 10 produktionsanl\u00e4ggningar s\u00e4kerst\u00e4ller Loire Properties kontroll \u00f6ver vin-till-glas-sektorn och erbjuder en katalog som samlar mer \u00e4n 40 AOC- och IGP-viner fr\u00e5n Loiredalen.<\/p>\n<p>N\u00e4r det g\u00e4ller T\u00eate de Linotte-serien, certifierade ekologiska viner, \u00e4r namnet som kan f\u00e5 dig att le \u00e4nd\u00e5 mycket allvarligt. Faktum \u00e4r att om vinodlare ofta anklagas f\u00f6r att inte respektera milj\u00f6n, har de i Caves de la Loire gjort en inventering av den biologiska m\u00e5ngfalden av 250 hektar vinstockar: 157 arter har listats, inklusive 47 f\u00e5gelarter. En av dem f\u00f6rf\u00f6rde dem: Den melodi\u00f6sa Linnet. <\/p>\n<p>Denna skyddade f\u00e5gel har gjort sitt bo i hj\u00e4rtat av vinstockarna och ger dem naturligt skydd eftersom den eliminerar skadliga insekter att \u00e4ta p\u00e5. Det var d\u00e4rf\u00f6r en symbolisk gest att \u00e4gna \u00e5rg\u00e5ngen \u00e5t denna s\u00e4llsynta art, f\u00f6r vilken vinodlarna i Loire redan har installerat holkar p\u00e5 tomterna.<\/p>\n<p>Vi fick d\u00e4rf\u00f6r m\u00f6jlighet att smaka p\u00e5 Cabernet d&#8217;Anjou ros\u00e9 i sortimentet. Runt, uts\u00f6kt, fruktigt, med definitivt betydande s\u00f6tma (cirka 15 g restsocker) men balanserat, detta vin erbj\u00f6ds oss i harmoni med kakao-hasseln\u00f6tsspridningen av Maison Br\u00e9mond 1830, handgjord i Haute-Provence.<\/p>\n","protected":false},"excerpt":{"rendered":"<p>T\u00eate de Linotte &#8211; Loire France<\/p>\n","protected":false},"featured_media":56083,"template":"","meta":{"_acf_changed":false,"rs_blank_template":"","rs_page_bg_color":"","slide_template_v7":""},"product_brand":[],"product_cat":[2796,7779,2788],"product_tag":[],"class_list":{"0":"post-56065","1":"product","2":"type-product","3":"status-publish","4":"has-post-thumbnail","6":"product_cat-rosevin-sv","7":"product_cat-sommar-rose","8":"product_cat-vin-sv","9":"pa_aargang-2024-sv","10":"pa_drue-gamay-sv","11":"pa_drue-grolleau-sv","12":"pa_land-frankrike","13":"pa_oekologisk-yes-sv","14":"pa_procent-13-5-sv","15":"pa_producent-tete-de-linotte-sv","16":"pa_region-loire-sv","17":"pa_serveringstemperatur-6-9-sv","18":"pa_volume-75-sv","20":"first","21":"instock","22":"taxable","23":"shipping-taxable","24":"purchasable","25":"product-type-simple"},"bundled_by":["120289"],"bundle_stock_status":"instock","bundle_stock_quantity":null,"bundle_virtual":false,"bundle_layout":"","bundle_add_to_cart_form_location":"","bundle_editable_in_cart":false,"bundle_sold_individually_context":"","bundle_item_grouping":"","bundle_min_size":"","bundle_max_size":"","bundle_price":[],"bundled_items":[],"bundle_sell_ids":[],"acf":[],"_links":{"self":[{"href":"https:\/\/www.raschvin.com\/sv\/wp-json\/wp\/v2\/product\/56065","targetHints":{"allow":["GET"]}}],"collection":[{"href":"https:\/\/www.raschvin.com\/sv\/wp-json\/wp\/v2\/product"}],"about":[{"href":"https:\/\/www.raschvin.com\/sv\/wp-json\/wp\/v2\/types\/product"}],"wp:featuredmedia":[{"embeddable":true,"href":"https:\/\/www.raschvin.com\/sv\/wp-json\/wp\/v2\/media\/56083"}],"wp:attachment":[{"href":"https:\/\/www.raschvin.com\/sv\/wp-json\/wp\/v2\/media?parent=56065"}],"wp:term":[{"taxonomy":"product_brand","embeddable":true,"href":"https:\/\/www.raschvin.com\/sv\/wp-json\/wp\/v2\/product_brand?post=56065"},{"taxonomy":"product_cat","embeddable":true,"href":"https:\/\/www.raschvin.com\/sv\/wp-json\/wp\/v2\/product_cat?post=56065"},{"taxonomy":"product_tag","embeddable":true,"href":"https:\/\/www.raschvin.com\/sv\/wp-json\/wp\/v2\/product_tag?post=56065"}],"curies":[{"name":"wp","href":"https:\/\/api.w.org\/{rel}","templated":true}]}}