{"id":55650,"date":"2024-05-24T11:07:07","date_gmt":"2024-05-24T09:07:07","guid":{"rendered":"https:\/\/www.raschvin.com\/produkt\/cognac-frapin-millesime-1995-25-years-70-cl-414\/"},"modified":"2024-05-24T11:07:07","modified_gmt":"2024-05-24T09:07:07","slug":"cognac-frapin-millesime-1995-25-years-70-cl-414","status":"publish","type":"product","link":"https:\/\/www.raschvin.com\/sv\/produkt\/cognac-frapin-millesime-1995-25-years-70-cl-414\/","title":{"rendered":"Cognac Frapin &#8211; Mill\u00e9sime 1995 25 Years 70 cl. 41,4%"},"content":{"rendered":"<p>Frapin 1995, 25 \u00e5r 41,4%, den perfekta konjaken. 1995 var en varm och torr \u00e5rg\u00e5ng, druvorna h\u00e4ngde \u00f6ver sommaren i stora vackra klasar och utsikterna till en sk\u00f6rd av det fenomenala slaget syntes. Druvorna var friska och sk\u00f6rden var en av de gener\u00f6saste p\u00e5 m\u00e5nga \u00e5r. Under vinifieringen visade druvorna att juicen hade en vacker vitalitet med mycket frukt, detta resulterade i b\u00e5de en fin syra och en bra alkoholstyrka. Dubbeldestillationen gick fantastiskt bra med j\u00e4sten, vilket resulterade i en intensiv och fenomenal v\u00e4tska, som kapslas in i fatet och lagras. BNIC (Bureau National Interproffesionel du Cognac) har genom \u00e5ren testat och \u00f6vervakat att konjaken har varit f\u00f6rseglad i k\u00e4llarna i 25 \u00e5r. Denna 25-\u00e5riga konjak har legat i Frapins fuktiga k\u00e4llare, vilket ger extra rundhet och mjukhet. I de fuktiga k\u00e4llarna f\u00f6rsvinner mest alkohol till &#8221;\u00e4ngelns andel&#8221;, upp till 2% f\u00f6rsvinner varje \u00e5r, men till f\u00f6rdel f\u00f6r k\u00e4nnaren som smakar denna unika konjak, gjord med k\u00e4rlek och finess. F\u00e4rgen \u00e4r en fr\u00f6jd f\u00f6r \u00f6gat, elegant och varm med inslag av orange. P\u00e5 n\u00e4san \u00f6ppnar sig l\u00e5ngsamt en symfoni av toner; skal av citrusfrukter, n\u00e4stan mandarin, som \u00f6verg\u00e5r i kryddiga toner av torkad persika och pepparkakor. Det finns blommiga toner i munnen tillsammans med inslag av vanilj, och delikata kryddiga toner, samt inslag av muskotn\u00f6t, det finns en l\u00e4tt elegant aprikossmak som l\u00e4tt b\u00e4r in smaken i den l\u00e5nga finishen med rancio-inslag. Single Cask, Single Domaine, Grand Champagne, Cask Strength, No Socker, ingen karamellf\u00e4rg. Den perfekta konjaken. Finns hos Vinoble.<br \/>\nGilbert &#038; Gaillard smakar p\u00e5 den 2022 och ger 96\/100.<br \/>\nCognac Master 2022: Best Vintage Cognac 2022<\/p>\n<p>F\u00e5 f\u00f6retag i Cognac kan \u2013 som familjen Frapin \u2013 f\u00f6ra traditionen med konjakproduktion \u00e4nda tillbaka till \u00e5r 1270. Cognac Frapin har den s\u00e4llsynta \u00e4ran att vara den st\u00f6rsta ving\u00e5rds\u00e4garen i distriktet Grande Champagne. F\u00f6rutom de 200 ha. ving\u00e5rdar, som alla ligger i omr\u00e5det Grande Champagne, \u00e4ger Frapin ocks\u00e5 en av de vackraste och mest k\u00e4nda fastigheterna i 1. Cru: Ch\u00e2teau Fontpinot p\u00e5 147 ha. Du kan inte f\u00f6rest\u00e4lla dig ett b\u00e4ttre l\u00e4ge. Ch\u00e2teau Fontpinot \u00e4r b\u00e5de en av de mest anm\u00e4rkningsv\u00e4rda och en av de st\u00f6rsta egendomarna.<\/p>\n<p>En f\u00f6rklaring till den uts\u00f6kta produkten \u00e4r konsten att blanda konjak. \u00c4ven Frapins 1270 \u2013 den mest blygsamma av f\u00f6retagets konjakserie \u2013 best\u00e5r uteslutande av Grande Champagne-konjak, och VSOP kan dessutom stoltsera med beteckningen 1. Cru du Cognac. Deras lagring p\u00e5 ekfat gjorda av tr\u00e4 fr\u00e5n den v\u00e4lk\u00e4nda Limousinskogen g\u00f6r det m\u00f6jligt att blanda och buteljera unika produkter. Huset fungerar med ett k\u00e4llarf\u00f6rr\u00e5d, som \u00e4r fuktigt och kallt, och ett vindsf\u00f6rr\u00e5d, som \u00e4r torrt och varmare. Detta ger tv\u00e5 helt olika uttryck, d\u00e4r fukten avdunstar mer alkohol \u00e4n vatten, och torrheten avdunstar mer vatten \u00e4n alkohol.<\/p>\n<p>Cognac Frapin har genom \u00e5rhundraden byggt upp en l\u00e5ng tradition av gott hantverk och stabilitet i produktionen, varf\u00f6r de har ett gott rykte som en stor destillerare av lyxkonjak.<\/p>\n<p>Samtidigt som de \u00e4r ett v\u00e4letablerat cognachus med r\u00f6tter i historien jobbar man mycket med milj\u00f6n i Cognac. Huset har just uppn\u00e5tt den h\u00f6gsta m\u00f6jliga beteckningen HVE-3 f\u00f6r bevarande av biologisk m\u00e5ngfald p\u00e5 och runt sina \u00e5krar.<\/p>\n","protected":false},"excerpt":{"rendered":"<p>Premium Quality Cognac \u2013 Frapin<\/p>\n","protected":false},"featured_media":55962,"template":"","meta":{"_acf_changed":false,"rs_blank_template":"","rs_page_bg_color":"","slide_template_v7":""},"product_brand":[],"product_cat":[2387,2389,4600],"product_tag":[],"class_list":{"0":"post-55650","1":"product","2":"type-product","3":"status-publish","4":"has-post-thumbnail","6":"product_cat-avec-sv","7":"product_cat-cognac-sv","8":"product_cat-x-o-sv","9":"pa_land-frankrike","10":"pa_procent-41-4-sv","11":"pa_producent-frapin-sv","12":"pa_region-cognac-sv","13":"pa_vintage-1995-sv","14":"pa_volume-70-sv-2","16":"first","17":"instock","18":"sale","19":"taxable","20":"shipping-taxable","21":"purchasable","22":"product-type-simple"},"bundled_by":[],"bundle_stock_status":"instock","bundle_stock_quantity":null,"bundle_virtual":false,"bundle_layout":"","bundle_add_to_cart_form_location":"","bundle_editable_in_cart":false,"bundle_sold_individually_context":"","bundle_item_grouping":"","bundle_min_size":"","bundle_max_size":"","bundle_price":[],"bundled_items":[],"bundle_sell_ids":[],"acf":[],"_links":{"self":[{"href":"https:\/\/www.raschvin.com\/sv\/wp-json\/wp\/v2\/product\/55650","targetHints":{"allow":["GET"]}}],"collection":[{"href":"https:\/\/www.raschvin.com\/sv\/wp-json\/wp\/v2\/product"}],"about":[{"href":"https:\/\/www.raschvin.com\/sv\/wp-json\/wp\/v2\/types\/product"}],"wp:featuredmedia":[{"embeddable":true,"href":"https:\/\/www.raschvin.com\/sv\/wp-json\/wp\/v2\/media\/55962"}],"wp:attachment":[{"href":"https:\/\/www.raschvin.com\/sv\/wp-json\/wp\/v2\/media?parent=55650"}],"wp:term":[{"taxonomy":"product_brand","embeddable":true,"href":"https:\/\/www.raschvin.com\/sv\/wp-json\/wp\/v2\/product_brand?post=55650"},{"taxonomy":"product_cat","embeddable":true,"href":"https:\/\/www.raschvin.com\/sv\/wp-json\/wp\/v2\/product_cat?post=55650"},{"taxonomy":"product_tag","embeddable":true,"href":"https:\/\/www.raschvin.com\/sv\/wp-json\/wp\/v2\/product_tag?post=55650"}],"curies":[{"name":"wp","href":"https:\/\/api.w.org\/{rel}","templated":true}]}}