{"id":55612,"date":"2024-05-24T09:11:21","date_gmt":"2024-05-24T07:11:21","guid":{"rendered":"https:\/\/www.raschvin.com\/produkt\/suedtirol-mountain-gin-eco-70-cl-375\/"},"modified":"2024-05-24T09:11:21","modified_gmt":"2024-05-24T07:11:21","slug":"suedtirol-mountain-gin-eco-70-cl-375","status":"publish","type":"product","link":"https:\/\/www.raschvin.com\/sv\/produkt\/suedtirol-mountain-gin-eco-70-cl-375\/","title":{"rendered":"S\u00fcdtirol Mountain Gin (ECO) 70 cl. 37,5%"},"content":{"rendered":"<p>Magnifik, l\u00e4ttillg\u00e4nglig och extremt v\u00e4lgjord gin destillerad p\u00e5 det lilla familje\u00e4gda destilleriet Walcher i nord\u00f6stra Italien.<br \/>\nGinen erbjuder tydliga citrustoner och fr\u00e4sch\u00f6r samt en touch av krispighet i uttrycket. Enb\u00e4rsnoterna \u00e4r finst\u00e4mda. Vackra toner av l\u00e4ckra stenfrukter framtr\u00e4der elegant i smaken.<br \/>\nEtt sj\u00e4lvklart val f\u00f6r en l\u00e4cker G&#038;T eller andra festliga drinkar\/cocktails med ett fr\u00e4scht uttryck.<\/p>\n<p>1966 grundade Alfons Walcher familjedestilleriet &#8221;Maso&#8221; i Turmbachhof i Alto Adige i Sydtyrolen. Destilleriet ligger n\u00e4ra Appiano p\u00e5 vinv\u00e4gen i Alto Adige, och platsen har varit i familjen i 9 generationer nu. Det var ocks\u00e5 h\u00e4r som Alfons Walcher destillerade sin f\u00f6rsta grappa och konjak \u2013 allt fr\u00e5n en liten gammaldags vattenkokare. Grappa och andra typer av sprit fr\u00e5n Walcher g\u00f6rs p\u00e5 druvor fr\u00e5n vinproducenten Alois Lageder, som de har samarbetat med i flera \u00e5r. Alto Adige-omr\u00e5det drar nytta av perfekta klimatf\u00f6rh\u00e5llanden \u2013 kombinationen av ca. 280 soliga dagar om \u00e5ret och svala n\u00e4tter g\u00f6r att druvorna h\u00e4r utvecklar en alldeles speciell komplexitet. Idag \u00e4r det sonen Theodor Walcher som ansvarar f\u00f6r destilleringen och produktionen p\u00e5 Walcher. Hans m\u00e5ng\u00e5riga expertis g\u00f6r att f\u00f6retagets produkter idag finns p\u00e5 hyllan av h\u00f6gsta kvalitet inom sprit. Familjen Walcher tillverkar b\u00e5de konventionella och ekologiska produkter. Det \u00e4r i f\u00f6rsta hand produkter som tillh\u00f6r den senare kategorin som vi har inkluderat i v\u00e5rt sortiment.<\/p>\n","protected":false},"excerpt":{"rendered":"<p>Frongart Estate Small Batch &#8211; Walcher<\/p>\n","protected":false},"featured_media":55866,"template":"","meta":{"_acf_changed":false,"rs_blank_template":"","rs_page_bg_color":"","slide_template_v7":""},"product_brand":[],"product_cat":[4711,2402,2404],"product_tag":[],"class_list":{"0":"post-55612","1":"product","2":"type-product","3":"status-publish","4":"has-post-thumbnail","6":"product_cat-andra-gins","7":"product_cat-sprit-sv","8":"product_cat-gin-sv","9":"pa_land-italien-sv","10":"pa_oekologisk-yes-sv","11":"pa_procent-37-5-sv","12":"pa_producent-walcher-sv","13":"pa_region-suedtirol-alto-adige-sv","14":"pa_volume-70-sv-2","16":"first","17":"instock","18":"sale","19":"taxable","20":"shipping-taxable","21":"purchasable","22":"product-type-simple"},"bundled_by":[],"bundle_stock_status":"instock","bundle_stock_quantity":null,"bundle_virtual":false,"bundle_layout":"","bundle_add_to_cart_form_location":"","bundle_editable_in_cart":false,"bundle_sold_individually_context":"","bundle_item_grouping":"","bundle_min_size":"","bundle_max_size":"","bundle_price":[],"bundled_items":[],"bundle_sell_ids":[],"acf":[],"_links":{"self":[{"href":"https:\/\/www.raschvin.com\/sv\/wp-json\/wp\/v2\/product\/55612","targetHints":{"allow":["GET"]}}],"collection":[{"href":"https:\/\/www.raschvin.com\/sv\/wp-json\/wp\/v2\/product"}],"about":[{"href":"https:\/\/www.raschvin.com\/sv\/wp-json\/wp\/v2\/types\/product"}],"wp:featuredmedia":[{"embeddable":true,"href":"https:\/\/www.raschvin.com\/sv\/wp-json\/wp\/v2\/media\/55866"}],"wp:attachment":[{"href":"https:\/\/www.raschvin.com\/sv\/wp-json\/wp\/v2\/media?parent=55612"}],"wp:term":[{"taxonomy":"product_brand","embeddable":true,"href":"https:\/\/www.raschvin.com\/sv\/wp-json\/wp\/v2\/product_brand?post=55612"},{"taxonomy":"product_cat","embeddable":true,"href":"https:\/\/www.raschvin.com\/sv\/wp-json\/wp\/v2\/product_cat?post=55612"},{"taxonomy":"product_tag","embeddable":true,"href":"https:\/\/www.raschvin.com\/sv\/wp-json\/wp\/v2\/product_tag?post=55612"}],"curies":[{"name":"wp","href":"https:\/\/api.w.org\/{rel}","templated":true}]}}