{"id":55609,"date":"2024-05-24T09:03:40","date_gmt":"2024-05-24T07:03:40","guid":{"rendered":"https:\/\/www.raschvin.com\/produkt\/garnish-island-pink-gin-70-cl-46\/"},"modified":"2024-05-24T09:03:40","modified_gmt":"2024-05-24T07:03:40","slug":"garnish-island-pink-gin-70-cl-46","status":"publish","type":"product","link":"https:\/\/www.raschvin.com\/sv\/produkt\/garnish-island-pink-gin-70-cl-46\/","title":{"rendered":"Garnish Island Pink Gin 70 cl. 46%"},"content":{"rendered":"<p>Garnish Island Pink Gin 46% (Ilnacullin Garinish eller Garnish) \u00e4r namnet p\u00e5 en liten \u00f6 utanf\u00f6r staden Glengarriff i Bantry Bay. Bantry Bay ligger i sydv\u00e4stra Irland och \u00e4r cirka 90 km v\u00e4ster om staden Cork. Garnish Island s\u00e5ldes av Irish War Council efter andra v\u00e4rldskriget. \u00f6n k\u00f6ptes sedan av investeringsbanker som fick en italiensk landskapsarkitekt och botaniker att plantera \u00f6n. P\u00e5 grund av l\u00e4get mitt i Golfstr\u00f6mmen \u00e4r det svalare klimat \u00e4n n\u00e5gon annanstans p\u00e5 samma breddgrad, vilket g\u00f6r att \u00e4ven andra v\u00e4xter kan v\u00e4xa h\u00e4r.<\/p>\n<p>Floran p\u00e5 Garnish Island \u00e4r d\u00e4rf\u00f6r helt unik och Garnish Island Pink Gin anv\u00e4nder samma ingredienser som finns p\u00e5 \u00f6n. Sj\u00e4lva \u00f6n \u00e4r numera ett naturreservat och verkligen v\u00e4rt ett bes\u00f6k om du \u00e4r i omr\u00e5det. Till ingredienserna h\u00f6r t.ex. Hibiskus, irisrot, rosenblad, kakao (toner av m\u00f6rk choklad), citron, rosmarin, timjan och en hint av kryddor och toner av jordgubb. Detta \u00e4r s\u00e5klart ut\u00f6ver enb\u00e4r. Det hela \u00e4r batchdestillerat i en koppardestillation Garnish Island \u00e4r buteljerad till 46% och den \u00e4r inte kallfiltrerad. D\u00e4rf\u00f6r har den massor av smak och eteriska oljor, vilket kan g\u00f6ra att den opaliseras (g\u00f6r grumlig eller mj\u00f6lkvit) lite n\u00e4r den blandas med tonic\/glass\/etc. Garnish Island Pink gin f\u00e5r sin f\u00e4rg och distinkta smak fr\u00e5n en dubbel destillation och infusion av jordgubbar, hibiskus och rosenblad.<\/p>\n<p>West Cork Distillery grundades av 3 v\u00e4nner 2003: Denis McCarthy, Ger McCarthy &#038; John O&#8217;Connell i Union Hall, 2013 flyttade de till Skibbereen f\u00f6r att kunna h\u00e4nga med i produktionen, eftersom det &#8221;gick bra&#8221; f\u00f6r tv\u00e5 f\u00f6re detta fiskare. Det som g\u00f6r West Cork mest speciellt \u00e4r att personalen hj\u00e4lpte till att bygga destilleriet, samt utrustningen f\u00f6r m\u00e4ltning och destillering. Inget annat destilleri i v\u00e4rlden har personalen samma kunnande som du har h\u00e4r, eftersom du har varit med och byggt allt. Allt v\u00e4gs, m\u00e4ts och v\u00e4nds ocks\u00e5 f\u00f6r att s\u00e4kerst\u00e4lla att alla produkter h\u00e5ller toppklass. West Cork Distillery producerar en hel del olika sorters whisky, bl.a single malt whisky, men \u00e4ven blended whisky, alla whisky som produceras i West Cork \u00e4r gjorda av irl\u00e4ndsk korn (Barley). Gin produceras \u00e4ven p\u00e5 West Cork Distillery, bl.a. Garnera Island p\u00e5 46% som smakar fantastiskt.<\/p>\n","protected":false},"excerpt":{"rendered":"<p>Irish West Cork Distillers Gin<\/p>\n","protected":false},"featured_media":55766,"template":"","meta":{"_acf_changed":false,"rs_blank_template":"","rs_page_bg_color":"","slide_template_v7":""},"product_brand":[],"product_cat":[2404,4697,9479],"product_tag":[],"class_list":{"0":"post-55609","1":"product","2":"type-product","3":"status-publish","4":"has-post-thumbnail","6":"product_cat-gin-sv","7":"product_cat-rose-gin-sv","8":"product_cat-gintyper","9":"pa_land-irland-sv","10":"pa_procent-46-sv","11":"pa_producent-west-cork-distillers-sv","12":"pa_volume-70-sv-2","14":"first","15":"instock","16":"sale","17":"taxable","18":"shipping-taxable","19":"purchasable","20":"product-type-simple"},"bundled_by":[],"bundle_stock_status":"instock","bundle_stock_quantity":null,"bundle_virtual":false,"bundle_layout":"","bundle_add_to_cart_form_location":"","bundle_editable_in_cart":false,"bundle_sold_individually_context":"","bundle_item_grouping":"","bundle_min_size":"","bundle_max_size":"","bundle_price":[],"bundled_items":[],"bundle_sell_ids":[],"acf":[],"_links":{"self":[{"href":"https:\/\/www.raschvin.com\/sv\/wp-json\/wp\/v2\/product\/55609","targetHints":{"allow":["GET"]}}],"collection":[{"href":"https:\/\/www.raschvin.com\/sv\/wp-json\/wp\/v2\/product"}],"about":[{"href":"https:\/\/www.raschvin.com\/sv\/wp-json\/wp\/v2\/types\/product"}],"wp:featuredmedia":[{"embeddable":true,"href":"https:\/\/www.raschvin.com\/sv\/wp-json\/wp\/v2\/media\/55766"}],"wp:attachment":[{"href":"https:\/\/www.raschvin.com\/sv\/wp-json\/wp\/v2\/media?parent=55609"}],"wp:term":[{"taxonomy":"product_brand","embeddable":true,"href":"https:\/\/www.raschvin.com\/sv\/wp-json\/wp\/v2\/product_brand?post=55609"},{"taxonomy":"product_cat","embeddable":true,"href":"https:\/\/www.raschvin.com\/sv\/wp-json\/wp\/v2\/product_cat?post=55609"},{"taxonomy":"product_tag","embeddable":true,"href":"https:\/\/www.raschvin.com\/sv\/wp-json\/wp\/v2\/product_tag?post=55609"}],"curies":[{"name":"wp","href":"https:\/\/api.w.org\/{rel}","templated":true}]}}