{"id":55606,"date":"2024-05-24T08:54:37","date_gmt":"2024-05-24T06:54:37","guid":{"rendered":"https:\/\/www.raschvin.com\/produkt\/sacred-cardamom-gin-70-cl-438\/"},"modified":"2024-05-24T08:54:37","modified_gmt":"2024-05-24T06:54:37","slug":"sacred-cardamom-gin-70-cl-438","status":"publish","type":"product","link":"https:\/\/www.raschvin.com\/sv\/produkt\/sacred-cardamom-gin-70-cl-438\/","title":{"rendered":"Sacred Cardamom Gin 70 cl. 43,8%"},"content":{"rendered":"<p>Sacred Cardamum Gin \u00e4r gjord med 100% ekologiska kardemummafr\u00f6n. fr\u00f6na destilleras under vakuum. Det hela destilleras vid l\u00e5g temperatur och n\u00e4r destillatet \u00e4r f\u00e4rdigt blandas det i Kardemumma Gin. Kardemumma har en mycket intensiv smak och passar d\u00e4rf\u00f6r bra till cocktails. Eller f\u00f6r en gin och tonic men mindre gin, om du till exempel ska stanna en hel kv\u00e4ll eller beh\u00f6ver en drink som \u00e4r aptitretande och t\u00f6rstsl\u00e4ckande men med mycket smak. Denna gin har ca. 90% rent kardemummafr\u00f6destillat och de sista 10% \u00e4r fr\u00e4mst enb\u00e4r men \u00e4ven andra ingredienser fr\u00e5n Sacred Gin, s\u00e5som &#8217;Boswellia Sacra&#8217; en sorts harts som anv\u00e4nds f\u00f6r r\u00f6kelse, som \u00e4r latin och har gett namnet Sacred.<\/p>\n<p>Sacret Spirits ligger i Highgate, London. H\u00e4r destillerar Ian Hart vodka, gin, vermouth och bitter. Efter avslutad kemiutbildning arbetade Ian som m\u00e4klare p\u00e5 Wall Street, men vill hellre anv\u00e4nda sin utbildning till n\u00e5got konkret. Han hade samlat p\u00e5 Bordeaux i \u00e5ratal och b\u00f6rjade med att vilja bevara kvaliteten p\u00e5 vinerna. Med tiden &#8221;uppfann&#8221; han en gin, som han tog till den lokala puben. H\u00e4r blev det en stor succ\u00e9, och den lilla entrepren\u00f6rsfamiljen (hustrun Hilary) drogs sedan in i verksamheten. Det som g\u00f6r Sacred speciellt \u00e4r att den destilleras under vakuum, vid l\u00e5ga temperaturer. Senare blev Ian kontaktad av barchefen p\u00e5 The Dukes Hotel i London, som hade smakat hans gin, och pl\u00f6tsligt befann sig Ian p\u00e5 att resa runt i Londons tub, med gin. leveranser till hela staden. Han fick sedan byta till en professionell distribut\u00f6r och resten av historien \u00e4r v\u00e4lk\u00e4nd. Sacred Gins fantastiska kvalitet gjorde att produkten spreds f\u00f6rst till resten av Storbritannien och senare \u00f6ver landets gr\u00e4nser. 2013 vann Sacred Gin dubbla guld vid San Francisco World Spirits Competition. Vi \u00e4r mycket stolta \u00f6ver att kunna presentera Danmark med Sacred Spirits mycket begr\u00e4nsade produktion p\u00e5 mindre \u00e4n 30 000 flaskor \u00e5rligen. En helt och h\u00e5llet fenomenal producent av Gin.<\/p>\n","protected":false},"excerpt":{"rendered":"<p>Premium Handcrafted Gin<\/p>\n","protected":false},"featured_media":55890,"template":"","meta":{"_acf_changed":false,"rs_blank_template":"","rs_page_bg_color":"","slide_template_v7":""},"product_brand":[],"product_cat":[2402,2404,4711],"product_tag":[],"class_list":{"0":"post-55606","1":"product","2":"type-product","3":"status-publish","4":"has-post-thumbnail","6":"product_cat-sprit-sv","7":"product_cat-gin-sv","8":"product_cat-andra-gins","9":"pa_land-england-sv","10":"pa_procent-43-8-sv","11":"pa_producent-sacred-sv","12":"pa_volume-70-sv-2","14":"first","15":"instock","16":"sale","17":"taxable","18":"shipping-taxable","19":"purchasable","20":"product-type-simple"},"bundled_by":[],"bundle_stock_status":"instock","bundle_stock_quantity":null,"bundle_virtual":false,"bundle_layout":"","bundle_add_to_cart_form_location":"","bundle_editable_in_cart":false,"bundle_sold_individually_context":"","bundle_item_grouping":"","bundle_min_size":"","bundle_max_size":"","bundle_price":[],"bundled_items":[],"bundle_sell_ids":[],"acf":[],"_links":{"self":[{"href":"https:\/\/www.raschvin.com\/sv\/wp-json\/wp\/v2\/product\/55606","targetHints":{"allow":["GET"]}}],"collection":[{"href":"https:\/\/www.raschvin.com\/sv\/wp-json\/wp\/v2\/product"}],"about":[{"href":"https:\/\/www.raschvin.com\/sv\/wp-json\/wp\/v2\/types\/product"}],"wp:featuredmedia":[{"embeddable":true,"href":"https:\/\/www.raschvin.com\/sv\/wp-json\/wp\/v2\/media\/55890"}],"wp:attachment":[{"href":"https:\/\/www.raschvin.com\/sv\/wp-json\/wp\/v2\/media?parent=55606"}],"wp:term":[{"taxonomy":"product_brand","embeddable":true,"href":"https:\/\/www.raschvin.com\/sv\/wp-json\/wp\/v2\/product_brand?post=55606"},{"taxonomy":"product_cat","embeddable":true,"href":"https:\/\/www.raschvin.com\/sv\/wp-json\/wp\/v2\/product_cat?post=55606"},{"taxonomy":"product_tag","embeddable":true,"href":"https:\/\/www.raschvin.com\/sv\/wp-json\/wp\/v2\/product_tag?post=55606"}],"curies":[{"name":"wp","href":"https:\/\/api.w.org\/{rel}","templated":true}]}}