{"id":55264,"date":"2024-05-21T17:51:23","date_gmt":"2024-05-21T15:51:23","guid":{"rendered":"https:\/\/www.raschvin.com\/produkt\/el-dorado-the-last-casks-diamond-coffey-tri-canada-1998-70-cl-491\/"},"modified":"2024-05-21T17:51:23","modified_gmt":"2024-05-21T15:51:23","slug":"el-dorado-the-last-casks-diamond-coffey-tri-canada-1998-70-cl-491","status":"publish","type":"product","link":"https:\/\/www.raschvin.com\/sv\/produkt\/el-dorado-the-last-casks-diamond-coffey-tri-canada-1998-70-cl-491\/","title":{"rendered":"El Dorado The Last Casks Diamond Coffey &#038; Tri-Canada 1998 70 cl. 49,1%"},"content":{"rendered":"<p>Denna Limited \u2013 Last Casks \u2013 Edition \u00e4r tillverkad av den enda \u00e5terst\u00e5ende delen som blandas 1998, best\u00e5ende av rom destillerad p\u00e5 Diamond Coffey Still, och rom som en g\u00e5ng producerades p\u00e5 den sedan avvecklade Tri-Canada Redistillation Still. Denna rom skapades konstfullt av den bortg\u00e5ngne Master Distiller George Robinson och \u00e5ldrades i 24 \u00e5r i f\u00f6retagets Barrel-lager i Guyana.<\/p>\n<p>Denna cuv\u00e9e av El Dorado-rom kommer fr\u00e5n ett parti fat som lagrats 1998. Det \u00e4r en blandning av melassrom fr\u00e5n Diamond Distillers Ltd.<\/p>\n<p>Blandningen best\u00e5r av rom som destillerats med Coffey-kolonnen och Tri-Canada omdestillationsdestillation. Den senare anv\u00e4nds fortfarande inte l\u00e4ngre.<\/p>\n<p>Detaljer:<br \/>\nFatstyrka: 49,1 %<br \/>\nLagrad p\u00e5 ex-bourbonfat<br \/>\nEj kylfiltrerad<br \/>\nTropiskt \u00e5ldrad i Guyana i 24 \u00e5r<br \/>\nButeljerat i Guyana 2022 som en begr\u00e4nsad upplaga<\/p>\n<p>Smakanteckningar:<br \/>\nF\u00e4rg: M\u00f6rk gyllene, b\u00e4rnstensf\u00e4rgad.<br \/>\nN\u00e4sa: Ett ljust bland av honung, mandel, apelsin och bananaromer som \u00e4r specifika f\u00f6r dessa metalldestillat\u00f6rer.<br \/>\nSmak: En kvardr\u00f6jande eftersmak av lakrits och m\u00f6rk choklad med en ton av gr\u00f6na \u00e4pplen och rika toner av torkad frukt.<\/p>\n","protected":false},"excerpt":{"rendered":"<p>Limited Guyana Premium Aged Rum<\/p>\n","protected":false},"featured_media":55415,"template":"","meta":{"_acf_changed":false,"rs_blank_template":"","rs_page_bg_color":"","slide_template_v7":""},"product_brand":[],"product_cat":[2387,4634,2391],"product_tag":[],"class_list":{"0":"post-55264","1":"product","2":"type-product","3":"status-publish","4":"has-post-thumbnail","6":"product_cat-avec-sv","7":"product_cat-premium-aged-sv","8":"product_cat-rom-sv","9":"pa_land-guyana-sv","10":"pa_procent-49-1-sv","11":"pa_producent-demerara-distillers-sv","12":"pa_vintage-1998-sv","13":"pa_volume-70-sv-2","15":"first","16":"instock","17":"taxable","18":"shipping-taxable","19":"purchasable","20":"product-type-simple"},"bundled_by":[],"bundle_stock_status":"instock","bundle_stock_quantity":null,"bundle_virtual":false,"bundle_layout":"","bundle_add_to_cart_form_location":"","bundle_editable_in_cart":false,"bundle_sold_individually_context":"","bundle_item_grouping":"","bundle_min_size":"","bundle_max_size":"","bundle_price":[],"bundled_items":[],"bundle_sell_ids":[],"acf":[],"_links":{"self":[{"href":"https:\/\/www.raschvin.com\/sv\/wp-json\/wp\/v2\/product\/55264","targetHints":{"allow":["GET"]}}],"collection":[{"href":"https:\/\/www.raschvin.com\/sv\/wp-json\/wp\/v2\/product"}],"about":[{"href":"https:\/\/www.raschvin.com\/sv\/wp-json\/wp\/v2\/types\/product"}],"wp:featuredmedia":[{"embeddable":true,"href":"https:\/\/www.raschvin.com\/sv\/wp-json\/wp\/v2\/media\/55415"}],"wp:attachment":[{"href":"https:\/\/www.raschvin.com\/sv\/wp-json\/wp\/v2\/media?parent=55264"}],"wp:term":[{"taxonomy":"product_brand","embeddable":true,"href":"https:\/\/www.raschvin.com\/sv\/wp-json\/wp\/v2\/product_brand?post=55264"},{"taxonomy":"product_cat","embeddable":true,"href":"https:\/\/www.raschvin.com\/sv\/wp-json\/wp\/v2\/product_cat?post=55264"},{"taxonomy":"product_tag","embeddable":true,"href":"https:\/\/www.raschvin.com\/sv\/wp-json\/wp\/v2\/product_tag?post=55264"}],"curies":[{"name":"wp","href":"https:\/\/api.w.org\/{rel}","templated":true}]}}