{"id":55261,"date":"2024-05-21T17:45:15","date_gmt":"2024-05-21T15:45:15","guid":{"rendered":"https:\/\/www.raschvin.com\/produkt\/el-dorado-the-last-casks-tri-canada-port-mourant-enmore-1998-70-cl-503\/"},"modified":"2024-05-21T17:45:15","modified_gmt":"2024-05-21T15:45:15","slug":"el-dorado-the-last-casks-tri-canada-port-mourant-enmore-1998-70-cl-503","status":"publish","type":"product","link":"https:\/\/www.raschvin.com\/sv\/produkt\/el-dorado-the-last-casks-tri-canada-port-mourant-enmore-1998-70-cl-503\/","title":{"rendered":"El Dorado The Last Casks Tri-Canada &#038; Port Mourant &#038; Enmore 1998 70 cl. 50,3%"},"content":{"rendered":"<p>Denna Limited \u2013 Last Casks \u2013 Edition \u00e4r en popul\u00e4r blandning som senast tillverkades 1998, best\u00e5ende av l\u00e4tt rom som producerades p\u00e5 den sedan utg\u00e5ende Tri-Canada Redistillation Still. Blandad och lagrad med rom fr\u00e5n Port Mourant Double Wooden Pot Still och Enmore Wooden Coffey Still. Denna rom skapades konstfullt av den bortg\u00e5ngne Master Distiller George Robinson och \u00e5ldrades i 24 \u00e5r i f\u00f6retagets Barrel-lager i Guyana.<\/p>\n<p>Detaljer:<br \/>\nFatstyrka: 50,3 %<br \/>\nLagrad p\u00e5 ex-bourbonfat<br \/>\nEj kylfiltrerad<br \/>\nTropiskt \u00e5ldrad i Guyana i 24 \u00e5r<br \/>\nButeljerat i Guyana 2022 som en begr\u00e4nsad upplaga<\/p>\n<p>Smakanteckningar:<br \/>\nF\u00e4rg: Djup b\u00e4rnstensf\u00e4rgad f\u00e4rg.<br \/>\nN\u00e4sa: R\u00f6kig och jordig doft av torkade frukter som russin och katrinplommon, s\u00f6ta kryddor som kanel och vanilj med djupa aromer av mandel och \u00e4dla tr\u00e4slag.<br \/>\nSmak: Smakrik och torr med mjuka toner av apelsinskal, honung, kola och m\u00f6rk choklad.<\/p>\n<p>Utm\u00e4rkt helkroppsrom Demerara med fin balans och elegant personlighet.<\/p>\n","protected":false},"excerpt":{"rendered":"<p>Limited Guyana Premium Aged Rum<\/p>\n","protected":false},"featured_media":55418,"template":"","meta":{"_acf_changed":false,"rs_blank_template":"","rs_page_bg_color":"","slide_template_v7":""},"product_brand":[],"product_cat":[2387,4634,2391],"product_tag":[],"class_list":{"0":"post-55261","1":"product","2":"type-product","3":"status-publish","4":"has-post-thumbnail","6":"product_cat-avec-sv","7":"product_cat-premium-aged-sv","8":"product_cat-rom-sv","9":"pa_land-guyana-sv","10":"pa_procent-50-3-sv","11":"pa_producent-demerara-distillers-sv","12":"pa_vintage-1998-sv","13":"pa_volume-70-sv-2","15":"first","16":"instock","17":"taxable","18":"shipping-taxable","19":"purchasable","20":"product-type-simple"},"bundled_by":[],"bundle_stock_status":"instock","bundle_stock_quantity":null,"bundle_virtual":false,"bundle_layout":"","bundle_add_to_cart_form_location":"","bundle_editable_in_cart":false,"bundle_sold_individually_context":"","bundle_item_grouping":"","bundle_min_size":"","bundle_max_size":"","bundle_price":[],"bundled_items":[],"bundle_sell_ids":[],"acf":[],"_links":{"self":[{"href":"https:\/\/www.raschvin.com\/sv\/wp-json\/wp\/v2\/product\/55261","targetHints":{"allow":["GET"]}}],"collection":[{"href":"https:\/\/www.raschvin.com\/sv\/wp-json\/wp\/v2\/product"}],"about":[{"href":"https:\/\/www.raschvin.com\/sv\/wp-json\/wp\/v2\/types\/product"}],"wp:featuredmedia":[{"embeddable":true,"href":"https:\/\/www.raschvin.com\/sv\/wp-json\/wp\/v2\/media\/55418"}],"wp:attachment":[{"href":"https:\/\/www.raschvin.com\/sv\/wp-json\/wp\/v2\/media?parent=55261"}],"wp:term":[{"taxonomy":"product_brand","embeddable":true,"href":"https:\/\/www.raschvin.com\/sv\/wp-json\/wp\/v2\/product_brand?post=55261"},{"taxonomy":"product_cat","embeddable":true,"href":"https:\/\/www.raschvin.com\/sv\/wp-json\/wp\/v2\/product_cat?post=55261"},{"taxonomy":"product_tag","embeddable":true,"href":"https:\/\/www.raschvin.com\/sv\/wp-json\/wp\/v2\/product_tag?post=55261"}],"curies":[{"name":"wp","href":"https:\/\/api.w.org\/{rel}","templated":true}]}}