{"id":55258,"date":"2024-05-21T17:36:13","date_gmt":"2024-05-21T15:36:13","guid":{"rendered":"https:\/\/www.raschvin.com\/produkt\/el-dorado-port-mourant-uitvlugt-diamond-2010-70-cl-496\/"},"modified":"2024-05-21T17:36:13","modified_gmt":"2024-05-21T15:36:13","slug":"el-dorado-port-mourant-uitvlugt-diamond-2010-70-cl-496","status":"publish","type":"product","link":"https:\/\/www.raschvin.com\/sv\/produkt\/el-dorado-port-mourant-uitvlugt-diamond-2010-70-cl-496\/","title":{"rendered":"El Dorado Port Mourant Uitvlugt Diamond 2010 70 cl. 49,6%"},"content":{"rendered":"<p>El Dorado Port Mourant Uitvlugt Diamond 2010 Violet \u00e4r en melassrom fr\u00e5n Guyanas mytomspunna Demerara-region. Efter &#8221;Rare Collection&#8221;-serien \u00e5terkommer El Dorado med &#8221;blended in the barrel&#8221;. Dessa \u00e4r blandningar fr\u00e5n olika destillationsapparater, gjorda f\u00f6re lagring p\u00e5 gamla bourbonfat.<\/p>\n<p>Port Mourants dubbla pot-still tar en stolthet, liksom kolumnerna Uitvlugt och Diamond. Destillationen \u00e4gde rum 2010, f\u00f6r tappning av r\u00e5fat 2019.<\/p>\n<p>N\u00e4san \u00f6ppnar sig med rostade, rundade toner, som en n\u00e4ve v\u00e4lrostade, karamellbelagda pekann\u00f6tter. En liten vegetabilisk och hartsaktig fr\u00e4sch\u00f6r verkar smyga sig in mellan fatstavarna och l\u00e4mnar v\u00e4gen fri f\u00f6r f\u00e4rgglada exotiska frukter.<\/p>\n<p>Med luftning \u00e4r r\u00f6k och stekning fast beslutna att beh\u00e5lla sin plats. De f\u00f6rflyttar frukten till bakgrunden, vilket ger oss en karamelliserad karakt\u00e4r.<\/p>\n<p>Smaken pr\u00e4glas av en v\u00e4lbekant mineral, koppar och dj\u00e4vulskt fruktig k\u00e4nsla. Endast Port Mourant kan fortfarande signera sin rom s\u00e5 h\u00e4r. H\u00e4r st\u00e5r det i centrum och solar sig i den rostade, lakritsspetsade eken, f\u00f6ljt av rostade n\u00f6tter.<\/p>\n<p>Avslutningen \u00e4r varm, med en pasta av \u00f6vermogna exotiska frukter och o\u00e4ndliga melass.<\/p>\n<p>&#8221;En bra \u00f6verblick \u00f6ver allt El Dorado kan g\u00f6ra, alltid med den rundhet som k\u00e4nnetecknar dess blandningar&#8230;&#8221;<\/p>\n","protected":false},"excerpt":{"rendered":"<p>Guyana Premium Aged Rum<\/p>\n","protected":false},"featured_media":55406,"template":"","meta":{"_acf_changed":false,"rs_blank_template":"","rs_page_bg_color":"","slide_template_v7":""},"product_brand":[],"product_cat":[2387,4634,2391],"product_tag":[],"class_list":{"0":"post-55258","1":"product","2":"type-product","3":"status-publish","4":"has-post-thumbnail","6":"product_cat-avec-sv","7":"product_cat-premium-aged-sv","8":"product_cat-rom-sv","9":"pa_land-guyana-sv","10":"pa_procent-49-6-sv","11":"pa_producent-demerara-distillers-sv","12":"pa_vintage-2010-sv","13":"pa_volume-70-sv-2","15":"first","16":"instock","17":"taxable","18":"shipping-taxable","19":"purchasable","20":"product-type-simple"},"bundled_by":[],"bundle_stock_status":"instock","bundle_stock_quantity":null,"bundle_virtual":false,"bundle_layout":"","bundle_add_to_cart_form_location":"","bundle_editable_in_cart":false,"bundle_sold_individually_context":"","bundle_item_grouping":"","bundle_min_size":"","bundle_max_size":"","bundle_price":[],"bundled_items":[],"bundle_sell_ids":[],"acf":[],"_links":{"self":[{"href":"https:\/\/www.raschvin.com\/sv\/wp-json\/wp\/v2\/product\/55258","targetHints":{"allow":["GET"]}}],"collection":[{"href":"https:\/\/www.raschvin.com\/sv\/wp-json\/wp\/v2\/product"}],"about":[{"href":"https:\/\/www.raschvin.com\/sv\/wp-json\/wp\/v2\/types\/product"}],"wp:featuredmedia":[{"embeddable":true,"href":"https:\/\/www.raschvin.com\/sv\/wp-json\/wp\/v2\/media\/55406"}],"wp:attachment":[{"href":"https:\/\/www.raschvin.com\/sv\/wp-json\/wp\/v2\/media?parent=55258"}],"wp:term":[{"taxonomy":"product_brand","embeddable":true,"href":"https:\/\/www.raschvin.com\/sv\/wp-json\/wp\/v2\/product_brand?post=55258"},{"taxonomy":"product_cat","embeddable":true,"href":"https:\/\/www.raschvin.com\/sv\/wp-json\/wp\/v2\/product_cat?post=55258"},{"taxonomy":"product_tag","embeddable":true,"href":"https:\/\/www.raschvin.com\/sv\/wp-json\/wp\/v2\/product_tag?post=55258"}],"curies":[{"name":"wp","href":"https:\/\/api.w.org\/{rel}","templated":true}]}}