{"id":55255,"date":"2024-05-21T17:29:14","date_gmt":"2024-05-21T15:29:14","guid":{"rendered":"https:\/\/www.raschvin.com\/produkt\/el-dorado-port-mourant-uitvlugt-2010-70-cl-51\/"},"modified":"2024-05-21T17:29:14","modified_gmt":"2024-05-21T15:29:14","slug":"el-dorado-port-mourant-uitvlugt-2010-70-cl-51","status":"publish","type":"product","link":"https:\/\/www.raschvin.com\/sv\/produkt\/el-dorado-port-mourant-uitvlugt-2010-70-cl-51\/","title":{"rendered":"El Dorado Port Mourant Uitvlugt 2010 70 cl. 51%"},"content":{"rendered":"<p>El Dorado Port Mourant Uitvlugt 2010 Orange \u00e4r en melassrom fr\u00e5n Guyana. Det destillerades vid Diamond, p\u00e5 stranden av floden Demerara, landets enda kvarvarande destilleri. Detta destilleri har det speciella med att ha samlat alla stillbilder fr\u00e5n Guyanas tidigare plantager, som nu har f\u00f6rsvunnit. Dessa inkluderar den ber\u00f6mda Port Mourant-tr\u00e4grytan och den 4-kolumniga Uitvlugt-kammaren.<\/p>\n<p>Dessa tv\u00e5 &#8221;m\u00e4rken&#8221; (PM och ICBU) blandades f\u00f6re lagring, d\u00e4rav termen &#8221;blandade i fatet&#8221;. Destillering \u00e4gde rum 2010, och romen buteljerades brut de f\u00fbt 2019.<\/p>\n<p>Nicos smaklappar<br \/>\nN\u00e4san domineras av m\u00f6rka, rostade och n\u00e5got eteriska nyanser. Det tar n\u00e5gra \u00f6gonblick f\u00f6r r\u00f6kmolnet att skingras och avsl\u00f6jar h\u00e4rliga rostade n\u00f6tter med kokosn\u00f6tsaccenter.<\/p>\n<p>Med luftning bekr\u00e4ftar rommen sin rostade tendens, med toner av rostat br\u00f6d, starkt kaffe, muscovado och lakritsst\u00e5ng.<\/p>\n<p>Smaken \u00e4r mjuk, med en mycket flytande konsistens vid attacken. Detta f\u00f6ljs av en mer koncentrerad, rostad och sammandragande v\u00e5g av runda n\u00f6tter, kaffe och rostat vitt tr\u00e4. Vaniljen som kommer fram fr\u00e5n denna rostning visar en s\u00f6tare sida som kommer med tiden.<\/p>\n<p>Avslutningen \u00e4r rund och f\u00f6rsiktigt kryddig. Eken \u00e4r m\u00f6r och dess fiber flyter som sirap.<\/p>\n<p>&#8221;En Demerara som balanserar sina mycket rostade aromer med en mycket rundad, j\u00e4mn oljig sida&#8230;&#8221;<\/p>\n","protected":false},"excerpt":{"rendered":"<p>Guyana Premium Aged Rum<\/p>\n","protected":false},"featured_media":55403,"template":"","meta":{"_acf_changed":false,"rs_blank_template":"","rs_page_bg_color":"","slide_template_v7":""},"product_brand":[],"product_cat":[2387,4634,2391],"product_tag":[],"class_list":{"0":"post-55255","1":"product","2":"type-product","3":"status-publish","4":"has-post-thumbnail","6":"product_cat-avec-sv","7":"product_cat-premium-aged-sv","8":"product_cat-rom-sv","9":"pa_land-guyana-sv","10":"pa_procent-51-sv","11":"pa_producent-demerara-distillers-sv","12":"pa_vintage-2010-sv","13":"pa_volume-70-sv-2","15":"first","16":"instock","17":"taxable","18":"shipping-taxable","19":"purchasable","20":"product-type-simple"},"bundled_by":[],"bundle_stock_status":"instock","bundle_stock_quantity":null,"bundle_virtual":false,"bundle_layout":"","bundle_add_to_cart_form_location":"","bundle_editable_in_cart":false,"bundle_sold_individually_context":"","bundle_item_grouping":"","bundle_min_size":"","bundle_max_size":"","bundle_price":[],"bundled_items":[],"bundle_sell_ids":[],"acf":[],"_links":{"self":[{"href":"https:\/\/www.raschvin.com\/sv\/wp-json\/wp\/v2\/product\/55255","targetHints":{"allow":["GET"]}}],"collection":[{"href":"https:\/\/www.raschvin.com\/sv\/wp-json\/wp\/v2\/product"}],"about":[{"href":"https:\/\/www.raschvin.com\/sv\/wp-json\/wp\/v2\/types\/product"}],"wp:featuredmedia":[{"embeddable":true,"href":"https:\/\/www.raschvin.com\/sv\/wp-json\/wp\/v2\/media\/55403"}],"wp:attachment":[{"href":"https:\/\/www.raschvin.com\/sv\/wp-json\/wp\/v2\/media?parent=55255"}],"wp:term":[{"taxonomy":"product_brand","embeddable":true,"href":"https:\/\/www.raschvin.com\/sv\/wp-json\/wp\/v2\/product_brand?post=55255"},{"taxonomy":"product_cat","embeddable":true,"href":"https:\/\/www.raschvin.com\/sv\/wp-json\/wp\/v2\/product_cat?post=55255"},{"taxonomy":"product_tag","embeddable":true,"href":"https:\/\/www.raschvin.com\/sv\/wp-json\/wp\/v2\/product_tag?post=55255"}],"curies":[{"name":"wp","href":"https:\/\/api.w.org\/{rel}","templated":true}]}}