{"id":55252,"date":"2024-05-21T17:21:41","date_gmt":"2024-05-21T15:21:41","guid":{"rendered":"https:\/\/www.raschvin.com\/produkt\/el-dorado-diamond-port-mourant-2010-70-cl-491\/"},"modified":"2024-05-21T17:21:41","modified_gmt":"2024-05-21T15:21:41","slug":"el-dorado-diamond-port-mourant-2010-70-cl-491","status":"publish","type":"product","link":"https:\/\/www.raschvin.com\/sv\/produkt\/el-dorado-diamond-port-mourant-2010-70-cl-491\/","title":{"rendered":"El Dorado Diamond Port Mourant 2010 70 cl. 49,1%"},"content":{"rendered":"<p>El Dorado Diamond Port Mourant 2010 Vert \u00e4r en blandad-i-fat-blandning fr\u00e5n det ber\u00f6mda Demerara-destilleriet. Denna region i Guyana var en g\u00e5ng hem f\u00f6r dussintals destillerier som var och en producerade olika rom. Dessa destillerier har alla st\u00e4ngt idag, men en del av deras destillationer och recept har bevarats.<\/p>\n<p>Diamond destilleriet har blandat rom fr\u00e5n Coffey stills och den legendariska Port Mourant pot-still innan \u00e5ldring.<\/p>\n<p>Dessa rom destillerades 2010, lagrades p\u00e5 gamla bourbonfat och buteljerades sedan brut de f\u00fbt 2019.<\/p>\n<p>N\u00e4san k\u00e4nnetecknas initialt av rostade aromer. F\u00f6rst lite s\u00f6tt kaffe, sedan en ganska kraftig br\u00e4nd ved. Noter av rostade n\u00f6tter dyker upp som p\u00e5minner om fr\u00e4schare tr\u00e4 n\u00e4r de tappar sitt f\u00f6rkolnade kuvert.<\/p>\n<p>Vid luftning kommer de intensivt karamelliserade n\u00f6tnoterna som ger Demerara-rom sin charm fram. H\u00e4r \u00e4r de delikat belagda och noggrant kryddade.<\/p>\n<p>Smaken grips av ett kraftigt rostat ekfat, vars br\u00e4nda yta ger en n\u00e4stan mineralisk k\u00e4nsla av tr\u00e4kol. Ur detta m\u00f6rker kommer toner av lakrits med en saftig bar av koncentrerad juice. N\u00f6tter med intensiva k\u00e4rnor finns i mitten av gommen, rikt karamelliserade och belagda.<\/p>\n<p>Finishen bjuder p\u00e5 en touch av r\u00f6k och stek, men framf\u00f6r allt mycket rundhet.<\/p>\n<p>&#8221;En enkel, effektiv Demerara, med den vanliga rundheten hos sortimentets rom&#8230;&#8221;<\/p>\n","protected":false},"excerpt":{"rendered":"<p>Guyana Premium Aged Rum<\/p>\n","protected":false},"featured_media":55409,"template":"","meta":{"_acf_changed":false,"rs_blank_template":"","rs_page_bg_color":"","slide_template_v7":""},"product_brand":[],"product_cat":[2387,2391,4634],"product_tag":[],"class_list":{"0":"post-55252","1":"product","2":"type-product","3":"status-publish","4":"has-post-thumbnail","6":"product_cat-avec-sv","7":"product_cat-rom-sv","8":"product_cat-premium-aged-sv","9":"pa_land-guyana-sv","10":"pa_procent-49-1-sv","11":"pa_producent-demerara-distillers-sv","12":"pa_vintage-2010-sv","13":"pa_volume-70-sv-2","15":"first","16":"instock","17":"taxable","18":"shipping-taxable","19":"purchasable","20":"product-type-simple"},"bundled_by":[],"bundle_stock_status":"instock","bundle_stock_quantity":null,"bundle_virtual":false,"bundle_layout":"","bundle_add_to_cart_form_location":"","bundle_editable_in_cart":false,"bundle_sold_individually_context":"","bundle_item_grouping":"","bundle_min_size":"","bundle_max_size":"","bundle_price":[],"bundled_items":[],"bundle_sell_ids":[],"acf":[],"_links":{"self":[{"href":"https:\/\/www.raschvin.com\/sv\/wp-json\/wp\/v2\/product\/55252","targetHints":{"allow":["GET"]}}],"collection":[{"href":"https:\/\/www.raschvin.com\/sv\/wp-json\/wp\/v2\/product"}],"about":[{"href":"https:\/\/www.raschvin.com\/sv\/wp-json\/wp\/v2\/types\/product"}],"wp:featuredmedia":[{"embeddable":true,"href":"https:\/\/www.raschvin.com\/sv\/wp-json\/wp\/v2\/media\/55409"}],"wp:attachment":[{"href":"https:\/\/www.raschvin.com\/sv\/wp-json\/wp\/v2\/media?parent=55252"}],"wp:term":[{"taxonomy":"product_brand","embeddable":true,"href":"https:\/\/www.raschvin.com\/sv\/wp-json\/wp\/v2\/product_brand?post=55252"},{"taxonomy":"product_cat","embeddable":true,"href":"https:\/\/www.raschvin.com\/sv\/wp-json\/wp\/v2\/product_cat?post=55252"},{"taxonomy":"product_tag","embeddable":true,"href":"https:\/\/www.raschvin.com\/sv\/wp-json\/wp\/v2\/product_tag?post=55252"}],"curies":[{"name":"wp","href":"https:\/\/api.w.org\/{rel}","templated":true}]}}