{"id":55246,"date":"2024-05-21T17:03:17","date_gmt":"2024-05-21T15:03:17","guid":{"rendered":"https:\/\/www.raschvin.com\/produkt\/el-dorado-25-years-grand-special-reserve-70-cl-43\/"},"modified":"2024-05-21T17:03:17","modified_gmt":"2024-05-21T15:03:17","slug":"el-dorado-25-years-grand-special-reserve-70-cl-43","status":"publish","type":"product","link":"https:\/\/www.raschvin.com\/sv\/produkt\/el-dorado-25-years-grand-special-reserve-70-cl-43\/","title":{"rendered":"El Dorado 25 Years Grand Special Reserve 70 cl. 43%"},"content":{"rendered":"<p>Denna 25-\u00e5riga El Dorado-\u00e5rg\u00e5ng \u00e4r en begr\u00e4nsad upplaga. Det \u00e4r en blandning av rom som destillerats i olika prestigefyllda Demerara destillations, och alla gjutna 1992.<\/p>\n<p>\u00c5ldrandet \u00e4r helt tropiskt.<\/p>\n<p>P\u00e5 n\u00e4san hittar vi de karamelliserade n\u00f6tterna som \u00e4r typiska f\u00f6r Demerara-romtraditionen. Pekann\u00f6tterna \u00e4r gener\u00f6st belagda och gener\u00f6st rostade. De ger ifr\u00e5n sig inslag av kaffe och svart lakrits.<\/p>\n<p>Luftning tar oss in p\u00e5 ett djupare, mer koncentrerat, fruktigare territorium. Exotiska och icke-exotiska gula frukter ger en sammetslen touch till denna pudriga, rostade atmosf\u00e4r. Mango gnuggar axlar med persika och aprikos m\u00f6ter rostad ananas. Ett l\u00e4tt vegetabiliskt avtryck \u00e4r ocks\u00e5 n\u00e4rvarande, med torkade aromatiska \u00f6rter i \u00f6verfl\u00f6d i k\u00e4nslan av komplexitet och koncentration.<\/p>\n<p>Smaken \u00e4r mycket sl\u00e4t och l\u00e4tt, men erbjuder en komplex aromatisk profil. En \u00f6verraskande tr\u00e4ighet m\u00f6ter oss, fuktig och tropisk, vars hj\u00e4rta ligger en koncentration av mogen exotisk frukt. Skonsam rostning tar snabbt \u00f6ver, med en s\u00f6t konsistens som utan anstr\u00e4ngning balanserar dess mer rostade lutningar.<\/p>\n<p>P\u00e5 avslutningen \u00e4r rostade, karamelliserade pekann\u00f6tter p\u00e5 topp, en typisk profil f\u00f6r regionen.<\/p>\n<p>&#8221;En Demerara som \u00e4r mycket representativ f\u00f6r sin stil, med en stark f\u00f6rdom mot rundhet&#8230;&#8221;<\/p>\n","protected":false},"excerpt":{"rendered":"<p>Guyana Premium Aged Rum<\/p>\n","protected":false},"featured_media":55355,"template":"","meta":{"_acf_changed":false,"rs_blank_template":"","rs_page_bg_color":"","slide_template_v7":""},"product_brand":[],"product_cat":[2387,4634,2391],"product_tag":[],"class_list":{"0":"post-55246","1":"product","2":"type-product","3":"status-publish","4":"has-post-thumbnail","6":"product_cat-avec-sv","7":"product_cat-premium-aged-sv","8":"product_cat-rom-sv","9":"pa_land-guyana-sv","10":"pa_procent-43-sv","11":"pa_producent-demerara-distillers-sv","12":"pa_volume-70-sv-2","14":"first","15":"instock","16":"taxable","17":"shipping-taxable","18":"purchasable","19":"product-type-simple"},"bundled_by":[],"bundle_stock_status":"instock","bundle_stock_quantity":null,"bundle_virtual":false,"bundle_layout":"","bundle_add_to_cart_form_location":"","bundle_editable_in_cart":false,"bundle_sold_individually_context":"","bundle_item_grouping":"","bundle_min_size":"","bundle_max_size":"","bundle_price":[],"bundled_items":[],"bundle_sell_ids":[],"acf":[],"_links":{"self":[{"href":"https:\/\/www.raschvin.com\/sv\/wp-json\/wp\/v2\/product\/55246","targetHints":{"allow":["GET"]}}],"collection":[{"href":"https:\/\/www.raschvin.com\/sv\/wp-json\/wp\/v2\/product"}],"about":[{"href":"https:\/\/www.raschvin.com\/sv\/wp-json\/wp\/v2\/types\/product"}],"wp:featuredmedia":[{"embeddable":true,"href":"https:\/\/www.raschvin.com\/sv\/wp-json\/wp\/v2\/media\/55355"}],"wp:attachment":[{"href":"https:\/\/www.raschvin.com\/sv\/wp-json\/wp\/v2\/media?parent=55246"}],"wp:term":[{"taxonomy":"product_brand","embeddable":true,"href":"https:\/\/www.raschvin.com\/sv\/wp-json\/wp\/v2\/product_brand?post=55246"},{"taxonomy":"product_cat","embeddable":true,"href":"https:\/\/www.raschvin.com\/sv\/wp-json\/wp\/v2\/product_cat?post=55246"},{"taxonomy":"product_tag","embeddable":true,"href":"https:\/\/www.raschvin.com\/sv\/wp-json\/wp\/v2\/product_tag?post=55246"}],"curies":[{"name":"wp","href":"https:\/\/api.w.org\/{rel}","templated":true}]}}