{"id":55241,"date":"2024-05-21T16:43:21","date_gmt":"2024-05-21T14:43:21","guid":{"rendered":"https:\/\/www.raschvin.com\/produkt\/kopke-port-colheita-2006-75-cl-20\/"},"modified":"2024-05-21T16:43:21","modified_gmt":"2024-05-21T14:43:21","slug":"kopke-port-colheita-2006-75-cl-20","status":"publish","type":"product","link":"https:\/\/www.raschvin.com\/sv\/produkt\/kopke-port-colheita-2006-75-cl-20\/","title":{"rendered":"Kopke Port \u2013 Colheita 2006 75 cl. 20%"},"content":{"rendered":"<p>Detta \u00e4r en kvalitetsport som kommer att gl\u00e4dja alla portentusiaster med utm\u00e4rkt komplexitet, balans och dryckesgl\u00e4dje.<br \/>\nKopke bygger p\u00e5 husets hundra\u00e5riga erfarenhet och lagerf\u00f6r oxidativa fatlagrade portviner, d\u00e4r de tillh\u00f6r en liten exklusiv elit. Kopkes tawnies har en komplex och syrafri aromprofil som g\u00f6r dem behagliga att dricka \u00f6ver tid.<\/p>\n<p>Colheita \u00e4r, till skillnad fr\u00e5n de blandade portvinerna, en tawny fr\u00e5n en och samma \u00e5rg\u00e5ng, allts\u00e5 en &#8217;vintage tawny&#8217;. F\u00f6r en colheita kr\u00e4vs minst 7 \u00e5rs lagring p\u00e5 tr\u00e4fat innan utsl\u00e4ppet, och det finns ingen \u00f6vre gr\u00e4ns f\u00f6r lagrings\u00e5ldern. Denna Colheita 2006 har lagrats p\u00e5 gamla 550 liters ekfat i 17 \u00e5r innan buteljering; en tidsperiod som satt sin pr\u00e4gel p\u00e5 vinet i den utstr\u00e4ckningen.<\/p>\n<p>Katrinplommon, russin, lack, kola, valn\u00f6tter, lite r\u00f6k och apelsinskal matchas av en gyllene syra, s\u00e5 att helheten framst\u00e5r med r\u00e4tt tyngd. Eftersmaken har exemplarisk l\u00e4ngd och vinets s\u00f6tma (ca 100 g\/l) framst\u00e5r som vackert integrerad.<\/p>\n<p>Njut av denna tawny som ett mysigt vin eller till exempel med cr\u00eapes suzette, kolakant, n\u00f6tt\u00e5rtor m.m. \u2013 och s\u00e5 \u00e4r den ju lysande till julbaket n\u00e4r \u00e5rstiden \u00e4r r\u00e4tt f\u00f6r det.<\/p>\n<p>Efter \u00f6ppnande \u00e4r vinet stabilt i upp till 4-6 veckor \u2013 ev f\u00f6rvaras i kylsk\u00e5p. Efter det blir vinet bara sakta svagare och tappar lite fokus allt eftersom dagarna g\u00e5r, s\u00e5 f\u00e5 inte panik om det finns n\u00e5gra glas kvar i en \u00f6ppen flaska&#8230;<\/p>\n<p>Serveras vid 12-16\u00b0 i rymliga vitvinsglas.<\/p>\n","protected":false},"excerpt":{"rendered":"<p>Douro Valley Port<\/p>\n","protected":false},"featured_media":55475,"template":"","meta":{"_acf_changed":false,"rs_blank_template":"","rs_page_bg_color":"","slide_template_v7":""},"product_brand":[],"product_cat":[2765,4737,2772],"product_tag":[],"class_list":{"0":"post-55241","1":"product","2":"type-product","3":"status-publish","4":"has-post-thumbnail","6":"product_cat-hedvin-sv","7":"product_cat-colheita-sv","8":"product_cat-hamn","9":"pa_drue-traditional-douro-grape-varieties-sv","10":"pa_land-portugal-sv","11":"pa_procent-20-sv","12":"pa_producent-kopke-sv","13":"pa_region-douro-sv","14":"pa_serveringstemperatur-12-16-sv","15":"pa_vintage-2006-sv","16":"pa_volume-75-sv","18":"first","19":"instock","20":"sale","21":"taxable","22":"shipping-taxable","23":"purchasable","24":"product-type-simple"},"bundled_by":[],"bundle_stock_status":"instock","bundle_stock_quantity":null,"bundle_virtual":false,"bundle_layout":"","bundle_add_to_cart_form_location":"","bundle_editable_in_cart":false,"bundle_sold_individually_context":"","bundle_item_grouping":"","bundle_min_size":"","bundle_max_size":"","bundle_price":[],"bundled_items":[],"bundle_sell_ids":[],"acf":[],"_links":{"self":[{"href":"https:\/\/www.raschvin.com\/sv\/wp-json\/wp\/v2\/product\/55241","targetHints":{"allow":["GET"]}}],"collection":[{"href":"https:\/\/www.raschvin.com\/sv\/wp-json\/wp\/v2\/product"}],"about":[{"href":"https:\/\/www.raschvin.com\/sv\/wp-json\/wp\/v2\/types\/product"}],"wp:featuredmedia":[{"embeddable":true,"href":"https:\/\/www.raschvin.com\/sv\/wp-json\/wp\/v2\/media\/55475"}],"wp:attachment":[{"href":"https:\/\/www.raschvin.com\/sv\/wp-json\/wp\/v2\/media?parent=55241"}],"wp:term":[{"taxonomy":"product_brand","embeddable":true,"href":"https:\/\/www.raschvin.com\/sv\/wp-json\/wp\/v2\/product_brand?post=55241"},{"taxonomy":"product_cat","embeddable":true,"href":"https:\/\/www.raschvin.com\/sv\/wp-json\/wp\/v2\/product_cat?post=55241"},{"taxonomy":"product_tag","embeddable":true,"href":"https:\/\/www.raschvin.com\/sv\/wp-json\/wp\/v2\/product_tag?post=55241"}],"curies":[{"name":"wp","href":"https:\/\/api.w.org\/{rel}","templated":true}]}}