{"id":55233,"date":"2024-05-21T11:36:23","date_gmt":"2024-05-21T09:36:23","guid":{"rendered":"https:\/\/www.raschvin.com\/produkt\/nixta-licor-de-elote-corn-liqueur-70-cl-30\/"},"modified":"2024-05-21T11:36:23","modified_gmt":"2024-05-21T09:36:23","slug":"nixta-licor-de-elote-corn-liqueur-70-cl-30","status":"publish","type":"product","link":"https:\/\/www.raschvin.com\/sv\/produkt\/nixta-licor-de-elote-corn-liqueur-70-cl-30\/","title":{"rendered":"Nixta Licor de Elote (Corn Liqueur) 70 cl. 30%"},"content":{"rendered":"<p>Nixta Licor de Elote \u00e4r en mexikansk majslik\u00f6r gjord p\u00e5 en bas av m\u00f6r, ur\u00e5ldrig cacahuazintle (kaka \u2022 wha \u2022 SINT \u2022 lay) majs, odlad i de h\u00f6ga dalarna och vid foten av vulkanen Nevado de Toluca. Nixta produceras p\u00e5 Destiler\u00eda y Bodega Abasolo, d\u00e4r vi hedrar den mexikanska majskulturen och nixtamaliseringens f\u00f6rf\u00e4ders hantverk \u2013 en 4 000 \u00e5r gammal mesoamerikansk matlagningsteknik som avsl\u00f6jar de djupaste smakerna och aromerna av majs.<\/p>\n<p>F\u00c4RG<br \/>\nIntensivt halmstr\u00e5 med gyllene h\u00f6jdpunkter<\/p>\n<p>N\u00c4SA<br \/>\nMajsbr\u00f6d, rostad majs, vanilj och kola<\/p>\n<p>MUN<br \/>\nNoter av sockermajs perfekt balanserad med rostade toner av rostad majs, vanilj och karamell<\/p>\n<p>Som en drinkmodifierare ger Nixta texturell silkeslenhet och rik, bred smakm\u00e5ngsidighet \u2013 och l\u00e4gger till unika, s\u00f6ta eller salta komponenter till favoritdrycker eller anv\u00e4nds f\u00f6r att skapa nya hantverkscocktailrecept. Nixta kan \u00e4ven avnjutas rent eller \u00f6ver is.<\/p>\n<p>ETT ARVETE AV LANDET<\/p>\n<p>F\u00f6r att skapa Nixta, macereras s\u00e4songens b\u00e4sta mjuka majs i ett uts\u00f6kt majsdestillat och s\u00f6tas med klarad s\u00f6t v\u00f6rt \u2013 b\u00e5da framst\u00e4llda av f\u00f6rf\u00e4ders cacahuazintle som odlats n\u00e4ra v\u00e5rt destilleri p\u00e5 en h\u00f6jd av mer \u00e4n 7 000 fot \u00f6ver havet.<br \/>\nRen cacahuazintle majs anv\u00e4nds i tv\u00e5 olika utvecklingsstadier: Cacahuazintle sockermajs \u00e4r macererad och f\u00f6rberedd f\u00f6r att extrahera all sin delikata smak. Och mogna, cacahuazintle k\u00e4rnor nixtamaliseras f\u00f6r att producera en s\u00f6t v\u00f6rt och alkohol. Tillsammans g\u00f6r dessa ingredienser Nixta Licor de Elote till en smakrik, m\u00e5ngsidig lik\u00f6r som \u00e4r trogen sitt ursprung.<\/p>\n","protected":false},"excerpt":{"rendered":"<p>Hecho en Mexico<\/p>\n","protected":false},"featured_media":55340,"template":"","meta":{"_acf_changed":false,"rs_blank_template":"","rs_page_bg_color":"","slide_template_v7":""},"product_brand":[],"product_cat":[2390,4716,9392,9395],"product_tag":[],"class_list":{"0":"post-55233","1":"product","2":"type-product","3":"status-publish","4":"has-post-thumbnail","6":"product_cat-sprit","7":"product_cat-andra-likorer","8":"product_cat-likor-och-ol","9":"product_cat-likortyper","10":"pa_land-mexiko","11":"pa_procent-30-sv","12":"pa_producent-destileria-y-bodega-abasolo-sv","13":"pa_region-jilotepec-sv","14":"pa_volume-70-sv-2","16":"first","17":"instock","18":"taxable","19":"shipping-taxable","20":"purchasable","21":"product-type-simple"},"bundled_by":[],"bundle_stock_status":"instock","bundle_stock_quantity":null,"bundle_virtual":false,"bundle_layout":"","bundle_add_to_cart_form_location":"","bundle_editable_in_cart":false,"bundle_sold_individually_context":"","bundle_item_grouping":"","bundle_min_size":"","bundle_max_size":"","bundle_price":[],"bundled_items":[],"bundle_sell_ids":[],"acf":[],"_links":{"self":[{"href":"https:\/\/www.raschvin.com\/sv\/wp-json\/wp\/v2\/product\/55233","targetHints":{"allow":["GET"]}}],"collection":[{"href":"https:\/\/www.raschvin.com\/sv\/wp-json\/wp\/v2\/product"}],"about":[{"href":"https:\/\/www.raschvin.com\/sv\/wp-json\/wp\/v2\/types\/product"}],"wp:featuredmedia":[{"embeddable":true,"href":"https:\/\/www.raschvin.com\/sv\/wp-json\/wp\/v2\/media\/55340"}],"wp:attachment":[{"href":"https:\/\/www.raschvin.com\/sv\/wp-json\/wp\/v2\/media?parent=55233"}],"wp:term":[{"taxonomy":"product_brand","embeddable":true,"href":"https:\/\/www.raschvin.com\/sv\/wp-json\/wp\/v2\/product_brand?post=55233"},{"taxonomy":"product_cat","embeddable":true,"href":"https:\/\/www.raschvin.com\/sv\/wp-json\/wp\/v2\/product_cat?post=55233"},{"taxonomy":"product_tag","embeddable":true,"href":"https:\/\/www.raschvin.com\/sv\/wp-json\/wp\/v2\/product_tag?post=55233"}],"curies":[{"name":"wp","href":"https:\/\/api.w.org\/{rel}","templated":true}]}}