{"id":55226,"date":"2024-05-21T10:50:12","date_gmt":"2024-05-21T08:50:12","guid":{"rendered":"https:\/\/www.raschvin.com\/produkt\/jack-daniels-triple-mash-70-cl-50\/"},"modified":"2024-05-21T10:50:12","modified_gmt":"2024-05-21T08:50:12","slug":"jack-daniels-triple-mash-70-cl-50","status":"publish","type":"product","link":"https:\/\/www.raschvin.com\/sv\/produkt\/jack-daniels-triple-mash-70-cl-50\/","title":{"rendered":"Jack Daniel\u2019s Triple Mash 70 cl. 50%"},"content":{"rendered":"<p>Jack Daniel&#8217;s Bonded \u00e4r en Bottled-in-Bond-whisky som m\u00e5ste destilleras av ett enda destilleri under en enda destilleringss\u00e4song, lagras i ett statligt tullager i minst fyra \u00e5r och buteljeras vid 100 proof. Faten \u00e4r handutvalda f\u00f6r sina egenskaper av djupare f\u00e4rg, smak och arom, vilket ger en m\u00f6rkare, rikare och mer ekfram\u00e5triktad karakt\u00e4r. Det \u00e4r en stor, dj\u00e4rv 100 proof Tennessee Whisky med skiktade toner av torkad frukt, honungss\u00f6tma, spannm\u00e5lskrydda och mjuk ek. Finishen \u00e4r v\u00e4l rundad och h\u00e5ller l\u00e4nge.<\/p>\n<p>Jack Daniel&#8217;s Triple Mash \u00e4r en Bottled-in-Bond-blandning av Bonded American malt. rye och Tennessee whisky, vilket skapar en rik, ek-fram\u00e5t karakt\u00e4r. Smaken erbjuder toner av honung, sm\u00f6rat rostat br\u00f6d, torr ekkrydda, torkad frukt, s\u00f6ta k\u00e4rnor och inslag av br\u00e4nt rostat br\u00f6d som dr\u00f6jer sig kvar p\u00e5 avslutningen.<\/p>\n<p>Jack Daniels \u00e4r en legend inom whiskyv\u00e4rlden. Detta ikoniska varum\u00e4rke har blivit synonymt med kvalitet, tradition och en smak som kan tillfredsst\u00e4lla \u00e4ven den mest kr\u00e4sna gommen. Historien om Jack Daniels b\u00f6rjar redan p\u00e5 1800-talet, i den lilla staden Lynchburg, Tennessee. Det var d\u00e4r som en ung och ambiti\u00f6s man vid namn Jasper Newton Daniel, mer k\u00e4nd som Jack, gav sig i kast med att skapa en whisky som skulle l\u00e4mna en best\u00e5ende pr\u00e4gel p\u00e5 v\u00e4rlden. Jack Daniels \u00e4r k\u00e4nd f\u00f6r sin unika produktionsprocess, som skiljer den fr\u00e5n andra whiskysorter. Den viktigaste ingrediensen \u00e4r det kalkstensfiltrerade vattnet fr\u00e5n n\u00e4rliggande Cave Spring Hollow, vilket ger whiskyn dess distinkta mjukhet och karakt\u00e4r. De spannm\u00e5l som anv\u00e4nds i destillationsprocessen \u00e4r noggrant utvalda och malda p\u00e5 destilleriet, vilket s\u00e4kerst\u00e4ller endast den finaste kvaliteten. En av de mest sp\u00e4nnande aspekterna av Jack Daniels \u00e4r dess kolsyraprocess. Detta inneb\u00e4r att l\u00e5ngsamt droppa whiskyn genom tio fot t\u00e4tt packat kol, vilket resulterar i en j\u00e4mnhet som \u00e4r o\u00f6vertr\u00e4ffad. Denna process, k\u00e4nd som Lincoln County-processen, \u00e4r det som ger Jack Daniels dess distinkta smakprofil. Men det \u00e4r inte bara produktionsprocessen som g\u00f6r Jack Daniels speciell. Det \u00e4r m\u00e4nniskorna bakom varum\u00e4rket, hantverkarna som har \u00e4gnat sina liv \u00e5t att full\u00e4nda konsten att g\u00f6ra whisky. Varje droppe Jack Daniels genomg\u00e5r noggranna studier och \u00e4r skapad med passion och expertis, vilket s\u00e4kerst\u00e4ller att varje klunk \u00e4r ett bevis p\u00e5 varum\u00e4rkets engagemang f\u00f6r excellens. Jack Daniels har ocks\u00e5 satt en outpl\u00e5nlig pr\u00e4gel p\u00e5 popul\u00e4rkulturen. Fr\u00e5n att ha dykt upp i otaliga filmer och TV-serier till att vara favoritdrinken f\u00f6r b\u00e5de rockstj\u00e4rnor och rebeller, har Jack Daniels blivit mer \u00e4n bara en drink; det \u00e4r en symbol f\u00f6r \u00e4kthet och uppror. Jack Daniel&#8217;s Bonded \u00e4r en Bottled-in-Bond whisky, som m\u00e5ste destilleras av en enda destillat\u00f6r under en enda destillationss\u00e4song, lagras i ett statligt lager i minst fyra \u00e5r och buteljeras kl. 100 bevis. Fat \u00e4r handutvalda f\u00f6r sina egenskaper med djupare f\u00e4rg, smak och arom, vilket ger en m\u00f6rkare, rikare och mer ek-fram\u00e5triktad karakt\u00e4r. Det \u00e4r en stor, dj\u00e4rv Tennessee Whisky p\u00e5 100 proof med skiktade toner av torkad frukt, honungss\u00f6tma, kornkrydda och mjuk ek. Finishen \u00e4r v\u00e4l rundad och h\u00e5ller l\u00e4nge.<\/p>\n<p>Jack Daniel&#8217;s Triple Mash \u00e4r en Bottled-in-Bond-blandning av Bonded American malt. rye och Tennessee whisky, vilket skapar en rik, ek-fram\u00e5t karakt\u00e4r. Smaken erbjuder toner av honung, sm\u00f6rad rostat br\u00f6d, torr ekkrydda, torkad frukt, s\u00f6ta korn och inslag av br\u00e4nd rostat br\u00f6d som dr\u00f6jer sig kvar i avslutningen.<\/p>\n","protected":false},"excerpt":{"rendered":"<p>Blended Straight Whiskey 100 Proof<\/p>\n","protected":false},"featured_media":55349,"template":"","meta":{"_acf_changed":false,"rs_blank_template":"","rs_page_bg_color":"","slide_template_v7":""},"product_brand":[],"product_cat":[4657,2387,2392],"product_tag":[],"class_list":{"0":"post-55226","1":"product","2":"type-product","3":"status-publish","4":"has-post-thumbnail","6":"product_cat-american-bourbon-sv","7":"product_cat-avec-sv","8":"product_cat-whisky-sv","9":"pa_land-usa-sv","10":"pa_procent-50-sv","11":"pa_producent-jack-daniels-en-3-sv","12":"pa_region-tennessee-sv","13":"pa_volume-70-sv-2","15":"first","16":"instock","17":"taxable","18":"shipping-taxable","19":"purchasable","20":"product-type-simple"},"bundled_by":[],"bundle_stock_status":"instock","bundle_stock_quantity":null,"bundle_virtual":false,"bundle_layout":"","bundle_add_to_cart_form_location":"","bundle_editable_in_cart":false,"bundle_sold_individually_context":"","bundle_item_grouping":"","bundle_min_size":"","bundle_max_size":"","bundle_price":[],"bundled_items":[],"bundle_sell_ids":[],"acf":[],"_links":{"self":[{"href":"https:\/\/www.raschvin.com\/sv\/wp-json\/wp\/v2\/product\/55226","targetHints":{"allow":["GET"]}}],"collection":[{"href":"https:\/\/www.raschvin.com\/sv\/wp-json\/wp\/v2\/product"}],"about":[{"href":"https:\/\/www.raschvin.com\/sv\/wp-json\/wp\/v2\/types\/product"}],"wp:featuredmedia":[{"embeddable":true,"href":"https:\/\/www.raschvin.com\/sv\/wp-json\/wp\/v2\/media\/55349"}],"wp:attachment":[{"href":"https:\/\/www.raschvin.com\/sv\/wp-json\/wp\/v2\/media?parent=55226"}],"wp:term":[{"taxonomy":"product_brand","embeddable":true,"href":"https:\/\/www.raschvin.com\/sv\/wp-json\/wp\/v2\/product_brand?post=55226"},{"taxonomy":"product_cat","embeddable":true,"href":"https:\/\/www.raschvin.com\/sv\/wp-json\/wp\/v2\/product_cat?post=55226"},{"taxonomy":"product_tag","embeddable":true,"href":"https:\/\/www.raschvin.com\/sv\/wp-json\/wp\/v2\/product_tag?post=55226"}],"curies":[{"name":"wp","href":"https:\/\/api.w.org\/{rel}","templated":true}]}}