{"id":55222,"date":"2024-05-21T10:38:36","date_gmt":"2024-05-21T08:38:36","guid":{"rendered":"https:\/\/www.raschvin.com\/produkt\/jack-daniels-bonded-70-cl-50\/"},"modified":"2024-05-21T10:38:36","modified_gmt":"2024-05-21T08:38:36","slug":"jack-daniels-bonded-70-cl-50","status":"publish","type":"product","link":"https:\/\/www.raschvin.com\/sv\/produkt\/jack-daniels-bonded-70-cl-50\/","title":{"rendered":"Jack Daniel\u2019s Bonded 70 cl. 50%"},"content":{"rendered":"<p>Jack Daniels det \u00e4r en legend i whiskynv\u00e4rlden. Detta ikoniska varum\u00e4rke har blivit synonymt med kvalitet, tradition och en smak som kan tillfredsst\u00e4lla \u00e4ven den mest kr\u00e4sna gommen. Historien om Jack Daniels b\u00f6rjar redan p\u00e5 1800-talet, i den lilla staden Lynchburg, Tennessee. Det var d\u00e4r som en ung och ambiti\u00f6s man vid namn Jasper Newton Daniel, mer k\u00e4nd som Jack, gav sig i kast med att skapa en whisky som skulle l\u00e4mna en best\u00e5ende pr\u00e4gel p\u00e5 v\u00e4rlden. Jack Daniels \u00e4r k\u00e4nd f\u00f6r sin unika produktionsprocess, som skiljer den fr\u00e5n andra whiskysorter. Nyckelingrediensen \u00e4r det kalkstensfiltrerade vattnet fr\u00e5n den n\u00e4rliggande Cave Spring Hollow, vilket ger whiskyn dess distinkta mjukhet och karakt\u00e4r. De spannm\u00e5l som anv\u00e4nds i destillationsprocessen \u00e4r noggrant utvalda och malda p\u00e5 destilleriet, vilket s\u00e4kerst\u00e4ller endast den finaste kvaliteten. En av de mest sp\u00e4nnande aspekterna av Jack Daniels \u00e4r dess kolmjukande process. Detta inneb\u00e4r att l\u00e5ngsamt droppa whiskyn genom tio fot t\u00e4tt packat kol, vilket resulterar i en j\u00e4mnhet som \u00e4r o\u00f6vertr\u00e4ffad. Denna process, k\u00e4nd som Lincoln County Process, \u00e4r det som ger Jack Daniels sin karakt\u00e4ristiska smakprofil. Men det \u00e4r inte bara produktionsprocessen som g\u00f6r Jack Daniels speciell. Det \u00e4r m\u00e4nniskorna bakom varum\u00e4rket, hantverkarna som har \u00e4gnat sina liv \u00e5t att full\u00e4nda konsten att g\u00f6ra whisky. Varje droppe av Jack Daniels genomg\u00e5r noggrann granskning och \u00e4r skapad med passion och expertis, vilket s\u00e4kerst\u00e4ller att varje klunk \u00e4r ett bevis p\u00e5 varum\u00e4rkets engagemang f\u00f6r excellens. Jack Daniels har gjort en outpl\u00e5nlig pr\u00e4gel \u00e4ven p\u00e5 popul\u00e4rkulturen. Jack Daniels har blivit mer \u00e4n bara en dryck, fr\u00e5n dess framtr\u00e4dande i otaliga filmer och TV-program till att vara favoritdrinken f\u00f6r b\u00e5de rockstj\u00e4rnor och rebeller; det \u00e4r en symbol f\u00f6r autenticitet och uppror.<\/p>\n<p>Jack Daniel&#8217;s Bonded Tennessee Whisky 700ml \u00e4r ett sant bevis p\u00e5 kvaliteten och hantverket som g\u00e5r in i varje flaska Jack Daniel&#8217;s whisky. Denna whisky \u00e4r Jacks anrika recept p\u00e5 80 % majs, 12 % m\u00e4ltat korn och 8 % r\u00e5g, men destillerad enligt standarden i Bottled-In-Bond-lagen fr\u00e5n 1897. Det betyder att whiskyn \u00e4r fr\u00e5n en destilleringss\u00e4song p\u00e5 100 proof, 50 % ABV, och \u00e4r lagrad i minst 4 \u00e5r p\u00e5 destilleriets federalt tulllager. Faten som anv\u00e4ndes f\u00f6r Jack Daniel&#8217;s Bonded var handutvalda f\u00f6r sina unika och speciella egenskaper med djupare f\u00e4rg, smak och arom, vilket ger whiskyn en m\u00f6rkare, rikare och mer ekfram\u00e5triktad karakt\u00e4r. P\u00e5 n\u00e4san erbjuder denna whisky en vacker bukett av karamell, rik ek och krydda. Smaken \u00e4r stor och dj\u00e4rv, med lagertoner av karamell, rik ek och krydda som ger vika f\u00f6r en behagligt kvardr\u00f6jande finish.<\/p>\n","protected":false},"excerpt":{"rendered":"<p>Tennessee Whiskey 100 Proof <\/p>\n","protected":false},"featured_media":55439,"template":"","meta":{"_acf_changed":false,"rs_blank_template":"","rs_page_bg_color":"","slide_template_v7":""},"product_brand":[],"product_cat":[4657,2387,2392],"product_tag":[],"class_list":{"0":"post-55222","1":"product","2":"type-product","3":"status-publish","4":"has-post-thumbnail","6":"product_cat-american-bourbon-sv","7":"product_cat-avec-sv","8":"product_cat-whisky-sv","9":"pa_land-usa-sv","10":"pa_procent-50-sv","11":"pa_producent-jack-daniels-en-3-sv","12":"pa_region-tennessee-sv","13":"pa_volume-70-sv-2","15":"first","16":"instock","17":"taxable","18":"shipping-taxable","19":"purchasable","20":"product-type-simple"},"bundled_by":[],"bundle_stock_status":"instock","bundle_stock_quantity":null,"bundle_virtual":false,"bundle_layout":"","bundle_add_to_cart_form_location":"","bundle_editable_in_cart":false,"bundle_sold_individually_context":"","bundle_item_grouping":"","bundle_min_size":"","bundle_max_size":"","bundle_price":[],"bundled_items":[],"bundle_sell_ids":[],"acf":[],"_links":{"self":[{"href":"https:\/\/www.raschvin.com\/sv\/wp-json\/wp\/v2\/product\/55222","targetHints":{"allow":["GET"]}}],"collection":[{"href":"https:\/\/www.raschvin.com\/sv\/wp-json\/wp\/v2\/product"}],"about":[{"href":"https:\/\/www.raschvin.com\/sv\/wp-json\/wp\/v2\/types\/product"}],"wp:featuredmedia":[{"embeddable":true,"href":"https:\/\/www.raschvin.com\/sv\/wp-json\/wp\/v2\/media\/55439"}],"wp:attachment":[{"href":"https:\/\/www.raschvin.com\/sv\/wp-json\/wp\/v2\/media?parent=55222"}],"wp:term":[{"taxonomy":"product_brand","embeddable":true,"href":"https:\/\/www.raschvin.com\/sv\/wp-json\/wp\/v2\/product_brand?post=55222"},{"taxonomy":"product_cat","embeddable":true,"href":"https:\/\/www.raschvin.com\/sv\/wp-json\/wp\/v2\/product_cat?post=55222"},{"taxonomy":"product_tag","embeddable":true,"href":"https:\/\/www.raschvin.com\/sv\/wp-json\/wp\/v2\/product_tag?post=55222"}],"curies":[{"name":"wp","href":"https:\/\/api.w.org\/{rel}","templated":true}]}}