{"id":55219,"date":"2024-05-21T10:28:19","date_gmt":"2024-05-21T08:28:19","guid":{"rendered":"https:\/\/www.raschvin.com\/produkt\/jack-daniels-red-dog-saloon-70-cl-43\/"},"modified":"2024-05-21T10:28:19","modified_gmt":"2024-05-21T08:28:19","slug":"jack-daniels-red-dog-saloon-70-cl-43","status":"publish","type":"product","link":"https:\/\/www.raschvin.com\/sv\/produkt\/jack-daniels-red-dog-saloon-70-cl-43\/","title":{"rendered":"Jack Daniel\u2019s Red Dog Saloon 70 cl. 43%"},"content":{"rendered":"<p>Den h\u00e4r unika utg\u00e5van firar 125-\u00e5rsdagen av \u00f6ppnandet av Mr Jack Daniels Red Dog SaloonTM. Vi \u00e4r glada \u00f6ver att introducera Red Dog SaloonTM i begr\u00e4nsad upplaga, som hyllar de dagar d\u00e5 du kunde k\u00f6pa ett glas av Jacks smidiga Tennessee Whiskey direkt i staden d\u00e4r den skapades. <\/p>\n<p>Whiskyn i sig \u00e4r en kr\u00e4mig och s\u00f6t historia, med massor av kanelkrydda och fatkolsmak. Den drar stor nytta av att vara tappad p\u00e5 43% ABV. En fantastisk hyllning till vad som utan tvekan var en utm\u00e4rkt bar, var och en av dessa flaskor i begr\u00e4nsad upplaga levereras med en vacker presentationsbox.<\/p>\n<p>Denna begr\u00e4nsade upplaga, liksom varje droppe av Jack Daniels Tennessee Whiskey, destilleras precis som det var n\u00e4r Mr Jack f\u00f6rst \u00f6ppnade sin saloon 1892. Red Dog Saloon, liksom dess systeranl\u00e4ggning White Rabbit SaloonTM, var fullpackad med musik, gemenskap och konversation. <\/p>\n<p>F\u00f6r varje tillf\u00e4lle och firande f\u00f6r att njuta av natten sj\u00e4lv eller med dina v\u00e4nner och familj, har du kommit till r\u00e4tt plats eftersom vi bara s\u00e4ljer kvalitet, excellens och mer! S\u00e5 kom och ta tillf\u00e4llet i akt att k\u00f6pa Jack Daniel&#8217;s Red Dog Saloon Whiskey online och smaka p\u00e5 ett \u00e5rhundrade du aldrig kommer att gl\u00f6mma.<\/p>\n","protected":false},"excerpt":{"rendered":"<p>Tennessee Sour Mash Whiskey<\/p>\n","protected":false},"featured_media":55289,"template":"","meta":{"_acf_changed":false,"rs_blank_template":"","rs_page_bg_color":"","slide_template_v7":""},"product_brand":[],"product_cat":[4657,2387,2392],"product_tag":[],"class_list":{"0":"post-55219","1":"product","2":"type-product","3":"status-publish","4":"has-post-thumbnail","6":"product_cat-american-bourbon-sv","7":"product_cat-avec-sv","8":"product_cat-whisky-sv","9":"pa_land-usa-sv","10":"pa_procent-43-sv","11":"pa_producent-jack-daniels-en-3-sv","12":"pa_region-tennessee-sv","13":"pa_traefad-charred-american-oak-sv","14":"pa_volume-70-sv-2","16":"first","17":"outofstock","18":"sale","19":"taxable","20":"shipping-taxable","21":"purchasable","22":"product-type-simple"},"bundled_by":[],"bundle_stock_status":"outofstock","bundle_stock_quantity":null,"bundle_virtual":false,"bundle_layout":"","bundle_add_to_cart_form_location":"","bundle_editable_in_cart":false,"bundle_sold_individually_context":"","bundle_item_grouping":"","bundle_min_size":"","bundle_max_size":"","bundle_price":[],"bundled_items":[],"bundle_sell_ids":[],"acf":[],"_links":{"self":[{"href":"https:\/\/www.raschvin.com\/sv\/wp-json\/wp\/v2\/product\/55219","targetHints":{"allow":["GET"]}}],"collection":[{"href":"https:\/\/www.raschvin.com\/sv\/wp-json\/wp\/v2\/product"}],"about":[{"href":"https:\/\/www.raschvin.com\/sv\/wp-json\/wp\/v2\/types\/product"}],"wp:featuredmedia":[{"embeddable":true,"href":"https:\/\/www.raschvin.com\/sv\/wp-json\/wp\/v2\/media\/55289"}],"wp:attachment":[{"href":"https:\/\/www.raschvin.com\/sv\/wp-json\/wp\/v2\/media?parent=55219"}],"wp:term":[{"taxonomy":"product_brand","embeddable":true,"href":"https:\/\/www.raschvin.com\/sv\/wp-json\/wp\/v2\/product_brand?post=55219"},{"taxonomy":"product_cat","embeddable":true,"href":"https:\/\/www.raschvin.com\/sv\/wp-json\/wp\/v2\/product_cat?post=55219"},{"taxonomy":"product_tag","embeddable":true,"href":"https:\/\/www.raschvin.com\/sv\/wp-json\/wp\/v2\/product_tag?post=55219"}],"curies":[{"name":"wp","href":"https:\/\/api.w.org\/{rel}","templated":true}]}}