{"id":55209,"date":"2024-05-21T09:51:48","date_gmt":"2024-05-21T07:51:48","guid":{"rendered":"https:\/\/www.raschvin.com\/produkt\/del-professore-vermouth-di-torino-rosso-75-cl-36\/"},"modified":"2024-05-21T09:51:48","modified_gmt":"2024-05-21T07:51:48","slug":"del-professore-vermouth-di-torino-rosso-75-cl-36","status":"publish","type":"product","link":"https:\/\/www.raschvin.com\/sv\/produkt\/del-professore-vermouth-di-torino-rosso-75-cl-36\/","title":{"rendered":"Del Professore Vermouth di Torino Rosso 75 cl. 36%"},"content":{"rendered":"<p>Om Del Professore Vermouth di Torino Rosso<\/p>\n<p>Skapat av den ber\u00f6mda mixologen Leonardo Leuci 2013, Del Professore Vermouth di Torino Rosso hyllar det banbrytande arbetet av fadern till amerikansk mixologi, Jerry Thomas, och f\u00f6rkroppsligar autentisk Piemontesisk tradition med sin harmoniska balans av smaker och omissk\u00e4nnliga aromer.<\/p>\n<p>Smakanteckningar f\u00f6r Del Professore Vermouth di Torino Rosso<\/p>\n<p>En b\u00e4rnstensf\u00e4rgad f\u00e4rg med guldinslag. P\u00e5 n\u00e4san balsamico och mentolerade aromatiska toner, f\u00f6rsiktigt kryddade med citrustoner. Mjuk och fyllig i smaken, med en behagligt bitter och len finish av rabarber och gentiana. En v\u00e4rmande, l\u00e5ng och kvardr\u00f6jande finish som inte ger upp.<\/p>\n<p>F\u00f6reslagna serveringar<\/p>\n<p>Njut av Vermouth di Torino Rosso kyld i ett vinglas med en touch av citruszest, eller f\u00f6rb\u00e4ttra klassiska cocktails som Americano eller Boulevardier med smaken av Piemontesisk artemisia och vin.<\/p>\n<p>Produktionsanteckningar<\/p>\n<p>Denna \u00e4kta italienska vermouth \u00e4r tillverkad strikt p\u00e5 italienskt vis och \u00e4r gjord med en bas av 100 % italienska r\u00f6da och vita viner, enligt strikta Geographical Indication (G.I)-regler. Noggrant utvalda lokala \u00f6rter fr\u00e5n Langhes b\u00f6ljande kullar och de solkyssta Medelhavskusterna m\u00f6ter kryddor av exotiskt ursprung f\u00f6r att skapa en v\u00e4tska som omedelbart k\u00e4nns igen i varje cocktail. Alla ingredienser \u00e4r noggrant utvalda och kontrollerade f\u00f6r kvalitetskonsistens. Medan m\u00e5nga, som Artemisia, kommer fr\u00e5n regionen Piemonte, v\u00e4xer mal\u00f6rt i de h\u00f6gt bel\u00e4gna betesmarkerna i de n\u00e4rliggande alperna, och andra kommer fr\u00e5n Italiens medelhavsregioner. Med hj\u00e4lp av maceration, kallpressning, perkolering och andra metoder, f\u00f6rbereder mastermixern specifikt varje signaturextrakt f\u00f6r att bevara dess aromater. Vermouth buteljeras i sm\u00e5 partier i ett lokalt piemontesiskt destilleri, med premiumf\u00f6rpackningar inspirerade av traditionella vermouthetiketter.<\/p>\n","protected":false},"excerpt":{"rendered":"<p>Antica Ricetta &#8211; Italy<\/p>\n","protected":false},"featured_media":55343,"template":"","meta":{"_acf_changed":false,"rs_blank_template":"","rs_page_bg_color":"","slide_template_v7":""},"product_brand":[],"product_cat":[2774,2765],"product_tag":[],"class_list":{"0":"post-55209","1":"product","2":"type-product","3":"status-publish","4":"has-post-thumbnail","6":"product_cat-vermouth-sv","7":"product_cat-hedvin-sv","8":"pa_land-italien-sv","9":"pa_procent-36-sv","10":"pa_producent-carlos-quaglia-sv","11":"pa_region-piemonte-sv","12":"pa_volume-75-sv","14":"first","15":"instock","16":"sale","17":"taxable","18":"shipping-taxable","19":"purchasable","20":"product-type-simple"},"bundled_by":[],"bundle_stock_status":"instock","bundle_stock_quantity":null,"bundle_virtual":false,"bundle_layout":"","bundle_add_to_cart_form_location":"","bundle_editable_in_cart":false,"bundle_sold_individually_context":"","bundle_item_grouping":"","bundle_min_size":"","bundle_max_size":"","bundle_price":[],"bundled_items":[],"bundle_sell_ids":[],"acf":[],"_links":{"self":[{"href":"https:\/\/www.raschvin.com\/sv\/wp-json\/wp\/v2\/product\/55209","targetHints":{"allow":["GET"]}}],"collection":[{"href":"https:\/\/www.raschvin.com\/sv\/wp-json\/wp\/v2\/product"}],"about":[{"href":"https:\/\/www.raschvin.com\/sv\/wp-json\/wp\/v2\/types\/product"}],"wp:featuredmedia":[{"embeddable":true,"href":"https:\/\/www.raschvin.com\/sv\/wp-json\/wp\/v2\/media\/55343"}],"wp:attachment":[{"href":"https:\/\/www.raschvin.com\/sv\/wp-json\/wp\/v2\/media?parent=55209"}],"wp:term":[{"taxonomy":"product_brand","embeddable":true,"href":"https:\/\/www.raschvin.com\/sv\/wp-json\/wp\/v2\/product_brand?post=55209"},{"taxonomy":"product_cat","embeddable":true,"href":"https:\/\/www.raschvin.com\/sv\/wp-json\/wp\/v2\/product_cat?post=55209"},{"taxonomy":"product_tag","embeddable":true,"href":"https:\/\/www.raschvin.com\/sv\/wp-json\/wp\/v2\/product_tag?post=55209"}],"curies":[{"name":"wp","href":"https:\/\/api.w.org\/{rel}","templated":true}]}}