{"id":55205,"date":"2024-05-21T09:21:52","date_gmt":"2024-05-21T07:21:52","guid":{"rendered":"https:\/\/www.raschvin.com\/produkt\/bottega-lemon-spritz-pre-mix-75-cl-54\/"},"modified":"2024-06-12T16:30:29","modified_gmt":"2024-06-12T14:30:29","slug":"bottega-lemon-spritz-pre-mix-75-cl-54","status":"publish","type":"product","link":"https:\/\/www.raschvin.com\/sv\/produkt\/bottega-lemon-spritz-pre-mix-75-cl-54\/","title":{"rendered":"Bottega Lemon Spritz Pre-Mix 75 cl. 5,5%"},"content":{"rendered":"<p>Spritzen \u00e4r en traditionell italiensk cocktail med en l\u00e5ng historia, kopplad till Habsburgs dominans i Lombardo-Veneto kungariket. F\u00f6r att skapa Lemon Spritz blev vi inspirerade av v\u00e5r Bottega Spritz, en cocktail baserad p\u00e5 mousserande vin, Limoncino &#8211; v\u00e5r citronlik\u00f6r &#8211; och myntablad. Citronspritzen \u00e4r<br \/>\nen drickf\u00e4rdig cocktail med l\u00e5g alkoholhalt tack vare anv\u00e4ndningen av endast citroninfusion ist\u00e4llet f\u00f6r Limoncino. Dess behagligt uppfriskande smak g\u00f6r den till en ny och intressant version av den traditionella Spritz.<\/p>\n<p>Egenskaper:<br \/>\nLemon Spritz kommer fr\u00e5n kombinationen av vitt mousserande vin, infusion av citroner ekologiskt odlade p\u00e5 Sicilien (samma som anv\u00e4nds f\u00f6r Limoncino, v\u00e5r citronlik\u00f6r) och mynta. Dess bubblor kommer fr\u00e5n det mousserande vinet och inte genom tillsats av koldioxid, vilket g\u00f6r det fr\u00e4scht och livligt. Korrekt parning och dosering av kvalitetsingredienser leder till en produkt med en fyllig, stark karakt\u00e4r, med l\u00e5g alkoholhalt, perfekt f\u00f6r fritiden med v\u00e4nner.<\/p>\n<p>Organoleptiska egenskaper:<br \/>\nF\u00e4rg och utseende: N\u00e5got grumligt gult.<br \/>\nBouquet: Intensiv citrondoft, kombinerat med inslag av mynta och fruktiga toner fr\u00e5n det vita mousserande vinet.<br \/>\nSmak: Frisk och fyllig, med inslag av citrusfrukter och vin. P\u00e5 gommen har den en bitter-s\u00f6t smak.<\/p>\n<p>Serveringstemperatur: 3 \u00b0C<\/p>\n<p>Serveringsf\u00f6rslag: Det \u00e4r en drinkf\u00e4rdig cocktail, att serveras kall, ren, p\u00e5 klipporna eller med myntablad. Det \u00e4r en perfekt match med salta snacks som chips och jordn\u00f6tter och med ost ocks\u00e5.<br \/>\nNjut av det inom: 24 m\u00e5nader.<\/p>\n","protected":false},"excerpt":{"rendered":"<p>Italian Cocktail &#8211; Fresh &#038; Zesty<\/p>\n","protected":false},"featured_media":79216,"template":"","meta":{"_acf_changed":false,"rs_blank_template":"","rs_page_bg_color":"","slide_template_v7":""},"product_brand":[],"product_cat":[2402,2776,2779,2788,4590],"product_tag":[],"class_list":{"0":"post-55205","1":"product","2":"type-product","3":"status-publish","4":"has-post-thumbnail","6":"product_cat-sprit-sv","7":"product_cat-mousserende-sv","8":"product_cat-andra-mousserende","9":"product_cat-vin-sv","10":"product_cat-ready-to-drink-sv","11":"pa_champagne-type-ready-to-drink-rtd-sv","12":"pa_land-italien-sv","13":"pa_procent-5-5-sv","14":"pa_producent-bottega-spa-sv","15":"pa_region-veneto-sv","16":"pa_serveringstemperatur-3-sv","17":"pa_volume-75-sv","19":"first","20":"instock","21":"taxable","22":"shipping-taxable","23":"purchasable","24":"product-type-simple"},"bundled_by":[],"bundle_stock_status":"instock","bundle_stock_quantity":null,"bundle_virtual":false,"bundle_layout":"","bundle_add_to_cart_form_location":"","bundle_editable_in_cart":false,"bundle_sold_individually_context":"","bundle_item_grouping":"","bundle_min_size":"","bundle_max_size":"","bundle_price":[],"bundled_items":[],"bundle_sell_ids":[],"acf":[],"_links":{"self":[{"href":"https:\/\/www.raschvin.com\/sv\/wp-json\/wp\/v2\/product\/55205","targetHints":{"allow":["GET"]}}],"collection":[{"href":"https:\/\/www.raschvin.com\/sv\/wp-json\/wp\/v2\/product"}],"about":[{"href":"https:\/\/www.raschvin.com\/sv\/wp-json\/wp\/v2\/types\/product"}],"wp:featuredmedia":[{"embeddable":true,"href":"https:\/\/www.raschvin.com\/sv\/wp-json\/wp\/v2\/media\/79216"}],"wp:attachment":[{"href":"https:\/\/www.raschvin.com\/sv\/wp-json\/wp\/v2\/media?parent=55205"}],"wp:term":[{"taxonomy":"product_brand","embeddable":true,"href":"https:\/\/www.raschvin.com\/sv\/wp-json\/wp\/v2\/product_brand?post=55205"},{"taxonomy":"product_cat","embeddable":true,"href":"https:\/\/www.raschvin.com\/sv\/wp-json\/wp\/v2\/product_cat?post=55205"},{"taxonomy":"product_tag","embeddable":true,"href":"https:\/\/www.raschvin.com\/sv\/wp-json\/wp\/v2\/product_tag?post=55205"}],"curies":[{"name":"wp","href":"https:\/\/api.w.org\/{rel}","templated":true}]}}