{"id":55195,"date":"2024-05-21T08:39:59","date_gmt":"2024-05-21T06:39:59","guid":{"rendered":"https:\/\/www.raschvin.com\/produkt\/bottega-limoncino-limoncello-vegan-50-cl-30\/"},"modified":"2024-05-21T08:39:59","modified_gmt":"2024-05-21T06:39:59","slug":"bottega-limoncino-limoncello-vegan-50-cl-30","status":"publish","type":"product","link":"https:\/\/www.raschvin.com\/sv\/produkt\/bottega-limoncino-limoncello-vegan-50-cl-30\/","title":{"rendered":"Bottega Limoncino Limoncello (Vegan) 50 cl. 30%"},"content":{"rendered":"<p>Limoncino Bottega \u00e4r en &#8221;limoncello&#8221;, traditionell italiensk lik\u00f6r, med anor fr\u00e5n slutet av artonhundratalet. Den \u00e4r framst\u00e4lld av en infusion av &#8221;Femminello&#8221; citronskal. Denna sort som \u00e4r utbredd i Italien och k\u00e4nnetecknas av ett skal med tunn korn och h\u00f6gkvalitativa eteriska oljor. Denna variant av citron kallas &#8221;Femminello&#8221; p\u00e5 grund av v\u00e4xtens fertilitet, som blommar \u00e5ret runt. Citronerna odlas naturligt och plockas p\u00e5 toppen av mognad, tv\u00e4ttas och skalas f\u00f6r hand, tar bort den vita delen (bitter) och v\u00e4ljer bara det gula skalet som \u00e4r rikt p\u00e5 eteriska oljor. Citronskalen infunderas i alkohol i cirka 30 dagar. Detta m\u00f6jligg\u00f6r extraktion av de aromatiska och f\u00e4rg\u00e4mnena. V\u00e4tskan separeras sedan fr\u00e5n skalet. Slutligen tills\u00e4tts socker och h\u00f6gkvalitativ grappa, vilket g\u00f6r denna Limoncino unik och omissk\u00e4nnlig.<\/p>\n<p>F\u00e4rg och utseende<br \/>\nCitron gul.<\/p>\n<p>Bukett<br \/>\nIntensiv doft av mogna citroner.<\/p>\n<p>Smak<br \/>\nS\u00f6t, fyllig, saftig med en l\u00e4tt citrusdoft.<\/p>\n<p>Serveringstemperatur<br \/>\n-18\u00b0C<\/p>\n<p>Serveringsf\u00f6rslag<br \/>\nPerfekt som ingrediens till aperitif, utm\u00e4rkt som drink efter middagen, den passar \u00e4ven bra till glass, sorbet och f\u00e4rska fruktsallader.<\/p>\n","protected":false},"excerpt":{"rendered":"<p>Limoni Sicilia &#8211; Italy<\/p>\n","protected":false},"featured_media":55388,"template":"","meta":{"_acf_changed":false,"rs_blank_template":"","rs_page_bg_color":"","slide_template_v7":""},"product_brand":[],"product_cat":[2387,4670,2390],"product_tag":[],"class_list":{"0":"post-55195","1":"product","2":"type-product","3":"status-publish","4":"has-post-thumbnail","6":"product_cat-avec-sv","7":"product_cat-frukt","8":"product_cat-sprit","9":"pa_land-italien-sv","10":"pa_procent-30-sv","11":"pa_producent-bottega-spa-sv","12":"pa_region-veneto-sv","13":"pa_region-sicily-2-sv","14":"pa_serveringstemperatur-18-sv-2","15":"pa_volume-50-sv","17":"first","18":"instock","19":"sale","20":"taxable","21":"shipping-taxable","22":"purchasable","23":"product-type-simple"},"bundled_by":[],"bundle_stock_status":"instock","bundle_stock_quantity":null,"bundle_virtual":false,"bundle_layout":"","bundle_add_to_cart_form_location":"","bundle_editable_in_cart":false,"bundle_sold_individually_context":"","bundle_item_grouping":"","bundle_min_size":"","bundle_max_size":"","bundle_price":[],"bundled_items":[],"bundle_sell_ids":[],"acf":[],"_links":{"self":[{"href":"https:\/\/www.raschvin.com\/sv\/wp-json\/wp\/v2\/product\/55195","targetHints":{"allow":["GET"]}}],"collection":[{"href":"https:\/\/www.raschvin.com\/sv\/wp-json\/wp\/v2\/product"}],"about":[{"href":"https:\/\/www.raschvin.com\/sv\/wp-json\/wp\/v2\/types\/product"}],"wp:featuredmedia":[{"embeddable":true,"href":"https:\/\/www.raschvin.com\/sv\/wp-json\/wp\/v2\/media\/55388"}],"wp:attachment":[{"href":"https:\/\/www.raschvin.com\/sv\/wp-json\/wp\/v2\/media?parent=55195"}],"wp:term":[{"taxonomy":"product_brand","embeddable":true,"href":"https:\/\/www.raschvin.com\/sv\/wp-json\/wp\/v2\/product_brand?post=55195"},{"taxonomy":"product_cat","embeddable":true,"href":"https:\/\/www.raschvin.com\/sv\/wp-json\/wp\/v2\/product_cat?post=55195"},{"taxonomy":"product_tag","embeddable":true,"href":"https:\/\/www.raschvin.com\/sv\/wp-json\/wp\/v2\/product_tag?post=55195"}],"curies":[{"name":"wp","href":"https:\/\/api.w.org\/{rel}","templated":true}]}}