{"id":55190,"date":"2024-05-21T08:27:39","date_gmt":"2024-05-21T06:27:39","guid":{"rendered":"https:\/\/www.raschvin.com\/produkt\/bottega-gianduia-50-cl-17\/"},"modified":"2024-05-21T08:27:39","modified_gmt":"2024-05-21T06:27:39","slug":"bottega-gianduia-50-cl-17","status":"publish","type":"product","link":"https:\/\/www.raschvin.com\/sv\/produkt\/bottega-gianduia-50-cl-17\/","title":{"rendered":"Bottega Gianduia 50 cl. 17%"},"content":{"rendered":"<p>Bottega-kr\u00e4mer, mjuka och sammetslen i gommen, g\u00f6rs speciella av en unik smak. Kvalitet och noggrant urval av ingredienser, italiensk bakverkstradition och v\u00e5rt f\u00f6retags l\u00e5nga erfarenhet m\u00f6ts f\u00f6r att skapa en exceptionell produkt. Gianduia Bottega \u00e4r en kr\u00e4mig lik\u00f6r, behagligt s\u00f6t och med en m\u00e5ttlig alkoholhalt, k\u00e4nnetecknad av en intensiv doft av Gianduia-choklad.<\/p>\n<p>Produktionsomr\u00e5de: Veneto<\/p>\n<p>Egenskaper:<br \/>\nGianduia choklad f\u00f6ddes i Piemonte 1806 n\u00e4r de piemontesiska m\u00e4sterkonditorerna, p\u00e5 grund av de h\u00f6ga kostnaderna f\u00f6r kakao, best\u00e4mde sig f\u00f6r att delvis ers\u00e4tta den med rostad och finmalen hasseln\u00f6tspasta. S\u00e5 f\u00f6ddes en choklad med en intensiv och elegant smak med en typisk bukett av kakao och hasseln\u00f6t som vi hittar i Gianduia Bottega, en kr\u00e4m som k\u00e4nnetecknas av en sammetslen s\u00f6tma, framst\u00e4lld med utvalda ingredienser s\u00e5som gr\u00e4dde som uteslutande erh\u00e5lls fr\u00e5n alpmj\u00f6lk. Tillsatsen av grappa ger denna produkt en speciell aromaticitet som g\u00f6r den unik och omissk\u00e4nnlig.<\/p>\n<p>Organoleptiska egenskaper:<br \/>\nF\u00e4rg och utseende: Brun med kr\u00e4mf\u00e4rgade nyanser.<br \/>\nBukett: Intensiva aromer av kakao och hasseln\u00f6t, typiska f\u00f6r Gianduia-choklad.<br \/>\nSmak: Mjuk, sammetslen, med en distinkt och tilltalande smak, i gommen k\u00e4nnetecknas den av en intensiv och ih\u00e5llande aromaticitet balanserad med s\u00f6tma fr\u00e5n mj\u00f6lkgr\u00e4dde.<\/p>\n<p>Kemiska egenskaper:<br \/>\nABV: 17 %<\/p>\n<p>Serveringstemperatur: 3\u00b0C<\/p>\n<p>Serveringsf\u00f6rslag: Tack vare sin m\u00e5ttliga alkoholhalt \u00e4r den s\u00e4rskilt l\u00e4mpad f\u00f6r att s\u00f6ta gommen. Serveras b\u00e4st kall, den \u00e4r perfekt inte bara efter m\u00e5ltider, utan \u00e4ven n\u00e4r som helst p\u00e5 dagen. Den anv\u00e4nds som ingrediens i cocktails och, tack vare sin touch av alkohol, \u00e4r den idealisk med glass.<\/p>\n<p>Njut av det inom: 30 m\u00e5nader.<\/p>\n","protected":false},"excerpt":{"rendered":"<p>Crema Di Cioccolato Gianduia &#8211; Veneto Italy<\/p>\n","protected":false},"featured_media":55391,"template":"","meta":{"_acf_changed":false,"rs_blank_template":"","rs_page_bg_color":"","slide_template_v7":""},"product_brand":[],"product_cat":[2387,4676,4673,2390],"product_tag":[],"class_list":{"0":"post-55190","1":"product","2":"type-product","3":"status-publish","4":"has-post-thumbnail","6":"product_cat-avec-sv","7":"product_cat-choklad","8":"product_cat-creme-sv","9":"product_cat-sprit","10":"pa_land-italien-sv","11":"pa_procent-17-sv","12":"pa_producent-bottega-spa-sv","13":"pa_region-veneto-sv","14":"pa_serveringstemperatur-3-sv","15":"pa_volume-50-sv","17":"first","18":"outofstock","19":"sale","20":"taxable","21":"shipping-taxable","22":"purchasable","23":"product-type-simple"},"bundled_by":[],"bundle_stock_status":"outofstock","bundle_stock_quantity":null,"bundle_virtual":false,"bundle_layout":"","bundle_add_to_cart_form_location":"","bundle_editable_in_cart":false,"bundle_sold_individually_context":"","bundle_item_grouping":"","bundle_min_size":"","bundle_max_size":"","bundle_price":[],"bundled_items":[],"bundle_sell_ids":[],"acf":[],"_links":{"self":[{"href":"https:\/\/www.raschvin.com\/sv\/wp-json\/wp\/v2\/product\/55190","targetHints":{"allow":["GET"]}}],"collection":[{"href":"https:\/\/www.raschvin.com\/sv\/wp-json\/wp\/v2\/product"}],"about":[{"href":"https:\/\/www.raschvin.com\/sv\/wp-json\/wp\/v2\/types\/product"}],"wp:featuredmedia":[{"embeddable":true,"href":"https:\/\/www.raschvin.com\/sv\/wp-json\/wp\/v2\/media\/55391"}],"wp:attachment":[{"href":"https:\/\/www.raschvin.com\/sv\/wp-json\/wp\/v2\/media?parent=55190"}],"wp:term":[{"taxonomy":"product_brand","embeddable":true,"href":"https:\/\/www.raschvin.com\/sv\/wp-json\/wp\/v2\/product_brand?post=55190"},{"taxonomy":"product_cat","embeddable":true,"href":"https:\/\/www.raschvin.com\/sv\/wp-json\/wp\/v2\/product_cat?post=55190"},{"taxonomy":"product_tag","embeddable":true,"href":"https:\/\/www.raschvin.com\/sv\/wp-json\/wp\/v2\/product_tag?post=55190"}],"curies":[{"name":"wp","href":"https:\/\/api.w.org\/{rel}","templated":true}]}}