{"id":55183,"date":"2025-04-17T08:17:59","date_gmt":"2025-04-17T06:17:59","guid":{"rendered":"https:\/\/www.raschvin.com\/produkt\/bottega-pistacchio-vegan-50-cl-17\/"},"modified":"2024-05-21T08:07:59","modified_gmt":"2024-05-21T06:07:59","slug":"bottega-pistacchio-vegan-50-cl-17","status":"publish","type":"product","link":"https:\/\/www.raschvin.com\/sv\/produkt\/bottega-pistacchio-vegan-50-cl-17\/","title":{"rendered":"Bottega Pistacchio (Vegan) 50 cl. 17%"},"content":{"rendered":"<p>Det \u00e4r en kr\u00e4mig lik\u00f6r, behagligt s\u00f6t och med en m\u00e5ttlig alkoholhalt, k\u00e4nnetecknad av en intensiv arom av pistage. Pistaschmandlar \u00e4r frukten av en v\u00e4xt med ursprung i Mellan\u00f6stern, som nu v\u00e4xer spontant p\u00e5 den sicilianska vulkanen Etna. De har alltid varit k\u00e4nda f\u00f6r sina n\u00e4ringsegenskaper. Pistaschmandlar, exklusivt sk\u00f6rdade p\u00e5 Sicilien, bearbetas enligt en traditionell metod och f\u00f6rvandlas till en pasta som bevarar alla sina dyrbara organoleptiska egenskaper. Pastan blandas sedan sakkunnigt med alkohol, vatten och socker, vilket skapar en kr\u00e4mig, rund, sammetslen lik\u00f6r med en intensiv och berusande arom av sicilianska pistagen\u00f6tter. Med en sista touch av grappa f\u00e5r Pistacchio Bottega en speciell aromaticitet, vilket g\u00f6r den unik och omissk\u00e4nnlig.<\/p>\n<p>F\u00e4rg och utseende<br \/>\nPistage gr\u00f6n.<\/p>\n<p>Bukett<br \/>\nIntensiv doft av pistage med en delikat ton av mandel.<\/p>\n<p>Smak<br \/>\nMjuk, rund, delikat och sp\u00e4nnande, den smeker gommen med sin starka och originella pistagesmak.<\/p>\n<p>Serveringstemperatur<br \/>\n3\u00b0C<\/p>\n<p>Serveringsf\u00f6rslag<br \/>\nTack vare sin m\u00e5ttliga alkoholhalt \u00e4r den s\u00e4rskilt l\u00e4mpad f\u00f6r att s\u00f6ta gommen. Serveras b\u00e4st kall, den \u00e4r perfekt inte bara efter m\u00e5ltider, utan \u00e4ven n\u00e4r som helst p\u00e5 dagen. Den anv\u00e4nds som ingrediens i cocktails och, tack vare sin touch av alkohol, \u00e4r den idealisk med pannacotta, bakverk, desserter eller glass.<\/p>\n<p>Laktosfri: Ingen mj\u00f6lk ing\u00e5r i denna lik\u00f6r, som d\u00e4rf\u00f6r kan avnjutas om den inte t\u00e5l mj\u00f6lkproteiner eller laktos.<\/p>\n","protected":false},"excerpt":{"rendered":"<p>Crema di Pistacchi di Sicilia &#8211; Italy<\/p>\n","protected":false},"featured_media":55397,"template":"","meta":{"_acf_changed":false,"rs_blank_template":"","rs_page_bg_color":"","slide_template_v7":""},"product_brand":[],"product_cat":[2390,4673,9392,9395,9398,9404],"product_tag":[],"class_list":{"0":"post-55183","1":"product","2":"type-product","3":"status-publish","4":"has-post-thumbnail","6":"product_cat-sprit","7":"product_cat-creme-sv","8":"product_cat-likor-och-ol","9":"product_cat-likortyper","10":"product_cat-likor-efter-bas","11":"product_cat-vodkalikor","12":"pa_land-italien-sv","13":"pa_procent-17-sv","14":"pa_producent-bottega-spa-sv","15":"pa_region-veneto-sv","16":"pa_region-sicily-2-sv","17":"pa_serveringstemperatur-3-sv","18":"pa_volume-50-sv","20":"first","21":"instock","22":"sale","23":"featured","24":"taxable","25":"shipping-taxable","26":"purchasable","27":"product-type-simple"},"bundled_by":[],"bundle_stock_status":"instock","bundle_stock_quantity":null,"bundle_virtual":false,"bundle_layout":"","bundle_add_to_cart_form_location":"","bundle_editable_in_cart":false,"bundle_sold_individually_context":"","bundle_item_grouping":"","bundle_min_size":"","bundle_max_size":"","bundle_price":[],"bundled_items":[],"bundle_sell_ids":[],"acf":[],"_links":{"self":[{"href":"https:\/\/www.raschvin.com\/sv\/wp-json\/wp\/v2\/product\/55183","targetHints":{"allow":["GET"]}}],"collection":[{"href":"https:\/\/www.raschvin.com\/sv\/wp-json\/wp\/v2\/product"}],"about":[{"href":"https:\/\/www.raschvin.com\/sv\/wp-json\/wp\/v2\/types\/product"}],"wp:featuredmedia":[{"embeddable":true,"href":"https:\/\/www.raschvin.com\/sv\/wp-json\/wp\/v2\/media\/55397"}],"wp:attachment":[{"href":"https:\/\/www.raschvin.com\/sv\/wp-json\/wp\/v2\/media?parent=55183"}],"wp:term":[{"taxonomy":"product_brand","embeddable":true,"href":"https:\/\/www.raschvin.com\/sv\/wp-json\/wp\/v2\/product_brand?post=55183"},{"taxonomy":"product_cat","embeddable":true,"href":"https:\/\/www.raschvin.com\/sv\/wp-json\/wp\/v2\/product_cat?post=55183"},{"taxonomy":"product_tag","embeddable":true,"href":"https:\/\/www.raschvin.com\/sv\/wp-json\/wp\/v2\/product_tag?post=55183"}],"curies":[{"name":"wp","href":"https:\/\/api.w.org\/{rel}","templated":true}]}}