{"id":54859,"date":"2024-05-20T20:24:36","date_gmt":"2024-05-20T18:24:36","guid":{"rendered":"https:\/\/www.raschvin.com\/produkt\/cenote-anejo-tequila-70-cl-40\/"},"modified":"2024-05-20T20:24:36","modified_gmt":"2024-05-20T18:24:36","slug":"cenote-anejo-tequila-70-cl-40","status":"publish","type":"product","link":"https:\/\/www.raschvin.com\/sv\/produkt\/cenote-anejo-tequila-70-cl-40\/","title":{"rendered":"Cenote A\u00f1ejo Tequila 70 cl. 40%"},"content":{"rendered":"<p>Cenote A\u00f1ejo Tequila har lagrats i minst 12 m\u00e5nader p\u00e5 finkorniga, l\u00e4tt rostade amerikanska ekfat; Resultatet \u00e4r en balans av subtila men komplexa \u00e5ldrande toner av vanilj, kryddor och choklad, med perfekt lagrad och kokt agave<\/p>\n<p>Tillverkad med naturligt vulkaniskt vatten som ger en fr\u00e4sch, ren smak och en perfekt bas f\u00f6r de delikata smakerna av v\u00e5r perfekt lagrade agave att skina igenom i cocktails<\/p>\n<p>En balans av subtila men komplexa \u00e5ldrande toner av vanilj, chilipeppar, m\u00f6rk choklad och kanel smaker med perfekt lagrad och kokt agave<\/p>\n<p>Inspirerad av de naturliga underverken i Mexikos underjordiska s\u00f6tvattenpooler som noggrant har filtrerats genom jorden, vilket g\u00f6r dem s\u00e5 rena att du tydligt kan se botten, vilket f\u00f6rbinder dig med en imponerande v\u00e4rld av substans och djup<br \/>\nDjupt inne p\u00e5 Mexikos Yucatanhalv\u00f6n ligger cenoter, spektakul\u00e4ra sjunkh\u00e5l fyllda med kristallklart vatten som l\u00e5ngsamt filtreras genom kalksten; Inspirerad av dessa naturliga underverk \u00e4r Cenote Tequila en prisbel\u00f6nt hantverkstequila tillverkad av 100 % Blue Weber Agave och naturligt vulkaniskt vatten fr\u00e5n destilleriets artesiska brunn<\/p>\n","protected":false},"excerpt":{"rendered":"<p>100% Agave Azul &#8211; Mexico<\/p>\n","protected":false},"featured_media":55060,"template":"","meta":{"_acf_changed":false,"rs_blank_template":"","rs_page_bg_color":"","slide_template_v7":""},"product_brand":[],"product_cat":[2402,2408,9169],"product_tag":[],"class_list":{"0":"post-54859","1":"product","2":"type-product","3":"status-publish","4":"has-post-thumbnail","6":"product_cat-sprit-sv","7":"product_cat-tequila-mescal-sv","8":"product_cat-anejo-12-36-months","9":"pa_land-mexiko","10":"pa_procent-40-sv-2","11":"pa_producent-fabrica-de-tequilas-finos-sv-2","12":"pa_region-jalisco-sv","13":"pa_volume-70-sv-2","15":"first","16":"instock","17":"sale","18":"taxable","19":"shipping-taxable","20":"purchasable","21":"product-type-simple"},"bundled_by":[],"bundle_stock_status":"instock","bundle_stock_quantity":null,"bundle_virtual":false,"bundle_layout":"","bundle_add_to_cart_form_location":"","bundle_editable_in_cart":false,"bundle_sold_individually_context":"","bundle_item_grouping":"","bundle_min_size":"","bundle_max_size":"","bundle_price":[],"bundled_items":[],"bundle_sell_ids":[],"acf":[],"_links":{"self":[{"href":"https:\/\/www.raschvin.com\/sv\/wp-json\/wp\/v2\/product\/54859","targetHints":{"allow":["GET"]}}],"collection":[{"href":"https:\/\/www.raschvin.com\/sv\/wp-json\/wp\/v2\/product"}],"about":[{"href":"https:\/\/www.raschvin.com\/sv\/wp-json\/wp\/v2\/types\/product"}],"wp:featuredmedia":[{"embeddable":true,"href":"https:\/\/www.raschvin.com\/sv\/wp-json\/wp\/v2\/media\/55060"}],"wp:attachment":[{"href":"https:\/\/www.raschvin.com\/sv\/wp-json\/wp\/v2\/media?parent=54859"}],"wp:term":[{"taxonomy":"product_brand","embeddable":true,"href":"https:\/\/www.raschvin.com\/sv\/wp-json\/wp\/v2\/product_brand?post=54859"},{"taxonomy":"product_cat","embeddable":true,"href":"https:\/\/www.raschvin.com\/sv\/wp-json\/wp\/v2\/product_cat?post=54859"},{"taxonomy":"product_tag","embeddable":true,"href":"https:\/\/www.raschvin.com\/sv\/wp-json\/wp\/v2\/product_tag?post=54859"}],"curies":[{"name":"wp","href":"https:\/\/api.w.org\/{rel}","templated":true}]}}