{"id":54852,"date":"2024-05-20T19:38:43","date_gmt":"2024-05-20T17:38:43","guid":{"rendered":"https:\/\/www.raschvin.com\/produkt\/scottish-leader-100-cl-40\/"},"modified":"2024-05-20T19:38:43","modified_gmt":"2024-05-20T17:38:43","slug":"scottish-leader-100-cl-40","status":"publish","type":"product","link":"https:\/\/www.raschvin.com\/sv\/produkt\/scottish-leader-100-cl-40\/","title":{"rendered":"Scottish Leader 100 cl. 40%"},"content":{"rendered":"<p>Upplev den robusta, fylliga lockelsen med en ton av r\u00f6k, fruktighet, malt, sherry och s\u00f6t ek i aromen. Scottish Leader Original-blandning f\u00e4ngslar gommen med rikedom, balanserande kola, n\u00f6tter och en silkeslen, kryddig finish. Denna v\u00e4lgjorda Scotch, en blandning av finaste malt- och grainwhisky, lyfter traditionen med f\u00f6rb\u00e4ttrad kropp och balans, vilket s\u00e4kerst\u00e4ller en tillfredsst\u00e4llande, aromatisk resa med en delikat r\u00f6kig final.<\/p>\n","protected":false},"excerpt":{"rendered":"<p>Original Blended Scotch Whisky<\/p>\n","protected":false},"featured_media":55151,"template":"","meta":{"_acf_changed":false,"rs_blank_template":"","rs_page_bg_color":"","slide_template_v7":""},"product_brand":[],"product_cat":[2387,4765,2392],"product_tag":[],"class_list":{"0":"post-54852","1":"product","2":"type-product","3":"status-publish","4":"has-post-thumbnail","6":"product_cat-avec-sv","7":"product_cat-blended-sv","8":"product_cat-whisky-sv","9":"pa_land-skottland","10":"pa_procent-40-sv-2","11":"pa_volume-100-sv","13":"first","14":"instock","15":"sale","16":"taxable","17":"shipping-taxable","18":"purchasable","19":"product-type-simple"},"bundled_by":[],"bundle_stock_status":"instock","bundle_stock_quantity":null,"bundle_virtual":false,"bundle_layout":"","bundle_add_to_cart_form_location":"","bundle_editable_in_cart":false,"bundle_sold_individually_context":"","bundle_item_grouping":"","bundle_min_size":"","bundle_max_size":"","bundle_price":[],"bundled_items":[],"bundle_sell_ids":[],"acf":[],"_links":{"self":[{"href":"https:\/\/www.raschvin.com\/sv\/wp-json\/wp\/v2\/product\/54852","targetHints":{"allow":["GET"]}}],"collection":[{"href":"https:\/\/www.raschvin.com\/sv\/wp-json\/wp\/v2\/product"}],"about":[{"href":"https:\/\/www.raschvin.com\/sv\/wp-json\/wp\/v2\/types\/product"}],"wp:featuredmedia":[{"embeddable":true,"href":"https:\/\/www.raschvin.com\/sv\/wp-json\/wp\/v2\/media\/55151"}],"wp:attachment":[{"href":"https:\/\/www.raschvin.com\/sv\/wp-json\/wp\/v2\/media?parent=54852"}],"wp:term":[{"taxonomy":"product_brand","embeddable":true,"href":"https:\/\/www.raschvin.com\/sv\/wp-json\/wp\/v2\/product_brand?post=54852"},{"taxonomy":"product_cat","embeddable":true,"href":"https:\/\/www.raschvin.com\/sv\/wp-json\/wp\/v2\/product_cat?post=54852"},{"taxonomy":"product_tag","embeddable":true,"href":"https:\/\/www.raschvin.com\/sv\/wp-json\/wp\/v2\/product_tag?post=54852"}],"curies":[{"name":"wp","href":"https:\/\/api.w.org\/{rel}","templated":true}]}}