{"id":54827,"date":"2024-05-20T18:24:57","date_gmt":"2024-05-20T16:24:57","guid":{"rendered":"https:\/\/www.raschvin.com\/produkt\/fentimans-ginger-beer-gluten-free-vegan-50-cl\/"},"modified":"2024-05-20T18:24:57","modified_gmt":"2024-05-20T16:24:57","slug":"fentimans-ginger-beer-gluten-free-vegan-50-cl","status":"publish","type":"product","link":"https:\/\/www.raschvin.com\/sv\/produkt\/fentimans-ginger-beer-gluten-free-vegan-50-cl\/","title":{"rendered":"Fentimans Ginger Beer (Gluten Free &#038; Vegan) 50 cl."},"content":{"rendered":"<p>Notera 50 cl.!<\/p>\n<p>En traditionellt bryggd ingef\u00e4rs\u00f6l med en komplex smak. V\u00e5r prisbel\u00f6nta, h\u00f6gkvalitativa dryck \u00e4r gjord av den finaste ingef\u00e4raroten. Varje ingrediens \u00e4r naturlig utan konstgjorda smak\u00e4mnen, konserveringsmedel, f\u00e4rg\u00e4mnen eller s\u00f6tningsmedel. Detta noggrant utarbetade recept passar \u00e4ven veganer.<\/p>\n<p>Letar du efter andra uts\u00f6kt tillverkade drycker? Vi erbjuder ocks\u00e5 en samling av Tonic Water, inklusive Premium Indian Tonic Water.<\/p>\n<p>INGEF\u00c4RA<\/p>\n<p>Fentimans Ginger Beer \u00e4r botaniskt bryggt med samma traditionella tekniker som Thomas Fentiman redan 1905. Vi j\u00e4ser den finaste kinesiska ingef\u00e4raroten till en drink som \u00e4r eldig och full av smak. Upplev \u00e4ven v\u00e5r Ginger Ale.<\/p>\n<p>SMAKANM\u00c4RKNINGAR<br \/>\nEn blek och grumlig v\u00e4tska.<\/p>\n<p>En fr\u00e4sch och distinkt ingef\u00e4radoft, med en l\u00e4tt toppnot av citrus.<\/p>\n<p>Komplex, kryddig och dj\u00e4rv med aromatiska \u00f6rtinfusioner, balanserad av s\u00f6tman av en antydan av p\u00e4ron.<\/p>\n<p>Att packa ett slag fr\u00e5n f\u00f6rsta klunken till sista.<\/p>\n<p>Servera \u00f6ver is. Garnera med en limeklyfta.<\/p>\n<p>INGREDIENSER<br \/>\nKolsyrat vatten, j\u00e4st ingef\u00e4rsrotextrakt (vatten, glukossirap, ingef\u00e4ra, p\u00e4ronjuicekoncentrat, j\u00e4st), socker, p\u00e4ronjuicekoncentrat, naturliga smak\u00e4mnen (ingf\u00e4ra, citron, paprika), tandstensgr\u00e4dde, citronsyra, s\u00f6tningsmedel: steviolglykosider fr\u00e5n stevia, \u00f6rtinfusioner (speedwell, enb\u00e4r, r\u00f6lleka)<\/p>\n<p>N\u00c4RINGSINFO<br \/>\nKalorier: 22Kcal;<br \/>\nProtein: 0g;<br \/>\nTotalt kolhydrat: 4,6 g varav sockerarter: 4,4 g;<br \/>\nFett: 0g varav m\u00e4ttat: 0g;<br \/>\nFiber: 0g;<br \/>\nNatrium: 0g<\/p>\n","protected":false},"excerpt":{"rendered":"<p>Botanically Ginger Beer  \u2013 Natural Botanical Herbs<\/p>\n","protected":false},"featured_media":54952,"template":"","meta":{"_acf_changed":false,"rs_blank_template":"","rs_page_bg_color":"","slide_template_v7":""},"product_brand":[],"product_cat":[2402,2405],"product_tag":[],"class_list":{"0":"post-54827","1":"product","2":"type-product","3":"status-publish","4":"has-post-thumbnail","6":"product_cat-sprit-sv","7":"product_cat-mixers-sv","8":"pa_land-england-sv","9":"pa_procent-0-sv","10":"pa_producent-fentimans-sv","11":"pa_region-northumberland-sv","12":"pa_volume-50-sv","14":"first","15":"instock","16":"taxable","17":"shipping-taxable","18":"purchasable","19":"product-type-simple"},"bundled_by":["58779","115807","117590","117618"],"bundle_stock_status":"instock","bundle_stock_quantity":null,"bundle_virtual":false,"bundle_layout":"","bundle_add_to_cart_form_location":"","bundle_editable_in_cart":false,"bundle_sold_individually_context":"","bundle_item_grouping":"","bundle_min_size":"","bundle_max_size":"","bundle_price":[],"bundled_items":[],"bundle_sell_ids":[],"acf":[],"_links":{"self":[{"href":"https:\/\/www.raschvin.com\/sv\/wp-json\/wp\/v2\/product\/54827","targetHints":{"allow":["GET"]}}],"collection":[{"href":"https:\/\/www.raschvin.com\/sv\/wp-json\/wp\/v2\/product"}],"about":[{"href":"https:\/\/www.raschvin.com\/sv\/wp-json\/wp\/v2\/types\/product"}],"wp:featuredmedia":[{"embeddable":true,"href":"https:\/\/www.raschvin.com\/sv\/wp-json\/wp\/v2\/media\/54952"}],"wp:attachment":[{"href":"https:\/\/www.raschvin.com\/sv\/wp-json\/wp\/v2\/media?parent=54827"}],"wp:term":[{"taxonomy":"product_brand","embeddable":true,"href":"https:\/\/www.raschvin.com\/sv\/wp-json\/wp\/v2\/product_brand?post=54827"},{"taxonomy":"product_cat","embeddable":true,"href":"https:\/\/www.raschvin.com\/sv\/wp-json\/wp\/v2\/product_cat?post=54827"},{"taxonomy":"product_tag","embeddable":true,"href":"https:\/\/www.raschvin.com\/sv\/wp-json\/wp\/v2\/product_tag?post=54827"}],"curies":[{"name":"wp","href":"https:\/\/api.w.org\/{rel}","templated":true}]}}