{"id":54824,"date":"2024-05-20T17:48:42","date_gmt":"2024-05-20T15:48:42","guid":{"rendered":"https:\/\/www.raschvin.com\/produkt\/fentimans-valencian-orange-tonic-water-gluten-free-vegan-50-cl\/"},"modified":"2024-05-20T17:48:42","modified_gmt":"2024-05-20T15:48:42","slug":"fentimans-valencian-orange-tonic-water-gluten-free-vegan-50-cl","status":"publish","type":"product","link":"https:\/\/www.raschvin.com\/sv\/produkt\/fentimans-valencian-orange-tonic-water-gluten-free-vegan-50-cl\/","title":{"rendered":"Fentimans Valencian Orange Tonic Water (Gluten Free &#038; Vegan) 50 cl."},"content":{"rendered":"<p>Notera 50 cl.!<\/p>\n<p>Tillverkad med vackert s\u00f6ta valencianska apelsiner och infunderad med citrongr\u00e4s, denna ginmixer \u00e4r perfekt avrundad med en touch av kinin f\u00f6r ett uppfriskande och aromatiskt tonicvatten, en sann smak av Medelhavet. Perfekt f\u00f6r citrus- och \u00f6rtgins.<\/p>\n<p>VALENCIA ORANGE<\/p>\n<p>Vi anv\u00e4nder valencianska apelsiner och citrontimjan f\u00f6r ett f\u00f6ryngrande och aromatiskt tonicvatten. Den Valencianska apelsinen \u00e4r en av de mest popul\u00e4ra i v\u00e4rlden &#8211; de \u00e4r vackert s\u00f6ta och har en distinkt ljus juice. Detta g\u00f6r dem perfekta f\u00f6r ett orange tonicvatten med en twist.<\/p>\n<p>SMAKANM\u00c4RKNINGAR<br \/>\nEn livlig, orange v\u00e4tska.<\/p>\n<p>Tillverkad med vackert s\u00f6ta valencianska apelsiner och infunderad med citrongr\u00e4s, \u00e4r denna mixer perfekt avrundad med en hint av kinin f\u00f6r ett uppfriskande och aromatiskt tonicvatten.<\/p>\n<p>Perfekt f\u00f6r citrus- och \u00f6rtgins.<\/p>\n<p>INGREDIENSER<br \/>\nKolsyrat vatten, socker, naturlig smak (inklusive Valencia apelsinextrakt), syra: citronsyra, matf\u00e4rg (\u00e4ppelkoncentrat, hibiskus), s\u00f6tningsmedel: steviolglykosider fr\u00e5n stevia, kinin, fermenterade botaniska extrakt: (enb\u00e4r, kafferlimeblad, citrongr\u00e4s ), Citrontimjan Infusion.<\/p>\n<p>N\u00c4RINGSINFO<br \/>\nKalorier: 22 Kcal;<br \/>\nProtein: 0g;<br \/>\nTotalt kolhydrat: 4,3 g varav socker: 4,3 g;<br \/>\nFett: 0g varav m\u00e4ttat: 0g;<br \/>\nSalt: <0,01g\n<\/p>\n","protected":false},"excerpt":{"rendered":"<p>Botanically Brewed \u2013 Natural Botanical Tonic Water<\/p>\n","protected":false},"featured_media":55105,"template":"","meta":{"_acf_changed":false,"rs_blank_template":"","rs_page_bg_color":"","slide_template_v7":""},"product_brand":[],"product_cat":[2402,2405],"product_tag":[],"class_list":{"0":"post-54824","1":"product","2":"type-product","3":"status-publish","4":"has-post-thumbnail","6":"product_cat-sprit-sv","7":"product_cat-mixers-sv","8":"pa_land-england-sv","9":"pa_procent-0-sv","10":"pa_producent-fentimans-sv","11":"pa_region-northumberland-sv","12":"pa_volume-50-sv","14":"first","15":"outofstock","16":"taxable","17":"shipping-taxable","18":"purchasable","19":"product-type-simple"},"bundled_by":[],"bundle_stock_status":"outofstock","bundle_stock_quantity":null,"bundle_virtual":false,"bundle_layout":"","bundle_add_to_cart_form_location":"","bundle_editable_in_cart":false,"bundle_sold_individually_context":"","bundle_item_grouping":"","bundle_min_size":"","bundle_max_size":"","bundle_price":[],"bundled_items":[],"bundle_sell_ids":[],"acf":[],"_links":{"self":[{"href":"https:\/\/www.raschvin.com\/sv\/wp-json\/wp\/v2\/product\/54824","targetHints":{"allow":["GET"]}}],"collection":[{"href":"https:\/\/www.raschvin.com\/sv\/wp-json\/wp\/v2\/product"}],"about":[{"href":"https:\/\/www.raschvin.com\/sv\/wp-json\/wp\/v2\/types\/product"}],"wp:featuredmedia":[{"embeddable":true,"href":"https:\/\/www.raschvin.com\/sv\/wp-json\/wp\/v2\/media\/55105"}],"wp:attachment":[{"href":"https:\/\/www.raschvin.com\/sv\/wp-json\/wp\/v2\/media?parent=54824"}],"wp:term":[{"taxonomy":"product_brand","embeddable":true,"href":"https:\/\/www.raschvin.com\/sv\/wp-json\/wp\/v2\/product_brand?post=54824"},{"taxonomy":"product_cat","embeddable":true,"href":"https:\/\/www.raschvin.com\/sv\/wp-json\/wp\/v2\/product_cat?post=54824"},{"taxonomy":"product_tag","embeddable":true,"href":"https:\/\/www.raschvin.com\/sv\/wp-json\/wp\/v2\/product_tag?post=54824"}],"curies":[{"name":"wp","href":"https:\/\/api.w.org\/{rel}","templated":true}]}}