{"id":54820,"date":"2024-05-20T17:38:49","date_gmt":"2024-05-20T15:38:49","guid":{"rendered":"https:\/\/www.raschvin.com\/produkt\/fentimans-connoisseurs-tonic-water-gluten-free-vegan-50-cl\/"},"modified":"2024-05-20T17:38:49","modified_gmt":"2024-05-20T15:38:49","slug":"fentimans-connoisseurs-tonic-water-gluten-free-vegan-50-cl","status":"publish","type":"product","link":"https:\/\/www.raschvin.com\/sv\/produkt\/fentimans-connoisseurs-tonic-water-gluten-free-vegan-50-cl\/","title":{"rendered":"Fentimans Connoisseurs Tonic Water (Gluten Free &#038; Vegan) 50 cl."},"content":{"rendered":"<p>Notera 50 cl.!<\/p>\n<p>V\u00e5rt m\u00e5ngsidiga Connoisseurs Tonic Water \u00e4r speciellt skapat med en delikat infusion av naturliga v\u00e4xter och kinin f\u00f6r en ren och balanserad smak. Den delikata smakprofilen hos detta premium tonicvatten f\u00f6rst\u00e4rker och f\u00f6rst\u00e4rker de vackra v\u00e4xterna i premiumspriten, vilket l\u00e5ter spriten vara hj\u00e4lten.<\/p>\n<p>KININ<\/p>\n<p>Kinin kommer fr\u00e5n cinchonatr\u00e4dets bark. P\u00e5 egen hand har den en bitter smak, men i kombination med s\u00f6tande ingredienser i v\u00e5rt lyxiga tonic-vatten \u00e4r den distinkt citrusig och jordig.<\/p>\n<p>V\u00e5r Connoisseurs Tonic Water passar utm\u00e4rkt som ginmixer &#8211; vi rekommenderar citrusiga gins som apelsin, grapefrukt eller citron. Du kan ocks\u00e5 blanda den med en gin rik p\u00e5 enb\u00e4r eller en rot f\u00f6r en vacker botanisk upplevelse. Vi har \u00e4ven lemonad och annan l\u00e4sk om du f\u00f6redrar en s\u00f6tare mixer.<\/p>\n<p>SMAKANM\u00c4RKNINGAR<br \/>\nEn ren och klar v\u00e4tska.<\/p>\n<p>En arom som \u00e4r markant frisk.<\/p>\n<p>En krispig smak med en hint av kinin, perfekt balanserad av subtil s\u00f6tma.<\/p>\n<p>M\u00e5ngsidigheten hos detta tonicvatten g\u00f6r det till den perfekta partnern f\u00f6r alla gin.<\/p>\n<p>INGREDIENSER<br \/>\nKolsyrat vatten, socker, syra: citronsyra, naturlig arom, kinin, fermenterade botaniska extrakt: (enb\u00e4r, kaffirlimeblad, citrongr\u00e4s), s\u00f6tningsmedel: steviolglykosider fr\u00e5n stevia.<\/p>\n<p>N\u00c4RINGSINFO<br \/>\nKalorier: 84kJ\/20kcal;<br \/>\nProtein: 0g;<br \/>\nTotalt kolhydrat: 4,5 g varav sockerarter: 4,4 g;<br \/>\nFett: 0g varav m\u00e4ttat: 0g;<br \/>\nFiber: 0g;<br \/>\nNatrium: <0,01g\n<\/p>\n","protected":false},"excerpt":{"rendered":"<p>Botanically Brewed \u2013 Natural Botanical Tonic Water<\/p>\n","protected":false},"featured_media":55087,"template":"","meta":{"_acf_changed":false,"rs_blank_template":"","rs_page_bg_color":"","slide_template_v7":""},"product_brand":[],"product_cat":[2405,9293],"product_tag":[],"class_list":{"0":"post-54820","1":"product","2":"type-product","3":"status-publish","4":"has-post-thumbnail","6":"product_cat-mixers-sv","7":"product_cat-tonic","8":"pa_land-england-sv","9":"pa_procent-0-sv","10":"pa_producent-fentimans-sv","11":"pa_region-northumberland-sv","12":"pa_volume-50-sv","14":"first","15":"instock","16":"taxable","17":"shipping-taxable","18":"purchasable","19":"product-type-simple"},"bundled_by":["116459","116405","116398","117231","116482","116469","117528","120145"],"bundle_stock_status":"instock","bundle_stock_quantity":null,"bundle_virtual":false,"bundle_layout":"","bundle_add_to_cart_form_location":"","bundle_editable_in_cart":false,"bundle_sold_individually_context":"","bundle_item_grouping":"","bundle_min_size":"","bundle_max_size":"","bundle_price":[],"bundled_items":[],"bundle_sell_ids":[],"acf":[],"_links":{"self":[{"href":"https:\/\/www.raschvin.com\/sv\/wp-json\/wp\/v2\/product\/54820","targetHints":{"allow":["GET"]}}],"collection":[{"href":"https:\/\/www.raschvin.com\/sv\/wp-json\/wp\/v2\/product"}],"about":[{"href":"https:\/\/www.raschvin.com\/sv\/wp-json\/wp\/v2\/types\/product"}],"wp:featuredmedia":[{"embeddable":true,"href":"https:\/\/www.raschvin.com\/sv\/wp-json\/wp\/v2\/media\/55087"}],"wp:attachment":[{"href":"https:\/\/www.raschvin.com\/sv\/wp-json\/wp\/v2\/media?parent=54820"}],"wp:term":[{"taxonomy":"product_brand","embeddable":true,"href":"https:\/\/www.raschvin.com\/sv\/wp-json\/wp\/v2\/product_brand?post=54820"},{"taxonomy":"product_cat","embeddable":true,"href":"https:\/\/www.raschvin.com\/sv\/wp-json\/wp\/v2\/product_cat?post=54820"},{"taxonomy":"product_tag","embeddable":true,"href":"https:\/\/www.raschvin.com\/sv\/wp-json\/wp\/v2\/product_tag?post=54820"}],"curies":[{"name":"wp","href":"https:\/\/api.w.org\/{rel}","templated":true}]}}