{"id":54816,"date":"2024-05-20T17:31:46","date_gmt":"2024-05-20T15:31:46","guid":{"rendered":"https:\/\/www.raschvin.com\/produkt\/fentimans-oriental-yuzu-tonic-gluten-free-vegan-50-cl\/"},"modified":"2024-05-20T17:31:46","modified_gmt":"2024-05-20T15:31:46","slug":"fentimans-oriental-yuzu-tonic-gluten-free-vegan-50-cl","status":"publish","type":"product","link":"https:\/\/www.raschvin.com\/sv\/produkt\/fentimans-oriental-yuzu-tonic-gluten-free-vegan-50-cl\/","title":{"rendered":"Fentimans Oriental Yuzu Tonic (Gluten Free &#038; Vegan) 50 cl."},"content":{"rendered":"<p>Notera 50 cl.!<\/p>\n<p>Ljus, livlig och citrusig. Oriental Yuzu Tonic \u00e4r en uppfriskande och upplyftande mixer. Infunderad med Yuzu-extrakt med subtila v\u00e4xtbaserade undertoner. Perfekt att blanda med en stark London Dry eller botaniskt rik gin. Servera \u00f6ver is och garnera med en citrontwist.<\/p>\n<p>YUZU<\/p>\n<p>Yuzu oss en citrusfrukt som ser ut som en liten grapefrukt med oj\u00e4mn ljusgul skal. Yuzu \u00e4r extremt aromatisk och n\u00e4ringsrik och \u00e4r en rik k\u00e4lla till C-vitamin. Dess smak \u00e4r en hybrid av citrussmaker som finns i citron, mandarin och grapefrukt.<\/p>\n<p>Yuzu kommer fr\u00e5n Sydostasien med japanska Yuzu k\u00e4nd f\u00f6r sin kvalitet.<\/p>\n<p>SMAKANM\u00c4RKNINGAR<br \/>\nEn l\u00e4tt och naturligt grumlig v\u00e4tska.<\/p>\n<p>Denna exotiska mixer \u00e4r uppfriskande, citrusaktig och upplyftande. Infunderad med Yuzu-extrakt och subtila v\u00e4xtbaserade undertoner.<\/p>\n<p>Perfekt att blanda med en stark London Dry eller botaniskt rik gin.<\/p>\n<p>Servera \u00f6ver is och garnera med en citrontwist.<\/p>\n<p>INGREDIENSER<br \/>\nKolsyrat vatten, socker, yuzujuice, citronsyra, naturlig smak (kinin), glukossirap, fermenterade botaniska extrakt: (enb\u00e4r, kaffirlimeblad, citrongr\u00e4s).<\/p>\n<p>N\u00c4RINGSINFO<br \/>\nKalorier: 21 kcal;<br \/>\nProtein: < 0g;\nTotalt kolhydrat: 4,9 g varav sockerarter: 4,9 g;\nFett: 0g varav m\u00e4ttat: 0g;\nFiber: 0g;\nNatrium: <0,01g\n<\/p>\n","protected":false},"excerpt":{"rendered":"<p>Botanically Brewed \u2013 Natural Botanical Tonic Water<\/p>\n","protected":false},"featured_media":55090,"template":"","meta":{"_acf_changed":false,"rs_blank_template":"","rs_page_bg_color":"","slide_template_v7":""},"product_brand":[],"product_cat":[2405,9293],"product_tag":[],"class_list":{"0":"post-54816","1":"product","2":"type-product","3":"status-publish","4":"has-post-thumbnail","6":"product_cat-mixers-sv","7":"product_cat-tonic","8":"pa_land-england-sv","9":"pa_procent-0-sv","10":"pa_producent-fentimans-sv","11":"pa_region-northumberland-sv","12":"pa_volume-50-sv","14":"first","15":"outofstock","16":"taxable","17":"shipping-taxable","18":"purchasable","19":"product-type-simple"},"bundled_by":[],"bundle_stock_status":"outofstock","bundle_stock_quantity":null,"bundle_virtual":false,"bundle_layout":"","bundle_add_to_cart_form_location":"","bundle_editable_in_cart":false,"bundle_sold_individually_context":"","bundle_item_grouping":"","bundle_min_size":"","bundle_max_size":"","bundle_price":[],"bundled_items":[],"bundle_sell_ids":[],"acf":[],"_links":{"self":[{"href":"https:\/\/www.raschvin.com\/sv\/wp-json\/wp\/v2\/product\/54816","targetHints":{"allow":["GET"]}}],"collection":[{"href":"https:\/\/www.raschvin.com\/sv\/wp-json\/wp\/v2\/product"}],"about":[{"href":"https:\/\/www.raschvin.com\/sv\/wp-json\/wp\/v2\/types\/product"}],"wp:featuredmedia":[{"embeddable":true,"href":"https:\/\/www.raschvin.com\/sv\/wp-json\/wp\/v2\/media\/55090"}],"wp:attachment":[{"href":"https:\/\/www.raschvin.com\/sv\/wp-json\/wp\/v2\/media?parent=54816"}],"wp:term":[{"taxonomy":"product_brand","embeddable":true,"href":"https:\/\/www.raschvin.com\/sv\/wp-json\/wp\/v2\/product_brand?post=54816"},{"taxonomy":"product_cat","embeddable":true,"href":"https:\/\/www.raschvin.com\/sv\/wp-json\/wp\/v2\/product_cat?post=54816"},{"taxonomy":"product_tag","embeddable":true,"href":"https:\/\/www.raschvin.com\/sv\/wp-json\/wp\/v2\/product_tag?post=54816"}],"curies":[{"name":"wp","href":"https:\/\/api.w.org\/{rel}","templated":true}]}}