{"id":54807,"date":"2024-05-20T17:06:26","date_gmt":"2024-05-20T15:06:26","guid":{"rendered":"https:\/\/www.raschvin.com\/produkt\/fentimans-pink-rhubarb-tonic-water-gluten-free-vegan-50-cl\/"},"modified":"2024-05-20T17:19:23","modified_gmt":"2024-05-20T15:19:23","slug":"fentimans-pink-rhubarb-tonic-water-gluten-free-vegan-50-cl","status":"publish","type":"product","link":"https:\/\/www.raschvin.com\/sv\/produkt\/fentimans-pink-rhubarb-tonic-water-gluten-free-vegan-50-cl\/","title":{"rendered":"Fentimans Pink Rhubarb Tonic Water (Gluten Free &#038; Vegan) 50 cl."},"content":{"rendered":"<p>Notera 50 cl.!<\/p>\n<p>Fentimans Pink Rhubarb Tonic Water \u00e4r gjord med s\u00f6ta rabarber och botaniska extrakt f\u00f6r en tonic som p\u00e5minner om vintage s\u00f6tsaker. Blanda med en klassisk London Dry gin och garnera med citron och myntakvist.<\/p>\n<p>ROSA RABARBER<\/p>\n<p>Vem mer \u00e4lskade en rabarbergodis som liten? V\u00e5rt rosa rabarber tonic vatten \u00e4r inspirerat av den ack s\u00e5 s\u00f6ta njutningen och tar dig tillbaka till din ungdom. Vintagegodisen \u00e4r gjord av sl\u00e5ende rosa rabarber, som har en syrlig smak p\u00e5 egen hand. F\u00f6r en annan klassisk drink, prova v\u00e5r Cola. Eller, om du letar efter ett klassiskt Tonic Water, prova v\u00e5rt Premium Indian Tonic Water.<\/p>\n<p>SMAKANM\u00c4RKNINGAR<br \/>\nUtm\u00e4rks av sin livfulla rosa f\u00e4rg.<\/p>\n<p>En s\u00f6t doft av kanderade undertoner som p\u00e5minner om vintagegodis.<\/p>\n<p>F\u00f6r att smaka, levererar denna mixer toner av syrlig rabarber med en unik och uppfriskande dimension.<\/p>\n<p>Blanda med en klassisk London Dry Gin, servera \u00f6ver is och garnera med citron och en kvist mynta.<\/p>\n<p>INGREDIENSER<br \/>\nKolsyrat vatten, socker, citronsyra, naturlig arom (rabarber, kinin), glukossirap, naturlig fruktextraktf\u00e4rg, fermenterade botaniska extrakt: (enb\u00e4r, kaffirlimeblad, citrongr\u00e4s).<\/p>\n<p>N\u00c4RINGSINFORMATION<br \/>\nKalorier: 33kcal;<br \/>\nProtein: < 0g;\nTotalt kolhydrater: 7,8 g varav sockerarter: 7,8 g;\nFett: 0g varav m\u00e4ttad: 0g;\nFiber: 0g;\nNatrium: <0,01g\n<\/p>\n","protected":false},"excerpt":{"rendered":"<p>Botanically Brewed \u2013 Natural Botanical Tonic Water<\/p>\n","protected":false},"featured_media":55096,"template":"","meta":{"_acf_changed":false,"rs_blank_template":"","rs_page_bg_color":"","slide_template_v7":""},"product_brand":[],"product_cat":[2405,9293],"product_tag":[],"class_list":{"0":"post-54807","1":"product","2":"type-product","3":"status-publish","4":"has-post-thumbnail","6":"product_cat-mixers-sv","7":"product_cat-tonic","8":"pa_land-england-sv","9":"pa_procent-0-sv","10":"pa_producent-fentimans-sv","11":"pa_region-northumberland-sv","12":"pa_volume-50-sv","14":"first","15":"instock","16":"taxable","17":"shipping-taxable","18":"purchasable","19":"product-type-simple"},"bundled_by":["116385","117248"],"bundle_stock_status":"instock","bundle_stock_quantity":null,"bundle_virtual":false,"bundle_layout":"","bundle_add_to_cart_form_location":"","bundle_editable_in_cart":false,"bundle_sold_individually_context":"","bundle_item_grouping":"","bundle_min_size":"","bundle_max_size":"","bundle_price":[],"bundled_items":[],"bundle_sell_ids":[],"acf":[],"_links":{"self":[{"href":"https:\/\/www.raschvin.com\/sv\/wp-json\/wp\/v2\/product\/54807","targetHints":{"allow":["GET"]}}],"collection":[{"href":"https:\/\/www.raschvin.com\/sv\/wp-json\/wp\/v2\/product"}],"about":[{"href":"https:\/\/www.raschvin.com\/sv\/wp-json\/wp\/v2\/types\/product"}],"wp:featuredmedia":[{"embeddable":true,"href":"https:\/\/www.raschvin.com\/sv\/wp-json\/wp\/v2\/media\/55096"}],"wp:attachment":[{"href":"https:\/\/www.raschvin.com\/sv\/wp-json\/wp\/v2\/media?parent=54807"}],"wp:term":[{"taxonomy":"product_brand","embeddable":true,"href":"https:\/\/www.raschvin.com\/sv\/wp-json\/wp\/v2\/product_brand?post=54807"},{"taxonomy":"product_cat","embeddable":true,"href":"https:\/\/www.raschvin.com\/sv\/wp-json\/wp\/v2\/product_cat?post=54807"},{"taxonomy":"product_tag","embeddable":true,"href":"https:\/\/www.raschvin.com\/sv\/wp-json\/wp\/v2\/product_tag?post=54807"}],"curies":[{"name":"wp","href":"https:\/\/api.w.org\/{rel}","templated":true}]}}