{"id":54804,"date":"2024-05-20T17:00:22","date_gmt":"2024-05-20T15:00:22","guid":{"rendered":"https:\/\/www.raschvin.com\/produkt\/fentimans-premium-indian-tonic-water-gluten-free-vegan-50-cl\/"},"modified":"2024-05-20T17:20:14","modified_gmt":"2024-05-20T15:20:14","slug":"fentimans-premium-indian-tonic-water-gluten-free-vegan-50-cl","status":"publish","type":"product","link":"https:\/\/www.raschvin.com\/sv\/produkt\/fentimans-premium-indian-tonic-water-gluten-free-vegan-50-cl\/","title":{"rendered":"Fentimans Premium Indian Tonic Water (Gluten Free &#038; Vegan) 50 cl."},"content":{"rendered":"<p>Notera 50 cl.!<\/p>\n<p>V\u00e4rldens f\u00f6rsta botaniskt bryggda indiska tonicvatten \u00e4r gjort med en blandning av \u00f6rtinfusioner, siciliansk citronolja och citrongr\u00e4sextrakt, vilket skapar en uppfriskande och unik tonic. Njut av en distinkt, bitter smak fr\u00e5n kinin \u2013 kinin kommer fr\u00e5n barken fr\u00e5n det inhemska cinchonatr\u00e4det i Central- och Sydamerika.<\/p>\n<p>\u00d6RTINFUSIONER<\/p>\n<p>Enb\u00e4r, kaffirlimeblad och citrongr\u00e4s ger v\u00e5rt indiska tonicvatten en unik karakt\u00e4r och smakdjup. Bl\u00e4ddra i v\u00e5rt urval av tonicvatten f\u00f6r ett urval av blandare. Vi erbjuder ocks\u00e5 en specialistguide f\u00f6r att komplettera varje smak.<\/p>\n<p>V\u00e5ra f\u00f6rstklassiga hantverksdrycker \u00e4r infunderade med en m\u00e4ngd noggrant utvalda v\u00e4xter. F\u00f6r mer naturliga och expertbryggda serveringar, uppt\u00e4ck v\u00e5r eldiga Ginger Beer.<br \/>\nSMAKANM\u00c4RKNINGAR<br \/>\nV\u00e4rldens f\u00f6rsta botaniskt bryggda tonicvatten.<\/p>\n<p>Distinkta citrusnoter balanserad av \u00f6rtinfusioner och citrongr\u00e4sextrakt.<\/p>\n<p>Detta tonicvatten serveras b\u00e4st med en London Dry gin, garnerad med citron.<\/p>\n<p>INGREDIENSER<br \/>\nKolsyrat vatten, fruktos (fruktsocker), syra: citronsyra, naturliga smak\u00e4mnen, kinin, fermenterade botaniska extrakt (enb\u00e4r, kaffirlimeblad, citrongr\u00e4s) s\u00f6tningsmedel: steviolglykosider fr\u00e5n stevia, \u00f6rtinfusioner (enb\u00e4r, kaffirlimeblad).<\/p>\n<p>N\u00c4RINGSINFORMATION<br \/>\nKalorier: 20Kcal;<br \/>\nProtein: 0g;<br \/>\nTotalt kolhydrater: 4,4 g varav socker: 4,4 g;<br \/>\nFett: 0g varav m\u00e4ttat: 0g;<br \/>\nNatrium: <0,01g\n<\/p>\n","protected":false},"excerpt":{"rendered":"<p>Botanically Brewed \u2013 Natural Botanical Tonic Water <\/p>\n","protected":false},"featured_media":55099,"template":"","meta":{"_acf_changed":false,"rs_blank_template":"","rs_page_bg_color":"","slide_template_v7":""},"product_brand":[],"product_cat":[2402,2405],"product_tag":[],"class_list":{"0":"post-54804","1":"product","2":"type-product","3":"status-publish","4":"has-post-thumbnail","6":"product_cat-sprit-sv","7":"product_cat-mixers-sv","8":"pa_land-england-sv","9":"pa_procent-0-sv","10":"pa_producent-fentimans-sv","11":"pa_region-northumberland-sv","12":"pa_volume-50-sv","14":"first","15":"instock","16":"taxable","17":"shipping-taxable","18":"purchasable","19":"product-type-simple"},"bundled_by":["58811","58821","116314","117218","116453","116339"],"bundle_stock_status":"instock","bundle_stock_quantity":null,"bundle_virtual":false,"bundle_layout":"","bundle_add_to_cart_form_location":"","bundle_editable_in_cart":false,"bundle_sold_individually_context":"","bundle_item_grouping":"","bundle_min_size":"","bundle_max_size":"","bundle_price":[],"bundled_items":[],"bundle_sell_ids":[],"acf":[],"_links":{"self":[{"href":"https:\/\/www.raschvin.com\/sv\/wp-json\/wp\/v2\/product\/54804","targetHints":{"allow":["GET"]}}],"collection":[{"href":"https:\/\/www.raschvin.com\/sv\/wp-json\/wp\/v2\/product"}],"about":[{"href":"https:\/\/www.raschvin.com\/sv\/wp-json\/wp\/v2\/types\/product"}],"wp:featuredmedia":[{"embeddable":true,"href":"https:\/\/www.raschvin.com\/sv\/wp-json\/wp\/v2\/media\/55099"}],"wp:attachment":[{"href":"https:\/\/www.raschvin.com\/sv\/wp-json\/wp\/v2\/media?parent=54804"}],"wp:term":[{"taxonomy":"product_brand","embeddable":true,"href":"https:\/\/www.raschvin.com\/sv\/wp-json\/wp\/v2\/product_brand?post=54804"},{"taxonomy":"product_cat","embeddable":true,"href":"https:\/\/www.raschvin.com\/sv\/wp-json\/wp\/v2\/product_cat?post=54804"},{"taxonomy":"product_tag","embeddable":true,"href":"https:\/\/www.raschvin.com\/sv\/wp-json\/wp\/v2\/product_tag?post=54804"}],"curies":[{"name":"wp","href":"https:\/\/api.w.org\/{rel}","templated":true}]}}