{"id":54800,"date":"2024-05-20T16:51:51","date_gmt":"2024-05-20T14:51:51","guid":{"rendered":"https:\/\/www.raschvin.com\/produkt\/fentimans-rose-lemonade-gluten-free-vegan-50-cl\/"},"modified":"2024-05-20T17:21:25","modified_gmt":"2024-05-20T15:21:25","slug":"fentimans-rose-lemonade-gluten-free-vegan-50-cl","status":"publish","type":"product","link":"https:\/\/www.raschvin.com\/sv\/produkt\/fentimans-rose-lemonade-gluten-free-vegan-50-cl\/","title":{"rendered":"Fentimans Rose Lemonade (Gluten Free &#038; Vegan) 50 cl."},"content":{"rendered":"<p>Notera 50 cl.!<\/p>\n<p>V\u00e5r ikoniska Rose Lemonade \u00e4r gjord med ren Otto-rosolja fr\u00e5n den v\u00e4rldsber\u00f6mda Rose Valley i Kazanlak, Bulgarien. Denna rosenolja \u00e4r en av de mest v\u00e4rdefulla eteriska oljorna p\u00e5 jorden och anv\u00e4nds i n\u00e5gra av de finaste parfymerna p\u00e5 marknaden. Vi blandar en liten m\u00e4ngd av denna olja med citronsaft f\u00f6r att tillf\u00f6ra ett o\u00f6vertr\u00e4ffat djup av smak.<\/p>\n<p>RESTE SIG<\/p>\n<p>Denna m\u00e5ngsidiga v\u00e4xt har anv\u00e4ndningsomr\u00e5den som str\u00e4cker sig l\u00e5ngt ut\u00f6ver dess dekorativa egenskaper. Rosen \u00e4r odlad f\u00f6r parfymer och kosmetika till konserver och konfektyr och anv\u00e4nds flitigt inom \u00f6rtmedicin.<\/p>\n<p>SMAKANM\u00c4RKNINGAR<br \/>\nEn livlig, rodnad rosa f\u00e4rg.<\/p>\n<p>En s\u00f6t, citrusdoft, infunderad med en v\u00e4ldoftande doft av ros.<\/p>\n<p>En delikat balans av smaker: rosen \u00e4r tydlig men subtil.<\/p>\n<p>Finishen \u00e4r sl\u00e4t, med en komplex munk\u00e4nsla.<\/p>\n<p>Servera \u00f6ver is, garnera med citron.<\/p>\n<p>INGREDIENSER<br \/>\nKolsyrat vatten, fruktos, sockerklarad citronsaft fr\u00e5n koncentrat (6%), p\u00e4ronjuicekoncentrat (5%), fermenterat ingef\u00e4rsrotextrakt (vatten, glukossirap, ingef\u00e4ra, p\u00e4ronjuicekoncentrat, j\u00e4st), naturliga aromer, stabiliseringsmedel: pektin syra: vinsyra, citronsyra; f\u00e4rg: r\u00f6dk\u00e5lsextrakt, s\u00f6tningsmedel: Steviolglykosider fr\u00e5n stevia, bulgarisk rosenolja.<\/p>\n<p>N\u00c4RINGSINFORMATION<br \/>\nKalorier: 78kJ\/18Kcal;<br \/>\nProtein: 0g;<br \/>\nTotalt kolhydrater: 4,0 g varav socker: 3,9 g;<br \/>\nFett: 0g varav m\u00e4ttat: 0g;<br \/>\nFiber: 0g;<br \/>\nSalt: <0,01g\n<\/p>\n","protected":false},"excerpt":{"rendered":"<p>Botanically Brewed &#8211; Natural Botanical Drink<\/p>\n","protected":false},"featured_media":55102,"template":"","meta":{"_acf_changed":false,"rs_blank_template":"","rs_page_bg_color":"","slide_template_v7":""},"product_brand":[],"product_cat":[2405,9296,9302],"product_tag":[],"class_list":{"0":"post-54800","1":"product","2":"type-product","3":"status-publish","4":"has-post-thumbnail","6":"product_cat-mixers-sv","7":"product_cat-mixers","8":"product_cat-lask","9":"pa_land-england-sv","10":"pa_procent-0-sv","11":"pa_producent-fentimans-sv","12":"pa_region-northumberland-sv","13":"pa_volume-50-sv","15":"first","16":"instock","17":"taxable","18":"shipping-taxable","19":"purchasable","20":"product-type-simple"},"bundled_by":["117239"],"bundle_stock_status":"instock","bundle_stock_quantity":null,"bundle_virtual":false,"bundle_layout":"","bundle_add_to_cart_form_location":"","bundle_editable_in_cart":false,"bundle_sold_individually_context":"","bundle_item_grouping":"","bundle_min_size":"","bundle_max_size":"","bundle_price":[],"bundled_items":[],"bundle_sell_ids":[],"acf":[],"_links":{"self":[{"href":"https:\/\/www.raschvin.com\/sv\/wp-json\/wp\/v2\/product\/54800","targetHints":{"allow":["GET"]}}],"collection":[{"href":"https:\/\/www.raschvin.com\/sv\/wp-json\/wp\/v2\/product"}],"about":[{"href":"https:\/\/www.raschvin.com\/sv\/wp-json\/wp\/v2\/types\/product"}],"wp:featuredmedia":[{"embeddable":true,"href":"https:\/\/www.raschvin.com\/sv\/wp-json\/wp\/v2\/media\/55102"}],"wp:attachment":[{"href":"https:\/\/www.raschvin.com\/sv\/wp-json\/wp\/v2\/media?parent=54800"}],"wp:term":[{"taxonomy":"product_brand","embeddable":true,"href":"https:\/\/www.raschvin.com\/sv\/wp-json\/wp\/v2\/product_brand?post=54800"},{"taxonomy":"product_cat","embeddable":true,"href":"https:\/\/www.raschvin.com\/sv\/wp-json\/wp\/v2\/product_cat?post=54800"},{"taxonomy":"product_tag","embeddable":true,"href":"https:\/\/www.raschvin.com\/sv\/wp-json\/wp\/v2\/product_tag?post=54800"}],"curies":[{"name":"wp","href":"https:\/\/api.w.org\/{rel}","templated":true}]}}