{"id":54787,"date":"2024-05-20T13:57:27","date_gmt":"2024-05-20T11:57:27","guid":{"rendered":"https:\/\/www.raschvin.com\/produkt\/cazcabel-tequila-coffee-liqueur-70-cl-34\/"},"modified":"2024-05-20T13:59:55","modified_gmt":"2024-05-20T11:59:55","slug":"cazcabel-tequila-coffee-liqueur-70-cl-34","status":"publish","type":"product","link":"https:\/\/www.raschvin.com\/sv\/produkt\/cazcabel-tequila-coffee-liqueur-70-cl-34\/","title":{"rendered":"Cazcabel Tequila &#038; Coffee Liqueur 70 cl. 34%"},"content":{"rendered":"<p>Fantastiska lik\u00f6rer med Cazcabel Tequila som bas, vilket g\u00f6r denna buteljering till 34 % ABV.<\/p>\n<p>Cazcabel-lik\u00f6rer sticker ut j\u00e4mf\u00f6rt med andra d\u00e5 de anv\u00e4nder helt naturliga ingredienser, och deras Cazcabel Coffee \u00e4r faktiskt en blandning av Arabica-kaffe fr\u00e5n Soconusco i Mexiko och s\u00e5 klart deras alldeles egna 100% agave Tequila Blanco.<\/p>\n<p>Cazcabel \u00e4r faktiskt uppkallad efter en legendarisk medicinman, Don Cazcabel. Han \u00e4r en healer som har kunskap som g\u00e5r tillbaka \u00e5rhundraden, vissa s\u00e4ger till och med att han \u00e4r en \u00e4ttling till Maya-shamanen! M\u00e4nniskor reser fr\u00e5n hundratals mil runt f\u00f6r att se honom.<\/p>\n<p>&#8217;Cazcabel&#8217; som \u00f6vers\u00e4tts till &#8217;skallerorm&#8217; \u00e4r namnet p\u00e5 den kraftfulla healern eftersom han anv\u00e4nder alla naturliga ingredienser f\u00f6r sina elixir och ett av hans starkaste hopkok anv\u00e4nder faktiskt den mexikanska skallerormen som huvudkomponent. Som f\u00f6respr\u00e5kare f\u00f6r allt levande anv\u00e4nder han bara det som redan d\u00f6tt f\u00f6r att skapa nytt liv.<\/p>\n<p>Kropp Djupt m\u00f6rkbrun, tjock kropp<br \/>\nArom Starka toner av rostat kaffe<br \/>\nSmak Rik espresso och m\u00f6rk choklad blandas med s\u00f6t kola<br \/>\nFinish F\u00e4rsk vanilj f\u00f6rvandlas till en delikat torr finish, vilket g\u00f6r att du vill ha mer<\/p>\n<p>Prisbel\u00f6nt kaffelik\u00f6r, framst\u00e4lld med tequila blanco gjord p\u00e5 100 % bl\u00e5 agave och blandad med arabicakaffe fr\u00e5n Soconusco-regionen i Mexiko.<\/p>\n<p>En rik, s\u00f6t smak av nyrostat kaffe. Inslag av choklad, vanilj och agave. En extremt mjuk och rik konsistens som g\u00f6r det sv\u00e5rt att h\u00e5lla sig till ett enda glas.<\/p>\n<p>En vacker design p\u00e5 flaskan ger ett elegant och stilrent uttryck.<\/p>\n<p>Cazcabel Coffee lik\u00f6r \u00e4r perfekt som digestif eller i en Espresso Martini.<\/p>\n","protected":false},"excerpt":{"rendered":"<p>Mexican Coffee Liqueur With Tequila Blanco<\/p>\n","protected":false},"featured_media":55006,"template":"","meta":{"_acf_changed":false,"rs_blank_template":"","rs_page_bg_color":"","slide_template_v7":""},"product_brand":[],"product_cat":[2390,4684,9392,9395,9398,9487],"product_tag":[],"class_list":{"0":"post-54787","1":"product","2":"type-product","3":"status-publish","4":"has-post-thumbnail","6":"product_cat-sprit","7":"product_cat-kaffelikor","8":"product_cat-likor-och-ol","9":"product_cat-likortyper","10":"product_cat-likor-efter-bas","11":"product_cat-tequilalikoer","12":"pa_land-mexiko","13":"pa_procent-34-sv","14":"pa_producent-cazcabel-sv","15":"pa_region-jalisco-sv","16":"pa_volume-70-sv-2","18":"first","19":"instock","20":"taxable","21":"shipping-taxable","22":"purchasable","23":"product-type-simple"},"bundled_by":[],"bundle_stock_status":"instock","bundle_stock_quantity":null,"bundle_virtual":false,"bundle_layout":"","bundle_add_to_cart_form_location":"","bundle_editable_in_cart":false,"bundle_sold_individually_context":"","bundle_item_grouping":"","bundle_min_size":"","bundle_max_size":"","bundle_price":[],"bundled_items":[],"bundle_sell_ids":[],"acf":[],"_links":{"self":[{"href":"https:\/\/www.raschvin.com\/sv\/wp-json\/wp\/v2\/product\/54787","targetHints":{"allow":["GET"]}}],"collection":[{"href":"https:\/\/www.raschvin.com\/sv\/wp-json\/wp\/v2\/product"}],"about":[{"href":"https:\/\/www.raschvin.com\/sv\/wp-json\/wp\/v2\/types\/product"}],"wp:featuredmedia":[{"embeddable":true,"href":"https:\/\/www.raschvin.com\/sv\/wp-json\/wp\/v2\/media\/55006"}],"wp:attachment":[{"href":"https:\/\/www.raschvin.com\/sv\/wp-json\/wp\/v2\/media?parent=54787"}],"wp:term":[{"taxonomy":"product_brand","embeddable":true,"href":"https:\/\/www.raschvin.com\/sv\/wp-json\/wp\/v2\/product_brand?post=54787"},{"taxonomy":"product_cat","embeddable":true,"href":"https:\/\/www.raschvin.com\/sv\/wp-json\/wp\/v2\/product_cat?post=54787"},{"taxonomy":"product_tag","embeddable":true,"href":"https:\/\/www.raschvin.com\/sv\/wp-json\/wp\/v2\/product_tag?post=54787"}],"curies":[{"name":"wp","href":"https:\/\/api.w.org\/{rel}","templated":true}]}}