{"id":54710,"date":"2024-05-18T16:21:18","date_gmt":"2024-05-18T14:21:18","guid":{"rendered":"https:\/\/www.raschvin.com\/produkt\/mr-no-sulfite-beaujolais-villages-2022-75-cl\/"},"modified":"2024-08-26T12:40:05","modified_gmt":"2024-08-26T10:40:05","slug":"mr-no-sulfite-beaujolais-villages-2022-75-cl","status":"publish","type":"product","link":"https:\/\/www.raschvin.com\/sv\/produkt\/mr-no-sulfite-beaujolais-villages-2022-75-cl\/","title":{"rendered":"Mr. No Sulfite Beaujolais Villages 2022 75 cl."},"content":{"rendered":"<p>Herr. Nej har mycket personlighet. De friska bl\u00e5b\u00e4rsnoterna leder till en h\u00e4rlig fruktig smak som har finess och st\u00f6ds av silkeslena tanniner.<\/p>\n<p>Lagras i 5-6 m\u00e5nader i rostfria tankar.<\/p>\n<p>Vinet ska avnjutas ungt, eftersom inneh\u00e5llet av naturliga sulfiter \u00e4r mycket l\u00e5gt. Observera att vinet inte \u00e4r filtrerat och d\u00e4rf\u00f6r kan sediment uppst\u00e5 i botten av flaskan.<\/p>\n<p>Vinf\u00f6retaget Maison Albert Bichot grundades av Bernard Bichot 1831 i den lilla staden Monthelie. Idag \u00e4r det sj\u00e4tte generationen i form av Alberic Bichot som driver f\u00f6retaget som har sitt s\u00e4te i Beaune strax utanf\u00f6r stadsmuren. Bichot representerar f\u00e4lt \u00f6ver hela Bourgogne och \u00e4r idag en av de st\u00f6rsta Bourgogne-export\u00f6rerna. Dessutom \u00e4ger Bichot de sex h\u00f6gt respekterade Domaines: Domaine Long-Depaquit i Chablis, Domaine Ad\u00e9lie i Mercurey, Domaine du Clos Frantin och Ch\u00e2teau Gris i Nuits-Saint-Georges, Domaine du Pavillon i Pommard och Domaine de Rochegr\u00e8s i Moulin- v\u00e4nta.<\/p>\n<p>Maison Albert Bichot best\u00e4mde sig f\u00f6r att st\u00e4lla om sin vinproduktion till ekologisk vinproduktion i b\u00f6rjan av 2000-talet. 2014 fick de sin ekologiska certifiering. Som svar p\u00e5 konsumenternas \u00f6kande efterfr\u00e5gan p\u00e5 s\u00e5 kallat naturvin kan Albert Bichot nu erbjuda Mr. Ingen sulfit fr\u00e5n Beaujolais Villages.<\/p>\n<p>Herr. No \u00e4r framst\u00e4lld av 100% Gamay-druvor och har inga tillsatta sulfiter eller j\u00e4st. Vinifieringen sker i 10 dagar i temperaturkontrollerade st\u00e5ltankar och lagras sedan i rostfria st\u00e5ltankar i 5 till 6 m\u00e5nader.<\/p>\n<p>Herr. Nej \u00e4r inte tillsatt sulfiter, inte tillsatt j\u00e4st, inte klarnat och inte filtrerad.<\/p>\n","protected":false},"excerpt":{"rendered":"<p>Maison Albert Bichot &#8211; France<\/p>\n","protected":false},"featured_media":54725,"template":"","meta":{"_acf_changed":false,"rs_blank_template":"","rs_page_bg_color":"","slide_template_v7":""},"product_brand":[],"product_cat":[2788,2798],"product_tag":[],"class_list":{"0":"post-54710","1":"product","2":"type-product","3":"status-publish","4":"has-post-thumbnail","6":"product_cat-vin-sv","7":"product_cat-roedvin-sv","8":"pa_aargang-2022-sv","9":"pa_drue-gamay-sv","10":"pa_land-frankrike","11":"pa_procent-13-sv","12":"pa_producent-albert-bichot-sv","13":"pa_producent-maison-albert-bichot-sv","14":"pa_region-beaujolais-sv","15":"pa_serveringstemperatur-16-18-sv","16":"pa_volume-75-sv","18":"first","19":"instock","20":"sale","21":"taxable","22":"shipping-taxable","23":"purchasable","24":"product-type-simple"},"bundled_by":[],"bundle_stock_status":"instock","bundle_stock_quantity":null,"bundle_virtual":false,"bundle_layout":"","bundle_add_to_cart_form_location":"","bundle_editable_in_cart":false,"bundle_sold_individually_context":"","bundle_item_grouping":"","bundle_min_size":"","bundle_max_size":"","bundle_price":[],"bundled_items":[],"bundle_sell_ids":[],"acf":[],"_links":{"self":[{"href":"https:\/\/www.raschvin.com\/sv\/wp-json\/wp\/v2\/product\/54710","targetHints":{"allow":["GET"]}}],"collection":[{"href":"https:\/\/www.raschvin.com\/sv\/wp-json\/wp\/v2\/product"}],"about":[{"href":"https:\/\/www.raschvin.com\/sv\/wp-json\/wp\/v2\/types\/product"}],"wp:featuredmedia":[{"embeddable":true,"href":"https:\/\/www.raschvin.com\/sv\/wp-json\/wp\/v2\/media\/54725"}],"wp:attachment":[{"href":"https:\/\/www.raschvin.com\/sv\/wp-json\/wp\/v2\/media?parent=54710"}],"wp:term":[{"taxonomy":"product_brand","embeddable":true,"href":"https:\/\/www.raschvin.com\/sv\/wp-json\/wp\/v2\/product_brand?post=54710"},{"taxonomy":"product_cat","embeddable":true,"href":"https:\/\/www.raschvin.com\/sv\/wp-json\/wp\/v2\/product_cat?post=54710"},{"taxonomy":"product_tag","embeddable":true,"href":"https:\/\/www.raschvin.com\/sv\/wp-json\/wp\/v2\/product_tag?post=54710"}],"curies":[{"name":"wp","href":"https:\/\/api.w.org\/{rel}","templated":true}]}}