{"id":54552,"date":"2024-05-10T07:44:23","date_gmt":"2024-05-10T05:44:23","guid":{"rendered":"https:\/\/www.raschvin.com\/produkt\/walcher-limoncello-fior-di-limone-eco-70-cl-15\/"},"modified":"2024-05-10T07:44:23","modified_gmt":"2024-05-10T05:44:23","slug":"walcher-limoncello-fior-di-limone-eco-70-cl-15","status":"publish","type":"product","link":"https:\/\/www.raschvin.com\/sv\/produkt\/walcher-limoncello-fior-di-limone-eco-70-cl-15\/","title":{"rendered":"Walcher Limoncello Fior di Limone (ECO) 70 cl. 15%"},"content":{"rendered":"<p>Fior di Limone \u00e4r Walchers svar p\u00e5 den perfekta lik\u00f6ren f\u00f6r Limincello Spritz. Genom att h\u00e5lla tillbaka p\u00e5 socker och alkohol uppn\u00e5r Fior de Limone en fr\u00e4sch\u00f6r som \u00e4r optimal f\u00f6r en sprits. Den rena lik\u00f6ren smakar som att bita igenom en f\u00e4rsk, outpressad ekologisk citron och \u00e4r perfekt att servera kyld (ej fryst) eller som en superl\u00e4cker uppfriskande ingrediens i cocktails.<\/p>\n<p>1966 grundade Alfons Walcher familjedestilleriet &#8221;Maso&#8221; i Turmbachhof i Alto Adige i Sydtyrolen. Destilleriet ligger n\u00e4ra Appiano p\u00e5 vinv\u00e4gen i Alto Adige, och platsen har varit i familjen i 9 generationer nu. Det var ocks\u00e5 h\u00e4r som Alfons Walcher destillerade sin f\u00f6rsta grappa och konjak &#8211; allt fr\u00e5n en liten gammaldags vattenkokare. Grappa och andra typer av sprit fr\u00e5n Walcher g\u00f6rs p\u00e5 druvor fr\u00e5n vinproducenten Alois Lageder, som de har samarbetat med i flera \u00e5r. Alto Adige-omr\u00e5det drar nytta av perfekta klimatf\u00f6rh\u00e5llanden \u2013 kombinationen av ca. 280 soliga dagar om \u00e5ret och svala n\u00e4tter g\u00f6r att druvorna h\u00e4r utvecklar en alldeles speciell komplexitet. Idag \u00e4r det sonen Theodor Walcher som ansvarar f\u00f6r destilleringen och produktionen p\u00e5 Walcher. Hans m\u00e5ng\u00e5riga expertis g\u00f6r att f\u00f6retagets produkter idag finns p\u00e5 hyllan av h\u00f6gsta kvalitet inom sprit. Familjen Walcher tillverkar b\u00e5de konventionella och ekologiska produkter. Det \u00e4r i f\u00f6rsta hand produkter som tillh\u00f6r den senare kategorin som vi har inkluderat i v\u00e5rt sortiment.<\/p>\n","protected":false},"excerpt":{"rendered":"<p>Italian Lemon Liqueur<\/p>\n","protected":false},"featured_media":54564,"template":"","meta":{"_acf_changed":false,"rs_blank_template":"","rs_page_bg_color":"","slide_template_v7":""},"product_brand":[],"product_cat":[2387,4670,2390],"product_tag":[],"class_list":{"0":"post-54552","1":"product","2":"type-product","3":"status-publish","4":"has-post-thumbnail","6":"product_cat-avec-sv","7":"product_cat-frukt","8":"product_cat-sprit","9":"pa_land-italien-sv","10":"pa_oekologisk-yes-sv","11":"pa_procent-15-sv","12":"pa_producent-walcher-sv","13":"pa_volume-70-sv-2","15":"first","16":"instock","17":"sale","18":"taxable","19":"shipping-taxable","20":"purchasable","21":"product-type-simple"},"bundled_by":[],"bundle_stock_status":"instock","bundle_stock_quantity":null,"bundle_virtual":false,"bundle_layout":"","bundle_add_to_cart_form_location":"","bundle_editable_in_cart":false,"bundle_sold_individually_context":"","bundle_item_grouping":"","bundle_min_size":"","bundle_max_size":"","bundle_price":[],"bundled_items":[],"bundle_sell_ids":[],"acf":[],"_links":{"self":[{"href":"https:\/\/www.raschvin.com\/sv\/wp-json\/wp\/v2\/product\/54552","targetHints":{"allow":["GET"]}}],"collection":[{"href":"https:\/\/www.raschvin.com\/sv\/wp-json\/wp\/v2\/product"}],"about":[{"href":"https:\/\/www.raschvin.com\/sv\/wp-json\/wp\/v2\/types\/product"}],"wp:featuredmedia":[{"embeddable":true,"href":"https:\/\/www.raschvin.com\/sv\/wp-json\/wp\/v2\/media\/54564"}],"wp:attachment":[{"href":"https:\/\/www.raschvin.com\/sv\/wp-json\/wp\/v2\/media?parent=54552"}],"wp:term":[{"taxonomy":"product_brand","embeddable":true,"href":"https:\/\/www.raschvin.com\/sv\/wp-json\/wp\/v2\/product_brand?post=54552"},{"taxonomy":"product_cat","embeddable":true,"href":"https:\/\/www.raschvin.com\/sv\/wp-json\/wp\/v2\/product_cat?post=54552"},{"taxonomy":"product_tag","embeddable":true,"href":"https:\/\/www.raschvin.com\/sv\/wp-json\/wp\/v2\/product_tag?post=54552"}],"curies":[{"name":"wp","href":"https:\/\/api.w.org\/{rel}","templated":true}]}}