{"id":54546,"date":"2024-05-10T07:23:58","date_gmt":"2024-05-10T05:23:58","guid":{"rendered":"https:\/\/www.raschvin.com\/produkt\/walcher-veneziano-organic-spritz-eco-70-cl-13\/"},"modified":"2024-05-10T07:23:58","modified_gmt":"2024-05-10T05:23:58","slug":"walcher-veneziano-organic-spritz-eco-70-cl-13","status":"publish","type":"product","link":"https:\/\/www.raschvin.com\/sv\/produkt\/walcher-veneziano-organic-spritz-eco-70-cl-13\/","title":{"rendered":"Walcher Veneziano Organic Spritz (ECO) 70 cl. 13%"},"content":{"rendered":"<p>Veneziano Spritz 13% \u00e4r en italiensk aperitivo eller bitter, som \u00e4r ett ekologiskt alternativ till den apelsindryck du ser p\u00e5 m\u00e5nga kaf\u00e9er och restauranger.<br \/>\nSpritzdrycker har funnits ett tag, men denna ekologiska variant f\u00e5r \u00e4ngarna att sjunga, gjorda p\u00e5 olika italienska \u00f6rter, apelsin och med en inslag av rabarber, denna dryck utg\u00f6r grunden f\u00f6r m\u00e5nga trevliga stunder. Blanda den med mousserande vatten, eller i den popul\u00e4ra spritsen med 2 delar Veniziano Spritz, 3 delar mousserande vin (g\u00e4rna ekologiskt och italienskt) och 1 del mousserande vatten. H\u00e4ll upp allt i ett vinglas fyllt med is och r\u00f6r om l\u00e4tt, garnera med en apelsinskiva.<\/p>\n<p>1966 grundade Alfons Walcher familjedestilleriet &#8221;Maso&#8221; i Turmbachhof i Alto Adige i Sydtyrolen. Destilleriet ligger n\u00e4ra Appiano p\u00e5 vinv\u00e4gen i Alto Adige, och platsen har varit i familjen i 9 generationer nu. Det var ocks\u00e5 h\u00e4r som Alfons Walcher destillerade sin f\u00f6rsta grappa och konjak &#8211; allt fr\u00e5n en liten gammaldags vattenkokare. Grappa och andra typer av sprit fr\u00e5n Walcher g\u00f6rs p\u00e5 druvor fr\u00e5n vinproducenten Alois Lageder, som de har samarbetat med i flera \u00e5r. Alto Adige-omr\u00e5det drar nytta av perfekta klimatf\u00f6rh\u00e5llanden \u2013 kombinationen av ca. 280 soliga dagar om \u00e5ret och svala n\u00e4tter g\u00f6r att druvorna h\u00e4r utvecklar en alldeles speciell komplexitet. Idag \u00e4r det sonen Theodor Walcher som ansvarar f\u00f6r destilleringen och produktionen p\u00e5 Walcher. Hans m\u00e5ng\u00e5riga expertis g\u00f6r att f\u00f6retagets produkter idag finns p\u00e5 hyllan av h\u00f6gsta kvalitet inom sprit. Familjen Walcher tillverkar b\u00e5de konventionella och ekologiska produkter. Det \u00e4r i f\u00f6rsta hand produkter som tillh\u00f6r den senare kategorin som vi har inkluderat i v\u00e5rt sortiment.<\/p>\n","protected":false},"excerpt":{"rendered":"<p>Apertivo Italy<\/p>\n","protected":false},"featured_media":54561,"template":"","meta":{"_acf_changed":false,"rs_blank_template":"","rs_page_bg_color":"","slide_template_v7":""},"product_brand":[],"product_cat":[2387,2743,4670,2390,2394],"product_tag":[],"class_list":{"0":"post-54546","1":"product","2":"type-product","3":"status-publish","4":"has-post-thumbnail","6":"product_cat-avec-sv","7":"product_cat-brannvin-sv","8":"product_cat-frukt","9":"product_cat-sprit","10":"product_cat-bitter-sv","11":"pa_land-italien-sv","12":"pa_oekologisk-yes-sv","13":"pa_procent-13-sv","14":"pa_producent-walcher-sv","15":"pa_volume-70-sv-2","17":"first","18":"instock","19":"sale","20":"taxable","21":"shipping-taxable","22":"purchasable","23":"product-type-simple"},"bundled_by":[],"bundle_stock_status":"instock","bundle_stock_quantity":null,"bundle_virtual":false,"bundle_layout":"","bundle_add_to_cart_form_location":"","bundle_editable_in_cart":false,"bundle_sold_individually_context":"","bundle_item_grouping":"","bundle_min_size":"","bundle_max_size":"","bundle_price":[],"bundled_items":[],"bundle_sell_ids":[],"acf":[],"_links":{"self":[{"href":"https:\/\/www.raschvin.com\/sv\/wp-json\/wp\/v2\/product\/54546","targetHints":{"allow":["GET"]}}],"collection":[{"href":"https:\/\/www.raschvin.com\/sv\/wp-json\/wp\/v2\/product"}],"about":[{"href":"https:\/\/www.raschvin.com\/sv\/wp-json\/wp\/v2\/types\/product"}],"wp:featuredmedia":[{"embeddable":true,"href":"https:\/\/www.raschvin.com\/sv\/wp-json\/wp\/v2\/media\/54561"}],"wp:attachment":[{"href":"https:\/\/www.raschvin.com\/sv\/wp-json\/wp\/v2\/media?parent=54546"}],"wp:term":[{"taxonomy":"product_brand","embeddable":true,"href":"https:\/\/www.raschvin.com\/sv\/wp-json\/wp\/v2\/product_brand?post=54546"},{"taxonomy":"product_cat","embeddable":true,"href":"https:\/\/www.raschvin.com\/sv\/wp-json\/wp\/v2\/product_cat?post=54546"},{"taxonomy":"product_tag","embeddable":true,"href":"https:\/\/www.raschvin.com\/sv\/wp-json\/wp\/v2\/product_tag?post=54546"}],"curies":[{"name":"wp","href":"https:\/\/api.w.org\/{rel}","templated":true}]}}