{"id":54470,"date":"2024-05-09T08:41:41","date_gmt":"2024-05-09T06:41:41","guid":{"rendered":"https:\/\/www.raschvin.com\/produkt\/hell-or-high-water-spiced-70-cl-38\/"},"modified":"2024-05-09T08:41:41","modified_gmt":"2024-05-09T06:41:41","slug":"hell-or-high-water-spiced-70-cl-38","status":"publish","type":"product","link":"https:\/\/www.raschvin.com\/sv\/produkt\/hell-or-high-water-spiced-70-cl-38\/","title":{"rendered":"Hell or High Water Spiced 70 cl. 38%"},"content":{"rendered":"<p>Come Hell or High Water Spiced (38 % volym) \u00e4r skapad med den finaste karibiska rommen fr\u00e5n West Indies Rum Distillery i Barbados, Alcoholes Finos Dominicanos i Dominikanska republiken och Demerara Distillers i Guyana. Denna balanserade, kolonndestillerade blandning skapar en perfekt bas f\u00f6r v\u00e5ra exotiska kryddor att skina igenom. Come Hell or High Water Spiced blandas konstfullt med l\u00e4ckra kryddor som vanilj, kanel, kardemumma, anis och koriander. Den \u00e4r m\u00f6rk och smakrik, samtidigt som den levererar den karakteristiska l\u00e5nga, lena finishen.<\/p>\n<p>SMAKANM\u00c4RKNINGAR: Come Hell or High Water Spiced visar den m\u00f6rkt r\u00f6dbruna f\u00e4rgen p\u00e5 kanelbark. Dofter av rik vanilj, kanel och muskot \u00e4r fram\u00e5t men \u00e4nd\u00e5 behagligt mjuka. Den initiala smaken \u00e4r av vanilj och kola, med tillr\u00e4ckligt med kryddor f\u00f6r att fungera bra i cola eller klassiska cocktails. Signaturfinishen \u00e4r l\u00e5ng och sl\u00e4t.<\/p>\n<p>F\u00e4rg: Mahogny.<br \/>\nDoft: Intensiv doft av sm\u00e4lt sm\u00f6r, vanilj och ek.<br \/>\nSmaknoter: Stor s\u00f6tma och toner av kola, banan, kryddpeppar, kryddnejlika och vanilj. L\u00e5ng, v\u00e4rmande eftersmak.<\/p>\n<p>Hell or High Water \u00e4r en romserie med noggrant sammansatta blandningar av rom fr\u00e5n Guyana, Barbados, Jamaica och Dominikanska republiken. Uttrycket &#8221;come hell or high water&#8221; betyder att du kommer att g\u00f6ra allt f\u00f6r att n\u00e5 ditt m\u00e5l, oavsett vilka hinder du st\u00f6ter p\u00e5. Det \u00e4r d\u00e5 klart att varje f\u00f6retag upplever sina upp- och nedg\u00e5ngar, men de tv\u00e5 pojkarna, Olli och Jouko, har f\u00f6rmodligen haft oproportionerligt m\u00e5nga av de senare. De n\u00e4mner bland annat en brand i produktionsanl\u00e4ggningen, en jordb\u00e4vning, att vara n\u00e4ra konkurs ett dussin g\u00e5nger och en n\u00e4ra-d\u00f6den-upplevelse (vad??)&#8230;<\/p>\n<p>Hell or High Water representerar denna l\u00e5nga resa genom alla typer av utmaningar \u2013 och som man s\u00e4ger: &#8221;A rough journey makes a smooth rom&#8221;.<\/p>\n","protected":false},"excerpt":{"rendered":"<p>Barbados\/Dominican Republic\/Guyana Premium Blended Rum<\/p>\n","protected":false},"featured_media":54521,"template":"","meta":{"_acf_changed":false,"rs_blank_template":"","rs_page_bg_color":"","slide_template_v7":""},"product_brand":[],"product_cat":[2387,2391,4631],"product_tag":[],"class_list":{"0":"post-54470","1":"product","2":"type-product","3":"status-publish","4":"has-post-thumbnail","6":"product_cat-avec-sv","7":"product_cat-rom-sv","8":"product_cat-spiced-sv","9":"pa_land-barbados-sv","10":"pa_land-dominikanska-republiken","11":"pa_land-guyana-sv","12":"pa_procent-38-sv","13":"pa_producent-one-eyed-spirits-sv","14":"pa_volume-70-sv-2","16":"first","17":"instock","18":"sale","19":"taxable","20":"shipping-taxable","21":"purchasable","22":"product-type-simple"},"bundled_by":[],"bundle_stock_status":"instock","bundle_stock_quantity":null,"bundle_virtual":false,"bundle_layout":"","bundle_add_to_cart_form_location":"","bundle_editable_in_cart":false,"bundle_sold_individually_context":"","bundle_item_grouping":"","bundle_min_size":"","bundle_max_size":"","bundle_price":[],"bundled_items":[],"bundle_sell_ids":[],"acf":[],"_links":{"self":[{"href":"https:\/\/www.raschvin.com\/sv\/wp-json\/wp\/v2\/product\/54470","targetHints":{"allow":["GET"]}}],"collection":[{"href":"https:\/\/www.raschvin.com\/sv\/wp-json\/wp\/v2\/product"}],"about":[{"href":"https:\/\/www.raschvin.com\/sv\/wp-json\/wp\/v2\/types\/product"}],"wp:featuredmedia":[{"embeddable":true,"href":"https:\/\/www.raschvin.com\/sv\/wp-json\/wp\/v2\/media\/54521"}],"wp:attachment":[{"href":"https:\/\/www.raschvin.com\/sv\/wp-json\/wp\/v2\/media?parent=54470"}],"wp:term":[{"taxonomy":"product_brand","embeddable":true,"href":"https:\/\/www.raschvin.com\/sv\/wp-json\/wp\/v2\/product_brand?post=54470"},{"taxonomy":"product_cat","embeddable":true,"href":"https:\/\/www.raschvin.com\/sv\/wp-json\/wp\/v2\/product_cat?post=54470"},{"taxonomy":"product_tag","embeddable":true,"href":"https:\/\/www.raschvin.com\/sv\/wp-json\/wp\/v2\/product_tag?post=54470"}],"curies":[{"name":"wp","href":"https:\/\/api.w.org\/{rel}","templated":true}]}}