{"id":54467,"date":"2024-05-09T08:27:48","date_gmt":"2024-05-09T06:27:48","guid":{"rendered":"https:\/\/www.raschvin.com\/produkt\/hell-or-high-water-reserva-70-cl-40\/"},"modified":"2024-05-09T08:27:48","modified_gmt":"2024-05-09T06:27:48","slug":"hell-or-high-water-reserva-70-cl-40","status":"publish","type":"product","link":"https:\/\/www.raschvin.com\/sv\/produkt\/hell-or-high-water-reserva-70-cl-40\/","title":{"rendered":"Hell or High Water Reserva 70 cl. 40%"},"content":{"rendered":"<p>Den exceptionellt v\u00e4lbalanserade och smidiga Come Hell eller High Water Reserva (40 % abv) \u00e4r en egenutvecklad blandning av super premium rom fr\u00e5n Barbados, Trinidad och Dominikanska republiken. Blandningen inneh\u00e5ller handutvald kruka och kolonnrom lagrad upp till 8 \u00e5r p\u00e5 amerikanska ekfat som tidigare anv\u00e4ndes f\u00f6r bourbon.<\/p>\n<p>SMAKANM\u00c4RKNINGAR: F\u00e4rgen \u00e4r gyllene med iriserande kopparnyanser. Den ursprungliga aromen p\u00e5minner om en \u00e5ldrande k\u00e4llare med toner av f\u00f6rkolnad ek, rostade n\u00f6tter och f\u00e4rska sockerr\u00f6r. V\u00e4l i gommen levererar Come Hell eller High Water Reserva det aromatiska l\u00f6ftet, med lager av s\u00f6tt tr\u00e4 sammanfl\u00e4tat med farinsocker och sm\u00f6rkola, allt harmoniskt balanserat. Finishen \u00e4r l\u00e5ng och sl\u00e4t, helt enkelt perfekt.<\/p>\n<p>Hell or High Water Reserva \u00e4r en blandning av melassrom fr\u00e5n 4 karibiska regioner. Det \u00e4r ett nytt varum\u00e4rke fr\u00e5n det oberoende f\u00f6retaget One Eyed Spirits, som har varit i rombranschen i 10 \u00e5r.<\/p>\n<p>Rommen destilleras i pot stills och column stills och v\u00e4ljs p\u00e5 Barbados, Trinidad, Guyana och Jamaica. De lagras i upp till 8 \u00e5r p\u00e5 amerikanska ekfat som tidigare har inneh\u00e5llit bourbon. Dessa rom \u00e4r noggrant blandade och buteljerade i Nederl\u00e4nderna.<\/p>\n<p>Hell or High Water \u00e4r en romserie med noggrant sammansatta blandningar av rom fr\u00e5n Guyana, Barbados, Jamaica och Dominikanska republiken. Uttrycket &#8221;come hell or high water&#8221; betyder att du kommer att g\u00f6ra allt f\u00f6r att n\u00e5 ditt m\u00e5l, oavsett vilka hinder du st\u00f6ter p\u00e5. Det \u00e4r d\u00e5 klart att varje f\u00f6retag upplever sina upp- och nedg\u00e5ngar, men de tv\u00e5 pojkarna, Olli och Jouko, har f\u00f6rmodligen haft oproportionerligt m\u00e5nga av de senare. De n\u00e4mner bland annat en brand i produktionsanl\u00e4ggningen, en jordb\u00e4vning, att vara n\u00e4ra konkurs ett dussin g\u00e5nger och en n\u00e4ra-d\u00f6den-upplevelse (vad??)&#8230;<\/p>\n<p>Hell or High Water representerar denna l\u00e5nga resa genom alla typer av utmaningar \u2013 och som man s\u00e4ger: &#8221;A rough journey makes a smooth rom&#8221;.<\/p>\n<p>Gamle Ron de Jeremy Reserva<\/p>\n","protected":false},"excerpt":{"rendered":"<p>Barbados\/Trinidad\/Jamaica\/Guyana Premium Blended Rum<\/p>\n","protected":false},"featured_media":54527,"template":"","meta":{"_acf_changed":false,"rs_blank_template":"","rs_page_bg_color":"","slide_template_v7":""},"product_brand":[],"product_cat":[2387,6188,4634,2391],"product_tag":[],"class_list":{"0":"post-54467","1":"product","2":"type-product","3":"status-publish","4":"has-post-thumbnail","6":"product_cat-avec-sv","7":"product_cat-gold-sv","8":"product_cat-premium-aged-sv","9":"product_cat-rom-sv","10":"pa_land-barbados-sv","11":"pa_land-guyana-sv","12":"pa_land-jamaica-sv","13":"pa_land-trinidad-sv","14":"pa_procent-40-sv-2","15":"pa_producent-one-eyed-spirits-sv","16":"pa_volume-70-sv-2","18":"first","19":"instock","20":"taxable","21":"shipping-taxable","22":"purchasable","23":"product-type-simple"},"bundled_by":[],"bundle_stock_status":"instock","bundle_stock_quantity":null,"bundle_virtual":false,"bundle_layout":"","bundle_add_to_cart_form_location":"","bundle_editable_in_cart":false,"bundle_sold_individually_context":"","bundle_item_grouping":"","bundle_min_size":"","bundle_max_size":"","bundle_price":[],"bundled_items":[],"bundle_sell_ids":[],"acf":[],"_links":{"self":[{"href":"https:\/\/www.raschvin.com\/sv\/wp-json\/wp\/v2\/product\/54467","targetHints":{"allow":["GET"]}}],"collection":[{"href":"https:\/\/www.raschvin.com\/sv\/wp-json\/wp\/v2\/product"}],"about":[{"href":"https:\/\/www.raschvin.com\/sv\/wp-json\/wp\/v2\/types\/product"}],"wp:featuredmedia":[{"embeddable":true,"href":"https:\/\/www.raschvin.com\/sv\/wp-json\/wp\/v2\/media\/54527"}],"wp:attachment":[{"href":"https:\/\/www.raschvin.com\/sv\/wp-json\/wp\/v2\/media?parent=54467"}],"wp:term":[{"taxonomy":"product_brand","embeddable":true,"href":"https:\/\/www.raschvin.com\/sv\/wp-json\/wp\/v2\/product_brand?post=54467"},{"taxonomy":"product_cat","embeddable":true,"href":"https:\/\/www.raschvin.com\/sv\/wp-json\/wp\/v2\/product_cat?post=54467"},{"taxonomy":"product_tag","embeddable":true,"href":"https:\/\/www.raschvin.com\/sv\/wp-json\/wp\/v2\/product_tag?post=54467"}],"curies":[{"name":"wp","href":"https:\/\/api.w.org\/{rel}","templated":true}]}}