{"id":54464,"date":"2024-05-09T08:13:17","date_gmt":"2024-05-09T06:13:17","guid":{"rendered":"https:\/\/www.raschvin.com\/produkt\/hell-or-high-water-xo-70-cl-40\/"},"modified":"2024-05-09T08:19:33","modified_gmt":"2024-05-09T06:19:33","slug":"hell-or-high-water-xo-70-cl-40","status":"publish","type":"product","link":"https:\/\/www.raschvin.com\/sv\/produkt\/hell-or-high-water-xo-70-cl-40\/","title":{"rendered":"Hell or High Water XO 70 cl. 40%"},"content":{"rendered":"<p>Come Hell or High Water XO \u00e4r en s\u00f6t och fyllig rom skapad av One Eyed Spirits. Bakom sj\u00e4lva rommen st\u00e5r Don Pancho Fernandez, en sann romlegend med 50 \u00e5rs erfarenhet som m\u00e4starblandare! Han har skapat den perfekta blandningen best\u00e5ende av destillat fr\u00e5n Barbados, Guyana, Trinidad och Jamaica. Ingen d\u00e5lig utg\u00e5ngspunkt! Rommen lagras i upp till 15 \u00e5r p\u00e5 amerikanska ekfat som tidigare har inneh\u00e5llit bourbon.<\/p>\n<p>F\u00e4rg: Amber.<br \/>\nDoft: P\u00e5 n\u00e4san \u00e4r rommen mjuk och rund men ocks\u00e5 ganska koncentrerad, med toner av karamelliserat socker, jordn\u00f6tssm\u00f6r och mj\u00f6lkchoklad.<br \/>\nSmaknoter: Fet munk\u00e4nsla och stor s\u00f6tma. Noter av russin, choklad och fudge.<\/p>\n<p>Serveringsf\u00f6rslag: Kan avnjutas snyggt eller i cocktails.<\/p>\n<p>Hell or High Water \u00e4r en romserie med noggrant sammansatta blandningar av rom fr\u00e5n Guyana, Barbados, Jamaica och Dominikanska republiken. Uttrycket &#8221;come hell or high water&#8221; betyder att du kommer att g\u00f6ra allt f\u00f6r att n\u00e5 ditt m\u00e5l, oavsett vilka hinder du st\u00f6ter p\u00e5. Det \u00e4r d\u00e5 klart att varje f\u00f6retag upplever sina upp- och nedg\u00e5ngar, men de tv\u00e5 pojkarna, Olli och Jouko, har f\u00f6rmodligen haft oproportionerligt m\u00e5nga av de senare. De n\u00e4mner bland annat en brand i produktionsanl\u00e4ggningen, en jordb\u00e4vning, att vara n\u00e4ra konkurs ett dussin g\u00e5nger och en n\u00e4ra-d\u00f6den-upplevelse (vad??)&#8230;<\/p>\n<p>Hell or High Water representerar denna l\u00e5nga resa genom alla typer av utmaningar \u2013 och som man s\u00e4ger: &#8221;A rough journey makes a smooth rom&#8221;.<\/p>\n<p>Gamle Ron de Jeremy XO<\/p>\n","protected":false},"excerpt":{"rendered":"<p>Barbados\/Trinidad\/Jamaica\/Guyana Premium Blended Rum<\/p>\n","protected":false},"featured_media":54476,"template":"","meta":{"_acf_changed":false,"rs_blank_template":"","rs_page_bg_color":"","slide_template_v7":""},"product_brand":[],"product_cat":[2387,4634,2391],"product_tag":[],"class_list":{"0":"post-54464","1":"product","2":"type-product","3":"status-publish","4":"has-post-thumbnail","6":"product_cat-avec-sv","7":"product_cat-premium-aged-sv","8":"product_cat-rom-sv","9":"pa_land-barbados-sv","10":"pa_land-guyana-sv","11":"pa_land-jamaica-sv","12":"pa_land-trinidad-sv","13":"pa_procent-40-sv-2","14":"pa_producent-one-eyed-spirits-sv","15":"pa_volume-70-sv-2","17":"first","18":"instock","19":"sale","20":"taxable","21":"shipping-taxable","22":"purchasable","23":"product-type-simple"},"bundled_by":[],"bundle_stock_status":"instock","bundle_stock_quantity":null,"bundle_virtual":false,"bundle_layout":"","bundle_add_to_cart_form_location":"","bundle_editable_in_cart":false,"bundle_sold_individually_context":"","bundle_item_grouping":"","bundle_min_size":"","bundle_max_size":"","bundle_price":[],"bundled_items":[],"bundle_sell_ids":[],"acf":[],"_links":{"self":[{"href":"https:\/\/www.raschvin.com\/sv\/wp-json\/wp\/v2\/product\/54464","targetHints":{"allow":["GET"]}}],"collection":[{"href":"https:\/\/www.raschvin.com\/sv\/wp-json\/wp\/v2\/product"}],"about":[{"href":"https:\/\/www.raschvin.com\/sv\/wp-json\/wp\/v2\/types\/product"}],"wp:featuredmedia":[{"embeddable":true,"href":"https:\/\/www.raschvin.com\/sv\/wp-json\/wp\/v2\/media\/54476"}],"wp:attachment":[{"href":"https:\/\/www.raschvin.com\/sv\/wp-json\/wp\/v2\/media?parent=54464"}],"wp:term":[{"taxonomy":"product_brand","embeddable":true,"href":"https:\/\/www.raschvin.com\/sv\/wp-json\/wp\/v2\/product_brand?post=54464"},{"taxonomy":"product_cat","embeddable":true,"href":"https:\/\/www.raschvin.com\/sv\/wp-json\/wp\/v2\/product_cat?post=54464"},{"taxonomy":"product_tag","embeddable":true,"href":"https:\/\/www.raschvin.com\/sv\/wp-json\/wp\/v2\/product_tag?post=54464"}],"curies":[{"name":"wp","href":"https:\/\/api.w.org\/{rel}","templated":true}]}}