{"id":54268,"date":"2024-05-06T13:39:29","date_gmt":"2024-05-06T11:39:29","guid":{"rendered":"https:\/\/www.raschvin.com\/produkt\/martin-millers-9-moons-barrel-aged-gin-35-cl-40\/"},"modified":"2024-05-06T13:39:29","modified_gmt":"2024-05-06T11:39:29","slug":"martin-millers-9-moons-barrel-aged-gin-35-cl-40","status":"publish","type":"product","link":"https:\/\/www.raschvin.com\/sv\/produkt\/martin-millers-9-moons-barrel-aged-gin-35-cl-40\/","title":{"rendered":"Martin Miller\u2019s 9 Moons Barrel Aged Gin 35 cl. 40%"},"content":{"rendered":"<p>9 Moons \u00e4r Martin Millers f\u00f6rsta fatlagrade gin. Den \u00e4r baserad p\u00e5 klassiska Martin Miller&#8217;s Gin som \u00e4r uppbyggd kring enb\u00e4r, limeskal, kanel, lakritsrot och en rad andra utvalda v\u00e4xter. Denna redan suver\u00e4na gin lagras sedan i 9 m\u00e5nader p\u00e5 begagnade bourbonfat i f\u00f6retagets lager i Bolgarnes, Island. Den buteljeras som &#8221;single cask&#8221; till 40%, urvattnad med isl\u00e4ndskt k\u00e4llvatten.<\/p>\n<p>F\u00e4rg: Amber.<br \/>\nDoft: I doften tar enb\u00e4ret lite av ett baks\u00e4te och delar rampljuset med vanilj, l\u00f6nnsirap och peppar. Fina citrustoner ocks\u00e5.<br \/>\nSmaknoter: Kr\u00e4mig smak av citron, apelsin, vanilj och enb\u00e4r.<\/p>\n<p>Serveringsf\u00f6rslag: Njut av det snyggt, med tonic eller i cocktails.<\/p>\n<p>Martin Miller&#8217;s Gin lanserades 1999. Det \u00e4r d\u00e4rf\u00f6r ganska passande att erk\u00e4nna f\u00f6retaget som en av f\u00f6reg\u00e5ngarna till den moderna ginren\u00e4ssansen! Kvaliteten har varit p\u00e5 topp redan fr\u00e5n b\u00f6rjan, och centrerat kring en klassisk upps\u00e4ttning v\u00e4xter. Enb\u00e4ret st\u00e5r i fokus, flankerat av &#8221;the usual suspects&#8221; som korianderfr\u00f6n, vaktel, lakritsrot och limeskal. Snittet \u00e4r &#8221;s\u00e5 skarpt som en kostym fr\u00e5n Saville Row&#8221;. Martin Miller till\u00e5ter sig dock en ovanlig m\u00e4rklig lyx: vattnet \u00e4r isl\u00e4ndskt! Japp, ginen skickas helt enkelt till Island n\u00e4r den ska sp\u00e4das.<\/p>\n","protected":false},"excerpt":{"rendered":"<p>England \u2013 Iceland Dry Gin<\/p>\n","protected":false},"featured_media":54380,"template":"","meta":{"_acf_changed":false,"rs_blank_template":"","rs_page_bg_color":"","slide_template_v7":""},"product_brand":[],"product_cat":[6195,2404,2402],"product_tag":[],"class_list":{"0":"post-54268","1":"product","2":"type-product","3":"status-publish","4":"has-post-thumbnail","6":"product_cat-cask-aged-sv","7":"product_cat-gin-sv","8":"product_cat-sprit-sv","9":"pa_land-england-island-sv","10":"pa_procent-40-sv-2","11":"pa_producent-martin-millers-sv-2","12":"pa_traefad-bourbon-sv","13":"pa_volume-35-sv","15":"first","16":"instock","17":"sale","18":"taxable","19":"shipping-taxable","20":"purchasable","21":"product-type-simple"},"bundled_by":[],"bundle_stock_status":"instock","bundle_stock_quantity":null,"bundle_virtual":false,"bundle_layout":"","bundle_add_to_cart_form_location":"","bundle_editable_in_cart":false,"bundle_sold_individually_context":"","bundle_item_grouping":"","bundle_min_size":"","bundle_max_size":"","bundle_price":[],"bundled_items":[],"bundle_sell_ids":[],"acf":[],"_links":{"self":[{"href":"https:\/\/www.raschvin.com\/sv\/wp-json\/wp\/v2\/product\/54268","targetHints":{"allow":["GET"]}}],"collection":[{"href":"https:\/\/www.raschvin.com\/sv\/wp-json\/wp\/v2\/product"}],"about":[{"href":"https:\/\/www.raschvin.com\/sv\/wp-json\/wp\/v2\/types\/product"}],"wp:featuredmedia":[{"embeddable":true,"href":"https:\/\/www.raschvin.com\/sv\/wp-json\/wp\/v2\/media\/54380"}],"wp:attachment":[{"href":"https:\/\/www.raschvin.com\/sv\/wp-json\/wp\/v2\/media?parent=54268"}],"wp:term":[{"taxonomy":"product_brand","embeddable":true,"href":"https:\/\/www.raschvin.com\/sv\/wp-json\/wp\/v2\/product_brand?post=54268"},{"taxonomy":"product_cat","embeddable":true,"href":"https:\/\/www.raschvin.com\/sv\/wp-json\/wp\/v2\/product_cat?post=54268"},{"taxonomy":"product_tag","embeddable":true,"href":"https:\/\/www.raschvin.com\/sv\/wp-json\/wp\/v2\/product_tag?post=54268"}],"curies":[{"name":"wp","href":"https:\/\/api.w.org\/{rel}","templated":true}]}}