{"id":54265,"date":"2024-05-06T13:31:42","date_gmt":"2024-05-06T11:31:42","guid":{"rendered":"https:\/\/www.raschvin.com\/produkt\/martin-millers-gin-westbourne-strength-70-cl-452\/"},"modified":"2024-05-06T13:31:42","modified_gmt":"2024-05-06T11:31:42","slug":"martin-millers-gin-westbourne-strength-70-cl-452","status":"publish","type":"product","link":"https:\/\/www.raschvin.com\/sv\/produkt\/martin-millers-gin-westbourne-strength-70-cl-452\/","title":{"rendered":"Martin Miller\u2019s Gin Westbourne Strength 70 cl. 45,2%"},"content":{"rendered":"<p>Martin Millers Westbourne Strength Gin skapades f\u00f6r att tillfredsst\u00e4lla brittiska bartendrars t\u00f6rst efter en gin som kan g\u00f6ra ett st\u00e4nk i klassiska cocktails. I Westbourne-utg\u00e5van har Martin Miller skruvat upp de kryddiga tonerna fr\u00e5n kassiabark och muskotn\u00f6t, och \u00e4ven buteljerat det med en n\u00e5got h\u00f6gre styrka, 45,2 %, f\u00f6r att ge lite mer genomslag i bl\u00e5m\u00e4rken som negronis och martinez.<\/p>\n<p>F\u00e4rg: Klar.<br \/>\nDoft: Grapefrukt och apelsinmarmelad, kryddiga toner av enb\u00e4r, kanel och en touch av kardemumma.<br \/>\nSmaknoter: Mycket kraft i smaken. Enb\u00e4r framtill, med lime, kanel och mentol i k\u00f6lvattnet.<\/p>\n<p>Serveringsf\u00f6rslag: Kan avnjutas snyggt, med tonic eller i cocktails. Den utm\u00e4rker sig s\u00e4rskilt i klassiska cocktails, som drar nytta av starka gins &#8211; prova den till exempel i en Negroni!<\/p>\n<p>Martin Miller&#8217;s Gin lanserades 1999. Det \u00e4r d\u00e4rf\u00f6r ganska passande att erk\u00e4nna f\u00f6retaget som en av f\u00f6reg\u00e5ngarna till den moderna ginren\u00e4ssansen! Kvaliteten har varit p\u00e5 topp redan fr\u00e5n b\u00f6rjan, och centrerat kring en klassisk upps\u00e4ttning v\u00e4xter. Enb\u00e4ret st\u00e5r i fokus, flankerat av &#8221;the usual suspects&#8221; som korianderfr\u00f6n, vaktel, lakritsrot och limeskal. Snittet \u00e4r &#8221;s\u00e5 skarpt som en kostym fr\u00e5n Saville Row&#8221;. Martin Miller till\u00e5ter sig dock en ovanlig m\u00e4rklig lyx: vattnet \u00e4r isl\u00e4ndskt! Japp, ginen skickas helt enkelt till Island n\u00e4r den ska sp\u00e4das.<\/p>\n","protected":false},"excerpt":{"rendered":"<p>England \u2013 Iceland Dry Gin<\/p>\n","protected":false},"featured_media":54383,"template":"","meta":{"_acf_changed":false,"rs_blank_template":"","rs_page_bg_color":"","slide_template_v7":""},"product_brand":[],"product_cat":[4711,2404,2402],"product_tag":[],"class_list":{"0":"post-54265","1":"product","2":"type-product","3":"status-publish","4":"has-post-thumbnail","6":"product_cat-andra-gins","7":"product_cat-gin-sv","8":"product_cat-sprit-sv","9":"pa_land-england-island-sv","10":"pa_procent-45-2-sv","11":"pa_producent-martin-millers-sv-2","12":"pa_volume-70-sv-2","14":"first","15":"instock","16":"sale","17":"taxable","18":"shipping-taxable","19":"purchasable","20":"product-type-simple"},"bundled_by":[],"bundle_stock_status":"instock","bundle_stock_quantity":null,"bundle_virtual":false,"bundle_layout":"","bundle_add_to_cart_form_location":"","bundle_editable_in_cart":false,"bundle_sold_individually_context":"","bundle_item_grouping":"","bundle_min_size":"","bundle_max_size":"","bundle_price":[],"bundled_items":[],"bundle_sell_ids":[],"acf":[],"_links":{"self":[{"href":"https:\/\/www.raschvin.com\/sv\/wp-json\/wp\/v2\/product\/54265","targetHints":{"allow":["GET"]}}],"collection":[{"href":"https:\/\/www.raschvin.com\/sv\/wp-json\/wp\/v2\/product"}],"about":[{"href":"https:\/\/www.raschvin.com\/sv\/wp-json\/wp\/v2\/types\/product"}],"wp:featuredmedia":[{"embeddable":true,"href":"https:\/\/www.raschvin.com\/sv\/wp-json\/wp\/v2\/media\/54383"}],"wp:attachment":[{"href":"https:\/\/www.raschvin.com\/sv\/wp-json\/wp\/v2\/media?parent=54265"}],"wp:term":[{"taxonomy":"product_brand","embeddable":true,"href":"https:\/\/www.raschvin.com\/sv\/wp-json\/wp\/v2\/product_brand?post=54265"},{"taxonomy":"product_cat","embeddable":true,"href":"https:\/\/www.raschvin.com\/sv\/wp-json\/wp\/v2\/product_cat?post=54265"},{"taxonomy":"product_tag","embeddable":true,"href":"https:\/\/www.raschvin.com\/sv\/wp-json\/wp\/v2\/product_tag?post=54265"}],"curies":[{"name":"wp","href":"https:\/\/api.w.org\/{rel}","templated":true}]}}